{"id":754739,"date":"2025-08-28T06:19:32","date_gmt":"2025-08-28T03:19:32","guid":{"rendered":"https:\/\/roveyayinevi.com.tr\/index.php\/urun\/denizci\/"},"modified":"2026-04-08T03:15:24","modified_gmt":"2026-04-08T00:15:24","slug":"denizci","status":"publish","type":"product","link":"https:\/\/roveyayinevi.com.tr\/index.php\/urun\/denizci\/","title":{"rendered":"Denizci"},"content":{"rendered":"<p>Antik bir kale, d\u00f6rt fenerle ayd\u0131nlat\u0131lm\u0131\u015f karanl\u0131k bir oda, uzaktaki iki da\u011f\u0131n aras\u0131ndan g\u00f6r\u00fclen deniz, katafalkta bir ceset ve ba\u015f\u0131nda bekleyen \u00fc\u00e7 gen\u00e7 kad\u0131n. Minimal yap\u0131da kesin bir dille ifade edilmi\u015f tutku dolu, rahats\u0131z edici, gizemli ve \u015fiirsel bir Pessoa tragedyas\u0131.<\/p>\n","protected":false},"excerpt":{"rendered":"<p>Antik bir kale, d\u00f6rt fenerle ayd\u0131nlat\u0131lm\u0131\u015f karanl\u0131k bir oda, uzaktaki iki da\u011f\u0131n aras\u0131ndan g\u00f6r\u00fclen deniz, katafalkta bir ceset ve ba\u015f\u0131nda bekleyen \u00fc\u00e7 gen\u00e7 kad\u0131n. Minimal yap\u0131da<span class=\"excerpt-hellip\"> [\u2026]<\/span><\/p>\n","protected":false},"featured_media":0,"template":"","meta":{"_monsterinsights_skip_tracking":false,"_monsterinsights_sitenote_active":false,"_monsterinsights_sitenote_note":"","_monsterinsights_sitenote_category":0},"product_brand":[],"product_cat":[12291,12711],"product_tag":[],"class_list":{"0":"post-754739","1":"product","2":"type-product","3":"status-publish","5":"product_cat-edebiyat","6":"product_cat-roman-oyku","7":"pa_cilt-ciltsiz","8":"pa_tur-kitap","9":"pa_yayinevi-sel-yayincilik","10":"pa_yazar-fernando-pessoa","12":"first","13":"instock","14":"sale","15":"shipping-taxable","16":"purchasable","17":"product-type-simple"},"_links":{"self":[{"href":"https:\/\/roveyayinevi.com.tr\/index.php\/wp-json\/wp\/v2\/product\/754739","targetHints":{"allow":["GET"]}}],"collection":[{"href":"https:\/\/roveyayinevi.com.tr\/index.php\/wp-json\/wp\/v2\/product"}],"about":[{"href":"https:\/\/roveyayinevi.com.tr\/index.php\/wp-json\/wp\/v2\/types\/product"}],"wp:attachment":[{"href":"https:\/\/roveyayinevi.com.tr\/index.php\/wp-json\/wp\/v2\/media?parent=754739"}],"wp:term":[{"taxonomy":"product_brand","embeddable":true,"href":"https:\/\/roveyayinevi.com.tr\/index.php\/wp-json\/wp\/v2\/product_brand?post=754739"},{"taxonomy":"product_cat","embeddable":true,"href":"https:\/\/roveyayinevi.com.tr\/index.php\/wp-json\/wp\/v2\/product_cat?post=754739"},{"taxonomy":"product_tag","embeddable":true,"href":"https:\/\/roveyayinevi.com.tr\/index.php\/wp-json\/wp\/v2\/product_tag?post=754739"}],"curies":[{"name":"wp","href":"https:\/\/api.w.org\/{rel}","templated":true}]}}