{"id":754737,"date":"2025-08-28T06:19:29","date_gmt":"2025-08-28T03:19:29","guid":{"rendered":"https:\/\/roveyayinevi.com.tr\/index.php\/urun\/gecmisin-golgesi\/"},"modified":"2026-04-16T03:07:57","modified_gmt":"2026-04-16T00:07:57","slug":"gecmisin-golgesi","status":"publish","type":"product","link":"https:\/\/roveyayinevi.com.tr\/index.php\/urun\/gecmisin-golgesi\/","title":{"rendered":"Ge\u00e7mi\u015fin G\u00f6lgesi"},"content":{"rendered":"<p>Y\u00fczy\u0131llar \u00f6ncesinden gelen bir lanet ve so\u011fuk koridorlarda gezinen intikamc\u0131 bir ruh!   Y\u0131llar \u00f6nce ad\u0131n\u0131n kar\u0131\u015ft\u0131\u011f\u0131 skandal y\u00fcz\u00fcnden ait oldu\u011funu sand\u0131\u011f\u0131 toplumdan d\u0131\u015flanan Evelyn Rosewell\u2019in tek arzusu, ailesinin i\u00e7ine d\u00fc\u015ft\u00fc\u011f\u00fc maddi darbo\u011fazdan \u00e7\u0131kabilmesi i\u00e7in \u00fczerine d\u00fc\u015feni yapmakt\u0131r. Ancak daha fazla zarar g\u00f6rmesini istemeyen babas\u0131n\u0131n yapt\u0131\u011f\u0131 plan neticesinde kendini \u00e7ocukluk a\u015fk\u0131 ve ad\u0131n\u0131n kar\u0131\u015ft\u0131\u011f\u0131 skandal\u0131n di\u011fer ba\u015frol\u00fc olan adam\u0131n evinde g\u00f6n\u00fcll\u00fc bir refakat\u00e7i olarak bulacakt\u0131r. Eastbrook Kontu Cameron Alderhood, istirahatte olan annesi i\u00e7in arad\u0131\u011f\u0131 akl\u0131 ba\u015f\u0131nda refakat\u00e7iyi buldu\u011funu d\u00fc\u015f\u00fcnmektedir. Ne var ki Eastbrook Malikanesi\u2019ne ad\u0131m\u0131n\u0131 att\u0131\u011f\u0131 ilk g\u00fcnden beri esrarengiz olaylar\u0131n artmas\u0131na neden olan Evelyn\u2019in varl\u0131\u011f\u0131, huzurunu ka\u00e7\u0131rmaktad\u0131r. \u00dcstelik Cameron, r\u00fcyalar\u0131na giren ge\u00e7mi\u015f atalar\u0131n\u0131 delili\u011fe s\u00fcr\u00fckleyip \u00f6lmelerine neden olan lanetli varl\u0131\u011f\u0131n g\u00fcc\u00fcn\u00fcn ve kararl\u0131l\u0131\u011f\u0131n\u0131n artt\u0131\u011f\u0131n\u0131 hissetmektedir. Zaman ge\u00e7tik\u00e7e Evelyn ile Cameron kendilerini cevaplanmas\u0131 gereken onlarca soru ve kar\u015f\u0131 koyman\u0131n giderek zorla\u015ft\u0131\u011f\u0131 bir tutku f\u0131rt\u0131nas\u0131n\u0131n i\u00e7inde bulacakt\u0131r. Art\u0131k Cameron\u2019\u0131n ba\u015fl\u0131ca endi\u015fesi soyunu yok etmeye \u00e7al\u0131\u015fan laneti ortadan kald\u0131rmak de\u011fil, her ge\u00e7en g\u00fcn \u00f6fkeli varl\u0131\u011f\u0131n dikkatini daha fazla \u00e7eken Evelyn\u2019i kaybetmektir. Peki, Cameron, akl\u0131n\u0131 ka\u00e7\u0131r\u0131p hayat\u0131na son vermekten daha \u00e7ok korkutan bu durumdan kurtulabilecek midir?<\/p>\n","protected":false},"excerpt":{"rendered":"<p>Y\u00fczy\u0131llar \u00f6ncesinden gelen bir lanet ve so\u011fuk koridorlarda gezinen intikamc\u0131 bir ruh! Y\u0131llar \u00f6nce ad\u0131n\u0131n kar\u0131\u015ft\u0131\u011f\u0131 skandal y\u00fcz\u00fcnden ait oldu\u011funu sand\u0131\u011f\u0131 toplumdan d\u0131\u015flanan Evelyn Rosewell\u2019in tek<span class=\"excerpt-hellip\"> [\u2026]<\/span><\/p>\n","protected":false},"featured_media":0,"template":"","meta":{"_monsterinsights_skip_tracking":false,"_monsterinsights_sitenote_active":false,"_monsterinsights_sitenote_note":"","_monsterinsights_sitenote_category":0},"product_brand":[],"product_cat":[12291,12711],"product_tag":[],"class_list":{"0":"post-754737","1":"product","2":"type-product","3":"status-publish","5":"product_cat-edebiyat","6":"product_cat-roman-oyku","7":"pa_cilt-ciltsiz","8":"pa_tur-kitap","9":"pa_yayinevi-epsilon-yayinlari","10":"pa_yazar-rita-hunter","12":"first","13":"instock","14":"sale","15":"shipping-taxable","16":"purchasable","17":"product-type-simple"},"_links":{"self":[{"href":"https:\/\/roveyayinevi.com.tr\/index.php\/wp-json\/wp\/v2\/product\/754737","targetHints":{"allow":["GET"]}}],"collection":[{"href":"https:\/\/roveyayinevi.com.tr\/index.php\/wp-json\/wp\/v2\/product"}],"about":[{"href":"https:\/\/roveyayinevi.com.tr\/index.php\/wp-json\/wp\/v2\/types\/product"}],"wp:attachment":[{"href":"https:\/\/roveyayinevi.com.tr\/index.php\/wp-json\/wp\/v2\/media?parent=754737"}],"wp:term":[{"taxonomy":"product_brand","embeddable":true,"href":"https:\/\/roveyayinevi.com.tr\/index.php\/wp-json\/wp\/v2\/product_brand?post=754737"},{"taxonomy":"product_cat","embeddable":true,"href":"https:\/\/roveyayinevi.com.tr\/index.php\/wp-json\/wp\/v2\/product_cat?post=754737"},{"taxonomy":"product_tag","embeddable":true,"href":"https:\/\/roveyayinevi.com.tr\/index.php\/wp-json\/wp\/v2\/product_tag?post=754737"}],"curies":[{"name":"wp","href":"https:\/\/api.w.org\/{rel}","templated":true}]}}