{"id":754734,"date":"2025-08-28T06:19:22","date_gmt":"2025-08-28T03:19:22","guid":{"rendered":"https:\/\/roveyayinevi.com.tr\/index.php\/urun\/super-sons-2-kitap-yuksukotu-gorevi\/"},"modified":"2026-04-16T03:07:57","modified_gmt":"2026-04-16T00:07:57","slug":"super-sons-2-kitap-yuksukotu-gorevi","status":"publish","type":"product","link":"https:\/\/roveyayinevi.com.tr\/index.php\/urun\/super-sons-2-kitap-yuksukotu-gorevi\/","title":{"rendered":"S\u00fcper Sons 2. Kitap Y\u00fcks\u00fckotu G\u00f6revi"},"content":{"rendered":"<p>1. K\u0130TAP: KUTUP KALKANI PROJES\u0130 \u0130\u00c7\u0130N \u00d6VG\u00dcLER \u201cD\u00fcnyay\u0131 kurtarmakla ilgili merak uyand\u0131ran maceralardan ve s\u00fcper kahramanlarla ilgili hik\u00e2yelerden ho\u015flanan \u00e7ocuklar i\u00e7in.\u201d \u2013School Library Journal \u201cPearson ve Gonzalez\u2019in ikonik fig\u00fcrleri ele al\u0131\u015f\u0131 \u00e7ok e\u011flenceli, \u00f6zellikle de DC evrenini yeni ke\u015ffeden gen\u00e7 okuyucular i\u00e7in.\u201d \u2013Publishers Weekly Kutup Kalkan\u0131 Projesi\u2019nin ard\u0131ndan Jon Kent ve Damian \u201cIan\u201d Wayne firarda! Memleketleri harabeye d\u00f6nm\u00fc\u015f ve kahraman babalar\u0131n\u0131n yoklu\u011funda Jon ve Ian, Wyndemere ve Jon\u2019un annesi Lois Lane\u2019i tehdit eden \u00f6l\u00fcmc\u00fcl vir\u00fcs\u00fcn bir \u00f6rne\u011fini bulma g\u00f6revindedir. Bu arada Candace, varoldu\u011funu hi\u00e7 bilmedi\u011fi g\u00fc\u00e7l\u00fc yeteneklerinin kilidini a\u00e7arken kaderinin anahtar\u0131n\u0131 elinde tutan ipu\u00e7lar\u0131n\u0131 takip ediyor. \u00d6nlerindeki g\u00f6rev \u00fc\u00e7\u00fcn\u00fc ayr\u0131 yollara savurmakla tehdit ederken, ancak ekip \u00e7al\u0131\u015fmas\u0131 ve g\u00fcven sayesinde ba\u015far\u0131l\u0131 olabilirler. New York Times\u2019\u0131n en \u00e7ok satan yazar\u0131 Ridley Pearson (Kingdom Keepers) ve sanat\u00e7\u0131 Ile Gonzalez, bu aksiyon dolu son b\u00f6l\u00fcmde yeni ortamlar, yeni m\u00fcttefikler, k\u00f6t\u00fc adamlar ve yepyeni bir macera sunarken onlara e\u015flik edin! <\/p>\n","protected":false},"excerpt":{"rendered":"<p>1. K\u0130TAP: KUTUP KALKANI PROJES\u0130 \u0130\u00c7\u0130N \u00d6VG\u00dcLER \u201cD\u00fcnyay\u0131 kurtarmakla ilgili merak uyand\u0131ran maceralardan ve s\u00fcper kahramanlarla ilgili hik\u00e2yelerden ho\u015flanan \u00e7ocuklar i\u00e7in.\u201d \u2013School Library Journal \u201cPearson ve<span class=\"excerpt-hellip\"> [\u2026]<\/span><\/p>\n","protected":false},"featured_media":0,"template":"","meta":{"_monsterinsights_skip_tracking":false,"_monsterinsights_sitenote_active":false,"_monsterinsights_sitenote_note":"","_monsterinsights_sitenote_category":0},"product_brand":[],"product_cat":[12803,12291],"product_tag":[],"class_list":{"0":"post-754734","1":"product","2":"type-product","3":"status-publish","5":"product_cat-aksiyon-macera","6":"product_cat-edebiyat","7":"pa_cilt-ciltsiz","8":"pa_tur-kitap","9":"pa_yayinevi-dinozor-cocuk","10":"pa_yazar-ridley-pearson","12":"first","13":"instock","14":"sale","15":"shipping-taxable","16":"purchasable","17":"product-type-simple"},"_links":{"self":[{"href":"https:\/\/roveyayinevi.com.tr\/index.php\/wp-json\/wp\/v2\/product\/754734","targetHints":{"allow":["GET"]}}],"collection":[{"href":"https:\/\/roveyayinevi.com.tr\/index.php\/wp-json\/wp\/v2\/product"}],"about":[{"href":"https:\/\/roveyayinevi.com.tr\/index.php\/wp-json\/wp\/v2\/types\/product"}],"wp:attachment":[{"href":"https:\/\/roveyayinevi.com.tr\/index.php\/wp-json\/wp\/v2\/media?parent=754734"}],"wp:term":[{"taxonomy":"product_brand","embeddable":true,"href":"https:\/\/roveyayinevi.com.tr\/index.php\/wp-json\/wp\/v2\/product_brand?post=754734"},{"taxonomy":"product_cat","embeddable":true,"href":"https:\/\/roveyayinevi.com.tr\/index.php\/wp-json\/wp\/v2\/product_cat?post=754734"},{"taxonomy":"product_tag","embeddable":true,"href":"https:\/\/roveyayinevi.com.tr\/index.php\/wp-json\/wp\/v2\/product_tag?post=754734"}],"curies":[{"name":"wp","href":"https:\/\/api.w.org\/{rel}","templated":true}]}}