{"id":754733,"date":"2025-08-28T06:19:21","date_gmt":"2025-08-28T03:19:21","guid":{"rendered":"https:\/\/roveyayinevi.com.tr\/index.php\/urun\/cocukluguna-iyi-bak\/"},"modified":"2026-04-16T03:07:57","modified_gmt":"2026-04-16T00:07:57","slug":"cocukluguna-iyi-bak","status":"publish","type":"product","link":"https:\/\/roveyayinevi.com.tr\/index.php\/urun\/cocukluguna-iyi-bak\/","title":{"rendered":"\u00c7ocuklu\u011funa \u0130yi Bak"},"content":{"rendered":"<p>Yolu; kendinden ge\u00e7enlere&#8230; Y\u0131llard\u0131r \u00e7oksatan kitaplar aras\u0131nda yer alan ve ba\u015fvuru kitab\u0131 olarak g\u00f6sterilen B\u0130R\u0130M&#8217;in ard\u0131ndan Dr. Deniz \u015eim\u015fek bu kez okuru kendini anlama yolculu\u011funa \u00e7\u0131kar\u0131yor.\u00c7ocuklu\u011funa \u0130yi Bak; unutulan ki\u015fisel tarihe, kendinden bile sak\u0131n\u0131lan yaralara, ya\u015fam enerjisini s\u00f6m\u00fcren ili\u015fki modellerine, esiri olunmu\u015f hazlara, kusurlu sevginin yaratt\u0131\u011f\u0131 \u00e7\u0131kmazlara olduk\u00e7a cesur dokunu\u015flar yapan, fark\u0131ndal\u0131k dolu bir eser.Okurken i\u00e7 d\u00fcnyan\u0131z\u0131n labirentlerinde \u00f6nce kaybolacak ve ard\u0131ndan do\u011fdu\u011funuz co\u011frafyayla, k\u00fclt\u00fcr\u00fcn\u00fczle, ebeveynlerinizle yeniden kar\u015f\u0131la\u015facak, kendinizi yeniden bulacaks\u0131n\u0131z. \u00c7ocuklu\u011funuza bakt\u0131k\u00e7a bug\u00fcnk\u00fc se\u00e7imlerinizi, a\u015fklar\u0131n\u0131z\u0131, mesle\u011finizi, e\u015finizi, dostunuzu ba\u015fka bir pencereden g\u00f6recek ve sizin hayat\u0131n\u0131zda olu\u015flar\u0131n\u0131n bir tesad\u00fcf olmad\u0131\u011f\u0131n\u0131 fark edeceksiniz.Dr. Deniz \u015eim\u015fek\u2019in birlikte iyile\u015fmek ad\u0131na kaleme ald\u0131\u011f\u0131 d\u00f6n\u00fc\u015f\u00fcm\u00fcn ilk ad\u0131m\u0131 olan bu kitap, sizi size hediye etmek  niyetiyle yaz\u0131ld\u0131.Peki, ya sizler bu hediyeyi almaya haz\u0131r m\u0131s\u0131n\u0131z?<\/p>\n","protected":false},"excerpt":{"rendered":"<p>Yolu; kendinden ge\u00e7enlere&#8230; Y\u0131llard\u0131r \u00e7oksatan kitaplar aras\u0131nda yer alan ve ba\u015fvuru kitab\u0131 olarak g\u00f6sterilen B\u0130R\u0130M&#8217;in ard\u0131ndan Dr. Deniz \u015eim\u015fek bu kez okuru kendini anlama yolculu\u011funa \u00e7\u0131kar\u0131yor.\u00c7ocuklu\u011funa<span class=\"excerpt-hellip\"> [\u2026]<\/span><\/p>\n","protected":false},"featured_media":0,"template":"","meta":{"_monsterinsights_skip_tracking":false,"_monsterinsights_sitenote_active":false,"_monsterinsights_sitenote_note":"","_monsterinsights_sitenote_category":0},"product_brand":[],"product_cat":[12357],"product_tag":[],"class_list":{"0":"post-754733","1":"product","2":"type-product","3":"status-publish","5":"product_cat-psikoloji","6":"pa_cilt-ciltsiz","7":"pa_tur-kitap","8":"pa_yayinevi-nemesis-kitap","9":"pa_yazar-deniz-simsek","11":"first","12":"instock","13":"sale","14":"shipping-taxable","15":"purchasable","16":"product-type-simple"},"_links":{"self":[{"href":"https:\/\/roveyayinevi.com.tr\/index.php\/wp-json\/wp\/v2\/product\/754733","targetHints":{"allow":["GET"]}}],"collection":[{"href":"https:\/\/roveyayinevi.com.tr\/index.php\/wp-json\/wp\/v2\/product"}],"about":[{"href":"https:\/\/roveyayinevi.com.tr\/index.php\/wp-json\/wp\/v2\/types\/product"}],"wp:attachment":[{"href":"https:\/\/roveyayinevi.com.tr\/index.php\/wp-json\/wp\/v2\/media?parent=754733"}],"wp:term":[{"taxonomy":"product_brand","embeddable":true,"href":"https:\/\/roveyayinevi.com.tr\/index.php\/wp-json\/wp\/v2\/product_brand?post=754733"},{"taxonomy":"product_cat","embeddable":true,"href":"https:\/\/roveyayinevi.com.tr\/index.php\/wp-json\/wp\/v2\/product_cat?post=754733"},{"taxonomy":"product_tag","embeddable":true,"href":"https:\/\/roveyayinevi.com.tr\/index.php\/wp-json\/wp\/v2\/product_tag?post=754733"}],"curies":[{"name":"wp","href":"https:\/\/api.w.org\/{rel}","templated":true}]}}