{"id":754732,"date":"2025-08-28T06:19:20","date_gmt":"2025-08-28T03:19:20","guid":{"rendered":"https:\/\/roveyayinevi.com.tr\/index.php\/urun\/kudusun-kapisinda-kelimeler\/"},"modified":"2026-04-16T03:07:57","modified_gmt":"2026-04-16T00:07:57","slug":"kudusun-kapisinda-kelimeler","status":"publish","type":"product","link":"https:\/\/roveyayinevi.com.tr\/index.php\/urun\/kudusun-kapisinda-kelimeler\/","title":{"rendered":"Kud\u00fcs&#8217;\u00fcn Kap\u0131s\u0131nda Kelimeler"},"content":{"rendered":"<p>Necvan Dervi\u015f (1978) \u00c7a\u011fda\u015f Arap\u00e7a \u015fiirin g\u00fcn\u00fcm\u00fczdeki en \u00f6nemli temsilcilerinden say\u0131lan Necvan Dervi\u015f\u2019in \u015fiiri, Filistin deneyiminin somut ger\u00e7ekliklerinin yetkin bir \u201cs\u00f6zc\u00fc\u201ds\u00fc olman\u0131n \u00f6tesinde \u201cinsanl\u0131k\u201d olarak adland\u0131rmakta \u0131srar etti\u011fimiz olgunun trajik yenilgisinin evrensel bir duvar resmi niteli\u011findedir. Zamansall\u0131\u011fa ya da mek\u00e2na ba\u011fl\u0131 olmayan bu \u015fiirlerde Dervi\u015f, haks\u0131z, e\u015fitsiz ve orant\u0131s\u0131z bir \u015fiddet d\u00fcnyas\u0131yla ku\u015fat\u0131lm\u0131\u015f birey ve topluluklar\u0131n \u00f6fke ve umutsuzlu\u011funu b\u00fct\u00fcn\u00fcyle kendine \u00f6zg\u00fc g\u00fc\u00e7l\u00fc \u015fiirsel ara\u00e7larla somut, umutlu bir m\u00fccadele evrenine d\u00f6n\u00fc\u015ft\u00fcr\u00fcyor. 2000 y\u0131l\u0131nda yay\u0131mlanan, ad\u0131yla m\u00fcsemma Bir Kez Cennette Uyanm\u0131\u015ft\u0131k kitab\u0131ndan bu yana a\u015fk\u0131n, tutkunun, adil ve ebed\u00ee bar\u0131\u015f\u0131n o \u201cilksel sahne\u201dsini yeniden \u00fcretebilmeyi arzulayan, \u201c\u015fiir ile toplumsal ve siyas\u00ee ger\u00e7eklik aras\u0131ndaki dayan\u0131ks\u0131z, sahte ikili\u011fe\u201d kar\u015f\u0131 tarihsel itiraz\u0131 dikkat \u00e7ekici bir sinematografik yap\u0131 ve imge co\u015fkunlu\u011fuyla sahiplenen \u201cy\u0131k\u0131c\u0131\u201d \u015fiirler: \u201c\u00c7\u00fcnk\u00fc\u201d sadece \u2018ad\u0131 \u015fark\u0131 olan o \u00fclke\u2019nin yurtta\u015f\u0131 olan \u015fairin dedi\u011fi gibi art\u0131k \u201ckaybedecek bir \u015fey kalmam\u0131\u015ft\u0131r.\u201d <\/p>\n","protected":false},"excerpt":{"rendered":"<p>Necvan Dervi\u015f (1978) \u00c7a\u011fda\u015f Arap\u00e7a \u015fiirin g\u00fcn\u00fcm\u00fczdeki en \u00f6nemli temsilcilerinden say\u0131lan Necvan Dervi\u015f\u2019in \u015fiiri, Filistin deneyiminin somut ger\u00e7ekliklerinin yetkin bir \u201cs\u00f6zc\u00fc\u201ds\u00fc olman\u0131n \u00f6tesinde \u201cinsanl\u0131k\u201d olarak adland\u0131rmakta<span class=\"excerpt-hellip\"> [\u2026]<\/span><\/p>\n","protected":false},"featured_media":0,"template":"","meta":{"_monsterinsights_skip_tracking":false,"_monsterinsights_sitenote_active":false,"_monsterinsights_sitenote_note":"","_monsterinsights_sitenote_category":0},"product_brand":[],"product_cat":[12291,12509],"product_tag":[],"class_list":{"0":"post-754732","1":"product","2":"type-product","3":"status-publish","5":"product_cat-edebiyat","6":"product_cat-siir","7":"pa_cilt-ciltsiz","8":"pa_tur-kitap","9":"pa_yayinevi-ayrinti-yayinlari","10":"pa_yazar-necvan-dervis","12":"first","13":"instock","14":"sale","15":"shipping-taxable","16":"purchasable","17":"product-type-simple"},"_links":{"self":[{"href":"https:\/\/roveyayinevi.com.tr\/index.php\/wp-json\/wp\/v2\/product\/754732","targetHints":{"allow":["GET"]}}],"collection":[{"href":"https:\/\/roveyayinevi.com.tr\/index.php\/wp-json\/wp\/v2\/product"}],"about":[{"href":"https:\/\/roveyayinevi.com.tr\/index.php\/wp-json\/wp\/v2\/types\/product"}],"wp:attachment":[{"href":"https:\/\/roveyayinevi.com.tr\/index.php\/wp-json\/wp\/v2\/media?parent=754732"}],"wp:term":[{"taxonomy":"product_brand","embeddable":true,"href":"https:\/\/roveyayinevi.com.tr\/index.php\/wp-json\/wp\/v2\/product_brand?post=754732"},{"taxonomy":"product_cat","embeddable":true,"href":"https:\/\/roveyayinevi.com.tr\/index.php\/wp-json\/wp\/v2\/product_cat?post=754732"},{"taxonomy":"product_tag","embeddable":true,"href":"https:\/\/roveyayinevi.com.tr\/index.php\/wp-json\/wp\/v2\/product_tag?post=754732"}],"curies":[{"name":"wp","href":"https:\/\/api.w.org\/{rel}","templated":true}]}}