{"id":754731,"date":"2025-08-28T06:19:19","date_gmt":"2025-08-28T03:19:19","guid":{"rendered":"https:\/\/roveyayinevi.com.tr\/index.php\/urun\/kant-ve-ornitorenk\/"},"modified":"2026-04-16T03:07:57","modified_gmt":"2026-04-16T00:07:57","slug":"kant-ve-ornitorenk","status":"publish","type":"product","link":"https:\/\/roveyayinevi.com.tr\/index.php\/urun\/kant-ve-ornitorenk\/","title":{"rendered":"Kant ve Ornitorenk"},"content":{"rendered":"<p>G\u00fcndelik hayat\u0131m\u0131zda kar\u015f\u0131la\u015ft\u0131\u011f\u0131m\u0131z nesneleri birbirinden ay\u0131rt etmemizi sa\u011flayan \u00f6zsel bir fark s\u00f6z konusu mudur? S\u00f6zgelimi, bir kedinin neden bir k\u00f6pek de\u011fil de kedi oldu\u011funu anlamak i\u00e7in ne gibi kategoriler ya da \u015femalar gerekmektedir? Kategoriler ya da \u015femalar d\u0131\u015f\u0131nda, bir \u015feyi k\u00f6pek ya da kedi olarak tarif etmek i\u00e7in farkl\u0131 birtak\u0131m unsurlara ihtiyac\u0131m\u0131z var m\u0131d\u0131r? Nesneleri alg\u0131larken bili\u015fsel kapasitelerimizin yan\u0131nda dilsel niteliklere ne \u00f6l\u00e7\u00fcde ihtiya\u00e7 duyar\u0131z? Bili\u015fsel kapasiteler ve dilsel nitelikleri bir arada ele alman\u0131n herhangi bir olanak ko\u015fulu s\u00f6z konusu mudur? \u0130\u015fte, Umberto Eco Kant ve Ornitorenk adl\u0131 bu \u00e7al\u0131\u015fmas\u0131nda ger\u00e7eklik, alg\u0131 ve deneyimle ilgili temel problemleri, Kant, Heidegger, Peirce gibi filozoflar\u0131n d\u00fc\u015f\u00fcnceleri ekseninde, sahip oldu\u011fu felsefi, edebi ve tarihsel bilgi birikimini kendine \u00f6zg\u00fc hik\u00e2yeci anlat\u0131m tarz\u0131yla zenginle\u015ftirerek birbirinden k\u0131ymetli alt\u0131 deneme kaleme al\u0131yor. Umberto Eco\u2019nun \u201cGiri\u015f\u201d yaz\u0131s\u0131nda belirtti\u011fi \u00fczere, \u201cKant\u2019\u0131n ornitorenkle ne i\u015fi var? Hi\u00e7. Tarihlerden de g\u00f6rebilece\u011fimiz gibi, hi\u00e7bir ilgisi olamazd\u0131.\u201d Kant, hi\u00e7bir zaman bir ornitorenki kaleme almad\u0131; bir ornitorenk hi\u00e7bir zaman Kant\u2019tan haberdar olmad\u0131; fakat Eco\u2019nun ger\u00e7ekli\u011fe dair hakiki sorular\u0131, hi\u00e7bir varl\u0131\u011f\u0131 birbirine kar\u015f\u0131 kay\u0131ts\u0131z b\u0131rakmayacakt\u0131r. <\/p>\n","protected":false},"excerpt":{"rendered":"<p>G\u00fcndelik hayat\u0131m\u0131zda kar\u015f\u0131la\u015ft\u0131\u011f\u0131m\u0131z nesneleri birbirinden ay\u0131rt etmemizi sa\u011flayan \u00f6zsel bir fark s\u00f6z konusu mudur? S\u00f6zgelimi, bir kedinin neden bir k\u00f6pek de\u011fil de kedi oldu\u011funu anlamak i\u00e7in<span class=\"excerpt-hellip\"> [\u2026]<\/span><\/p>\n","protected":false},"featured_media":0,"template":"","meta":{"_monsterinsights_skip_tracking":false,"_monsterinsights_sitenote_active":false,"_monsterinsights_sitenote_note":"","_monsterinsights_sitenote_category":0},"product_brand":[],"product_cat":[12388],"product_tag":[],"class_list":{"0":"post-754731","1":"product","2":"type-product","3":"status-publish","5":"product_cat-felsefe","6":"pa_cilt-ciltsiz","7":"pa_tur-kitap","8":"pa_yayinevi-ayrinti-yayinlari","9":"pa_yazar-umberto-eco","11":"first","12":"instock","13":"sale","14":"shipping-taxable","15":"purchasable","16":"product-type-simple"},"_links":{"self":[{"href":"https:\/\/roveyayinevi.com.tr\/index.php\/wp-json\/wp\/v2\/product\/754731","targetHints":{"allow":["GET"]}}],"collection":[{"href":"https:\/\/roveyayinevi.com.tr\/index.php\/wp-json\/wp\/v2\/product"}],"about":[{"href":"https:\/\/roveyayinevi.com.tr\/index.php\/wp-json\/wp\/v2\/types\/product"}],"wp:attachment":[{"href":"https:\/\/roveyayinevi.com.tr\/index.php\/wp-json\/wp\/v2\/media?parent=754731"}],"wp:term":[{"taxonomy":"product_brand","embeddable":true,"href":"https:\/\/roveyayinevi.com.tr\/index.php\/wp-json\/wp\/v2\/product_brand?post=754731"},{"taxonomy":"product_cat","embeddable":true,"href":"https:\/\/roveyayinevi.com.tr\/index.php\/wp-json\/wp\/v2\/product_cat?post=754731"},{"taxonomy":"product_tag","embeddable":true,"href":"https:\/\/roveyayinevi.com.tr\/index.php\/wp-json\/wp\/v2\/product_tag?post=754731"}],"curies":[{"name":"wp","href":"https:\/\/api.w.org\/{rel}","templated":true}]}}