{"id":754729,"date":"2025-08-28T06:19:15","date_gmt":"2025-08-28T03:19:15","guid":{"rendered":"https:\/\/roveyayinevi.com.tr\/index.php\/urun\/cinsiyetlendirilmis-beyin\/"},"modified":"2026-04-16T03:07:57","modified_gmt":"2026-04-16T00:07:57","slug":"cinsiyetlendirilmis-beyin","status":"publish","type":"product","link":"https:\/\/roveyayinevi.com.tr\/index.php\/urun\/cinsiyetlendirilmis-beyin\/","title":{"rendered":"Cinsiyetlendirilmi\u015f Beyin"},"content":{"rendered":"<p>Y\u00fczy\u0131llar boyunca, farkl\u0131 beyinlere sahip olduklar\u0131 i\u00e7in erkeklerle kad\u0131nlar\u0131n farkl\u0131 yeteneklere, farkl\u0131 miza\u00e7lara ve farkl\u0131 toplumsal konumlara sahip olduklar\u0131 s\u00f6ylenegelmi\u015ftir. Erkekler kad\u0131nlardan \u00fcst\u00fcnd\u00fc; \u00e7\u00fcnk\u00fc kad\u0131n beynine de\u011fil de erkek beynine sahiptiler. \u201cKad\u0131nlar harita okuyamazd\u0131, erkeklerse ayn\u0131 anda birden fazla i\u015fi yapamazd\u0131.\u201d \u00c7\u00fcnk\u00fc \u201cbiyoloji kaderdi\u201d ve bundan ka\u00e7\u0131\u015f yoktu. Peki, biyoloji ger\u00e7ekten de kader miydi? Prof. Gina Rippon bu kitapta bu soruya kesin olarak Hay\u0131r yan\u0131t\u0131n\u0131 vermektedir. On dokuzuncu y\u00fczy\u0131lda yap\u0131lan beyin incelemelerinden beri \u201ckad\u0131n beyni\u201d ile \u201cerkek beyni\u201d ayr\u0131m\u0131, verili ger\u00e7ek olarak kabul edilmi\u015ftir. Ara\u015ft\u0131rmalar\u0131n neredeyse tamam\u0131 bu \u201cger\u00e7e\u011fi\u201d biyolojik bir temele oturtacak \u015fekilde tasarlanm\u0131\u015f, sonu\u00e7lar\u0131n yay\u0131nlanmas\u0131 ve yorumlanmas\u0131 da bundan pay\u0131na d\u00fc\u015feni alm\u0131\u015ft\u0131r. Yirminci y\u00fczy\u0131l\u0131n ikinci yar\u0131s\u0131nda geli\u015ftirilen yeni teknolojiler ise sadece yeti\u015fkinlerin de\u011fil, yeni do\u011fanlar\u0131n beyinlerini dahi detayl\u0131 bir \u015fekilde inceleme imk\u00e2n\u0131 sa\u011flam\u0131\u015ft\u0131r. G\u00fcn\u00fcm\u00fczde daha tarafs\u0131z bir \u015fekilde tasarlanan ve yorumlanan \u00e7al\u0131\u015fmalar do\u011fumdan itibaren bebe\u011fin maruz kald\u0131\u011f\u0131 toplumsal s\u00fcre\u00e7lerin en az biyoloji kadar \u00f6nemli oldu\u011funu ortaya \u00e7\u0131karmaktad\u0131r. Prof. Rippon hormon \u00e7al\u0131\u015fmalar\u0131ndan sosyal davran\u0131\u015f \u00e7al\u0131\u015fmalar\u0131na kadar bir\u00e7ok farkl\u0131 alanda yap\u0131lan ara\u015ft\u0131rma bulgular\u0131n\u0131 de\u011ferlendirerek \u015fu sonuca var\u0131yor: \u0130nsan beynini kad\u0131n beyni ve erkek beyni olarak s\u0131n\u0131fland\u0131ran \u015feyin, do\u011fum an\u0131ndaki biyolojinin aksine i\u00e7ine do\u011fdu\u011fumuz d\u00fcnyan\u0131n bize dayatt\u0131\u011f\u0131 ikili atanm\u0131\u015f cinsiyet sistemidir. <\/p>\n","protected":false},"excerpt":{"rendered":"<p>Y\u00fczy\u0131llar boyunca, farkl\u0131 beyinlere sahip olduklar\u0131 i\u00e7in erkeklerle kad\u0131nlar\u0131n farkl\u0131 yeteneklere, farkl\u0131 miza\u00e7lara ve farkl\u0131 toplumsal konumlara sahip olduklar\u0131 s\u00f6ylenegelmi\u015ftir. Erkekler kad\u0131nlardan \u00fcst\u00fcnd\u00fc; \u00e7\u00fcnk\u00fc kad\u0131n beynine<span class=\"excerpt-hellip\"> [\u2026]<\/span><\/p>\n","protected":false},"featured_media":0,"template":"","meta":{"_monsterinsights_skip_tracking":false,"_monsterinsights_sitenote_active":false,"_monsterinsights_sitenote_note":"","_monsterinsights_sitenote_category":0},"product_brand":[],"product_cat":[13005],"product_tag":[],"class_list":{"0":"post-754729","1":"product","2":"type-product","3":"status-publish","5":"product_cat-bilim-muhendislik","6":"pa_cilt-ciltsiz","7":"pa_tur-kitap","8":"pa_yayinevi-ayrinti-yayinlari","9":"pa_yazar-gina-rippon","11":"first","12":"instock","13":"sale","14":"shipping-taxable","15":"purchasable","16":"product-type-simple"},"_links":{"self":[{"href":"https:\/\/roveyayinevi.com.tr\/index.php\/wp-json\/wp\/v2\/product\/754729","targetHints":{"allow":["GET"]}}],"collection":[{"href":"https:\/\/roveyayinevi.com.tr\/index.php\/wp-json\/wp\/v2\/product"}],"about":[{"href":"https:\/\/roveyayinevi.com.tr\/index.php\/wp-json\/wp\/v2\/types\/product"}],"wp:attachment":[{"href":"https:\/\/roveyayinevi.com.tr\/index.php\/wp-json\/wp\/v2\/media?parent=754729"}],"wp:term":[{"taxonomy":"product_brand","embeddable":true,"href":"https:\/\/roveyayinevi.com.tr\/index.php\/wp-json\/wp\/v2\/product_brand?post=754729"},{"taxonomy":"product_cat","embeddable":true,"href":"https:\/\/roveyayinevi.com.tr\/index.php\/wp-json\/wp\/v2\/product_cat?post=754729"},{"taxonomy":"product_tag","embeddable":true,"href":"https:\/\/roveyayinevi.com.tr\/index.php\/wp-json\/wp\/v2\/product_tag?post=754729"}],"curies":[{"name":"wp","href":"https:\/\/api.w.org\/{rel}","templated":true}]}}