{"id":754728,"date":"2025-08-28T06:19:14","date_gmt":"2025-08-28T03:19:14","guid":{"rendered":"https:\/\/roveyayinevi.com.tr\/index.php\/urun\/ataerkil-sistemlerin-yukselisi-ve-dususu\/"},"modified":"2026-04-16T03:07:57","modified_gmt":"2026-04-16T00:07:57","slug":"ataerkil-sistemlerin-yukselisi-ve-dususu","status":"publish","type":"product","link":"https:\/\/roveyayinevi.com.tr\/index.php\/urun\/ataerkil-sistemlerin-yukselisi-ve-dususu\/","title":{"rendered":"Ataerkil Sistemlerin Y\u00fckseli\u015fi ve D\u00fc\u015f\u00fc\u015f\u00fc"},"content":{"rendered":"<p>Ataerkil sistemler nas\u0131l oluyor da ayakta kalabiliyor? Toplumsal cinsiyet e\u015fitsizli\u011fi neden h\u00e2l\u00e2 bu denli yayg\u0131n? Feminist kuram\u0131n uzun zamand\u0131r cevab\u0131n\u0131 arad\u0131\u011f\u0131 bu sorular\u0131n pe\u015fine d\u00fc\u015fen Nancy Folbre, Marksist siyasal iktisad\u0131n ele\u015ftirisi ve yeniden form\u00fclasyonuyla yola koyuluyor. Neoklasik iktisat, sosyoloji, psikoloji ve evrimsel biyoloji gibi alanlar\u0131n dahil oldu\u011fu son derece kapsaml\u0131 bir bilimsel \u00e7er\u00e7eve i\u00e7inde, kapitalist kalk\u0131nman\u0131n ataerkil sistemlerin devaml\u0131l\u0131\u011f\u0131nda b\u00fcy\u00fck rol oynayan \u00e7eli\u015fkili taraflar\u0131n\u0131 masaya yat\u0131r\u0131yor.  S\u0131n\u0131f, toplumsal cinsiyet, ya\u015f, \u0131rk\/etnisite ve yurtta\u015fl\u0131k temelli e\u015fitsizlik ve s\u00f6m\u00fcr\u00fcn\u00fcn i\u00e7 i\u00e7e ge\u00e7en yanlar\u0131n\u0131 temel alan \u201ckesi\u015fimsel siyasal iktisat\u201d yakla\u015f\u0131m\u0131n\u0131 benimseyen Folbre, mevcut piyasa ekonomilerinde bilhassa savunmas\u0131z konumda olan bak\u0131m verenleri mercek alt\u0131na al\u0131yor.  Bak\u0131m eme\u011finin neden de\u011fersizle\u015ftirildi\u011fi veya kar\u015f\u0131l\u0131\u011f\u0131n\u0131n yeterince \u00f6denmedi\u011fine dair analizlerinde, \u00e7ocuk do\u011furma, \u00e7ocuk yeti\u015ftirme, varl\u0131klar\u0131n miras b\u0131rak\u0131lmas\u0131, fiziksel ve be\u015feri kaynaklara zor ve \u015fiddet yoluyla el konulmas\u0131 gibi piyasa d\u0131\u015f\u0131 s\u00fcre\u00e7lere dikkat \u00e7ekiyor. Gerek bireyleri gerek topluluklar\u0131 \u00e7eli\u015fkili konumlara sokan ve \u00e7o\u011fu zaman birbiriyle kesi\u015fen kolektif iktidar yap\u0131lar\u0131ndan olu\u015fan toplumsal sistemleri tan\u0131mlaman\u0131n yeni bir yolunu ortaya koyan bu kitap, baz\u0131 topluluklar\u0131n sahip oldu\u011fu iktidar ve imtiyazlar\u0131 daha da peki\u015ftirmesini sa\u011flayan pazarl\u0131k s\u00fcre\u00e7lerini g\u00f6zler \u00f6n\u00fcne seriyor. Ataerkil iktidar\u0131n k\u00f6kenleri, kapitalist kurumlar\u0131n ortaya \u00e7\u0131k\u0131\u015f\u0131, refah devletlerinin y\u00fckseli\u015fi, bak\u0131m eme\u011finin iktisadi olarak cezaland\u0131r\u0131lmas\u0131 gibi tarihsel s\u00fcre\u00e7leri yeniden yorumlayarak, ilerici bir toplumsal d\u00f6n\u00fc\u015f\u00fcm i\u00e7in kurulmas\u0131 elzem geni\u015f koalisyonlara y\u00f6n verecek genel bir iktisadi adalet teorisine duyulan ihtiyac\u0131 g\u00f6r\u00fcn\u00fcr k\u0131lmaya \u00e7al\u0131\u015f\u0131yor. <\/p>\n","protected":false},"excerpt":{"rendered":"<p>Ataerkil sistemler nas\u0131l oluyor da ayakta kalabiliyor? Toplumsal cinsiyet e\u015fitsizli\u011fi neden h\u00e2l\u00e2 bu denli yayg\u0131n? Feminist kuram\u0131n uzun zamand\u0131r cevab\u0131n\u0131 arad\u0131\u011f\u0131 bu sorular\u0131n pe\u015fine d\u00fc\u015fen Nancy<span class=\"excerpt-hellip\"> [\u2026]<\/span><\/p>\n","protected":false},"featured_media":0,"template":"","meta":{"_monsterinsights_skip_tracking":false,"_monsterinsights_sitenote_active":false,"_monsterinsights_sitenote_note":"","_monsterinsights_sitenote_category":0},"product_brand":[],"product_cat":[12324],"product_tag":[],"class_list":{"0":"post-754728","1":"product","2":"type-product","3":"status-publish","5":"product_cat-sosyoloji","6":"pa_cilt-ciltsiz","7":"pa_tur-kitap","8":"pa_yayinevi-ayrinti-yayinlari","9":"pa_yazar-nancy-folbre","11":"first","12":"instock","13":"sale","14":"shipping-taxable","15":"purchasable","16":"product-type-simple"},"_links":{"self":[{"href":"https:\/\/roveyayinevi.com.tr\/index.php\/wp-json\/wp\/v2\/product\/754728","targetHints":{"allow":["GET"]}}],"collection":[{"href":"https:\/\/roveyayinevi.com.tr\/index.php\/wp-json\/wp\/v2\/product"}],"about":[{"href":"https:\/\/roveyayinevi.com.tr\/index.php\/wp-json\/wp\/v2\/types\/product"}],"wp:attachment":[{"href":"https:\/\/roveyayinevi.com.tr\/index.php\/wp-json\/wp\/v2\/media?parent=754728"}],"wp:term":[{"taxonomy":"product_brand","embeddable":true,"href":"https:\/\/roveyayinevi.com.tr\/index.php\/wp-json\/wp\/v2\/product_brand?post=754728"},{"taxonomy":"product_cat","embeddable":true,"href":"https:\/\/roveyayinevi.com.tr\/index.php\/wp-json\/wp\/v2\/product_cat?post=754728"},{"taxonomy":"product_tag","embeddable":true,"href":"https:\/\/roveyayinevi.com.tr\/index.php\/wp-json\/wp\/v2\/product_tag?post=754728"}],"curies":[{"name":"wp","href":"https:\/\/api.w.org\/{rel}","templated":true}]}}