{"id":754727,"date":"2025-08-28T06:19:13","date_gmt":"2025-08-28T03:19:13","guid":{"rendered":"https:\/\/roveyayinevi.com.tr\/index.php\/urun\/bloodborne-5-fenerli-kadin\/"},"modified":"2026-04-16T03:07:57","modified_gmt":"2026-04-16T00:07:57","slug":"bloodborne-5-fenerli-kadin","status":"publish","type":"product","link":"https:\/\/roveyayinevi.com.tr\/index.php\/urun\/bloodborne-5-fenerli-kadin\/","title":{"rendered":"Bloodborne &#8211; 5 Fenerli Kad\u0131n"},"content":{"rendered":"<p>S\u0130RENLER\u0130N KAN \u00c7A\u011eRISI YHARNAM\u2019I KARGA\u015eAYA S\u00dcR\u00dcKLED\u0130\u011e\u0130NDE, A\u0130LELER VE \u0130NAN\u00c7 SINANACAK\u2026 Canavarca salg\u0131n, bir zamanlar\u0131n ihti\u015faml\u0131 kenti Yharnam\u2019\u0131 kaosa s\u00fcr\u00fckledi\u011finde yeni Avc\u0131lar sokaklarda kaderle sava\u015f\u0131yor. Gretchen ve \u00f6\u011frencisi Abraham irade ve ak\u0131l sa\u011fl\u0131klar\u0131n\u0131 g\u00f6r\u00fcnmez bir d\u00fc\u015fmana kar\u015f\u0131 test ediyor. Lucien ve Vivien karde\u015fler evlerinin koruyuculu\u011funa g\u00fcvenirken i\u00e7eri s\u0131zan musibetle y\u00fczle\u015fiyorlar. \u015eifa Kilisesi\u2019nin pisli\u011finin derinliklerinde bir rahip itikad\u0131yla ilgili karanl\u0131k ger\u00e7e\u011fi ke\u015ffediyor. Soluk ay \u0131\u015f\u0131\u011f\u0131 alt\u0131nda FENERL\u0130 KADIN \u015fark\u0131 s\u00f6yl\u00fcyor, bir sonraki kurban\u0131n\u0131 ar\u0131yor. Bu karakterlerin yollar\u0131n\u0131n kesi\u015fmesine ve B\u00fcy\u00fck Av\u2019a \u00e7ekilmelerine \u015fahit olun! \u00d6d\u00fcll\u00fc yazar Cullen Bunn (Spider-Man, Harrow County) ve \u00e7ok sevilen \u00e7izer Piotr Kowalski\u2019den (Kara Kule, Robocop) \u00f6d\u00fcll\u00fc oyunun d\u00fcnyas\u0131nda ge\u00e7en deh\u015fetengiz bir grafik roman!   \u201cOYUNUN CAZ\u0130BES\u0130N\u0130 BA\u015eARIYLA YAKALIYOR.\u201d BIG COMIC PAGE <\/p>\n","protected":false},"excerpt":{"rendered":"<p>S\u0130RENLER\u0130N KAN \u00c7A\u011eRISI YHARNAM\u2019I KARGA\u015eAYA S\u00dcR\u00dcKLED\u0130\u011e\u0130NDE, A\u0130LELER VE \u0130NAN\u00c7 SINANACAK\u2026 Canavarca salg\u0131n, bir zamanlar\u0131n ihti\u015faml\u0131 kenti Yharnam\u2019\u0131 kaosa s\u00fcr\u00fckledi\u011finde yeni Avc\u0131lar sokaklarda kaderle sava\u015f\u0131yor. Gretchen ve<span class=\"excerpt-hellip\"> [\u2026]<\/span><\/p>\n","protected":false},"featured_media":0,"template":"","meta":{"_monsterinsights_skip_tracking":false,"_monsterinsights_sitenote_active":false,"_monsterinsights_sitenote_note":"","_monsterinsights_sitenote_category":0},"product_brand":[],"product_cat":[12416,12291],"product_tag":[],"class_list":{"0":"post-754727","1":"product","2":"type-product","3":"status-publish","5":"product_cat-cizgi-roman","6":"product_cat-edebiyat","7":"pa_cilt-ciltsiz","8":"pa_tur-kitap","9":"pa_yayinevi-eksik-parca-yayinlari","10":"pa_yazar-cullen-bunn","12":"first","13":"instock","14":"sale","15":"shipping-taxable","16":"purchasable","17":"product-type-simple"},"_links":{"self":[{"href":"https:\/\/roveyayinevi.com.tr\/index.php\/wp-json\/wp\/v2\/product\/754727","targetHints":{"allow":["GET"]}}],"collection":[{"href":"https:\/\/roveyayinevi.com.tr\/index.php\/wp-json\/wp\/v2\/product"}],"about":[{"href":"https:\/\/roveyayinevi.com.tr\/index.php\/wp-json\/wp\/v2\/types\/product"}],"wp:attachment":[{"href":"https:\/\/roveyayinevi.com.tr\/index.php\/wp-json\/wp\/v2\/media?parent=754727"}],"wp:term":[{"taxonomy":"product_brand","embeddable":true,"href":"https:\/\/roveyayinevi.com.tr\/index.php\/wp-json\/wp\/v2\/product_brand?post=754727"},{"taxonomy":"product_cat","embeddable":true,"href":"https:\/\/roveyayinevi.com.tr\/index.php\/wp-json\/wp\/v2\/product_cat?post=754727"},{"taxonomy":"product_tag","embeddable":true,"href":"https:\/\/roveyayinevi.com.tr\/index.php\/wp-json\/wp\/v2\/product_tag?post=754727"}],"curies":[{"name":"wp","href":"https:\/\/api.w.org\/{rel}","templated":true}]}}