{"id":754722,"date":"2025-08-28T06:19:04","date_gmt":"2025-08-28T03:19:04","guid":{"rendered":"https:\/\/roveyayinevi.com.tr\/index.php\/urun\/golcu-araniyor\/"},"modified":"2026-04-16T03:07:57","modified_gmt":"2026-04-16T00:07:57","slug":"golcu-araniyor","status":"publish","type":"product","link":"https:\/\/roveyayinevi.com.tr\/index.php\/urun\/golcu-araniyor\/","title":{"rendered":"Golc\u00fc Aran\u0131yor!"},"content":{"rendered":"<p>Caynak Mahallesi\u2019nin haylazlar\u0131\u2026Yani Cumali, Mehmet, Ferhat ve di\u011ferleri\u2026E\u011flenceli bir \u015feyler pe\u015findeler yine!Bir tak\u0131m kurup il\u00e7ede d\u00fczenlenenfutbol turnuvas\u0131na kat\u0131lmaya kararl\u0131lar.Ama bu o kadar kolay de\u011fil!\u00d6nce a\u015fmalar\u0131 gereken baz\u0131 engeller var:Turnuvaya kat\u0131lmak i\u00e7in para bulmak zorundalar.Forma almalar\u0131 gerekiyor.Ve tabii ki bir de golc\u00fc bulmalar\u0131 laz\u0131m.Macera ba\u015fl\u0131yor!\u00c7ok\u00e7a heyecan, bol bol g\u0131rg\u0131r \u015famata!Hepsi bu kitapta! <\/p>\n","protected":false},"excerpt":{"rendered":"<p>Caynak Mahallesi\u2019nin haylazlar\u0131\u2026Yani Cumali, Mehmet, Ferhat ve di\u011ferleri\u2026E\u011flenceli bir \u015feyler pe\u015findeler yine!Bir tak\u0131m kurup il\u00e7ede d\u00fczenlenenfutbol turnuvas\u0131na kat\u0131lmaya kararl\u0131lar.Ama bu o kadar kolay de\u011fil!\u00d6nce a\u015fmalar\u0131 gereken<span class=\"excerpt-hellip\"> [\u2026]<\/span><\/p>\n","protected":false},"featured_media":0,"template":"","meta":{"_monsterinsights_skip_tracking":false,"_monsterinsights_sitenote_active":false,"_monsterinsights_sitenote_note":"","_monsterinsights_sitenote_category":0},"product_brand":[],"product_cat":[12274,12284],"product_tag":[],"class_list":{"0":"post-754722","1":"product","2":"type-product","3":"status-publish","5":"product_cat-cocuk-ve-genclik-kitaplari","6":"product_cat-hikayeler","7":"pa_cilt-ciltsiz","8":"pa_tur-kitap","9":"pa_yayinevi-nesil-cocuk-yayinlari","10":"pa_yazar-yusuf-asal","12":"first","13":"instock","14":"sale","15":"shipping-taxable","16":"purchasable","17":"product-type-simple"},"_links":{"self":[{"href":"https:\/\/roveyayinevi.com.tr\/index.php\/wp-json\/wp\/v2\/product\/754722","targetHints":{"allow":["GET"]}}],"collection":[{"href":"https:\/\/roveyayinevi.com.tr\/index.php\/wp-json\/wp\/v2\/product"}],"about":[{"href":"https:\/\/roveyayinevi.com.tr\/index.php\/wp-json\/wp\/v2\/types\/product"}],"wp:attachment":[{"href":"https:\/\/roveyayinevi.com.tr\/index.php\/wp-json\/wp\/v2\/media?parent=754722"}],"wp:term":[{"taxonomy":"product_brand","embeddable":true,"href":"https:\/\/roveyayinevi.com.tr\/index.php\/wp-json\/wp\/v2\/product_brand?post=754722"},{"taxonomy":"product_cat","embeddable":true,"href":"https:\/\/roveyayinevi.com.tr\/index.php\/wp-json\/wp\/v2\/product_cat?post=754722"},{"taxonomy":"product_tag","embeddable":true,"href":"https:\/\/roveyayinevi.com.tr\/index.php\/wp-json\/wp\/v2\/product_tag?post=754722"}],"curies":[{"name":"wp","href":"https:\/\/api.w.org\/{rel}","templated":true}]}}