{"id":754720,"date":"2025-08-28T06:19:01","date_gmt":"2025-08-28T03:19:01","guid":{"rendered":"https:\/\/roveyayinevi.com.tr\/index.php\/urun\/dananin-kuyrugu-kopuyor\/"},"modified":"2026-04-16T03:07:57","modified_gmt":"2026-04-16T00:07:57","slug":"dananin-kuyrugu-kopuyor","status":"publish","type":"product","link":"https:\/\/roveyayinevi.com.tr\/index.php\/urun\/dananin-kuyrugu-kopuyor\/","title":{"rendered":"Danan\u0131n Kuyru\u011fu Kopuyor!"},"content":{"rendered":"<p>Caynak Mahallesi\u2019nin haylazlar\u0131\u2026Cumali, Mehmet, Ferhat ve tabii bir de K\u00f6fteci\u2026Gizemli bir olay\u0131 \u00e7\u00f6zmeye \u00e7al\u0131\u015f\u0131yorlar bu sefer.Mahalleye tuhaf bir adam ta\u015f\u0131n\u0131yor.Ve hi\u00e7 de tekin birine benzemiyor!Bir \u015feyler pe\u015finde oldu\u011fu kesin.Eski fabrikan\u0131n etraf\u0131nda dolan\u0131p duruyor.K\u00f6fteci de bir dedektif oldu\u011funu hat\u0131rl\u0131yor aniden(!)D\u00fc\u015f\u00fcyor adam\u0131n pe\u015fine.Ama hep oldu\u011fu gibi ba\u015f\u0131na olmad\u0131k i\u015fler a\u00e7\u0131yor yine.Ortaya kahkahal\u0131k maceralar \u00e7\u0131k\u0131yor. <\/p>\n","protected":false},"excerpt":{"rendered":"<p>Caynak Mahallesi\u2019nin haylazlar\u0131\u2026Cumali, Mehmet, Ferhat ve tabii bir de K\u00f6fteci\u2026Gizemli bir olay\u0131 \u00e7\u00f6zmeye \u00e7al\u0131\u015f\u0131yorlar bu sefer.Mahalleye tuhaf bir adam ta\u015f\u0131n\u0131yor.Ve hi\u00e7 de tekin birine benzemiyor!Bir \u015feyler<span class=\"excerpt-hellip\"> [\u2026]<\/span><\/p>\n","protected":false},"featured_media":0,"template":"","meta":{"_monsterinsights_skip_tracking":false,"_monsterinsights_sitenote_active":false,"_monsterinsights_sitenote_note":"","_monsterinsights_sitenote_category":0},"product_brand":[],"product_cat":[12274,12284],"product_tag":[],"class_list":{"0":"post-754720","1":"product","2":"type-product","3":"status-publish","5":"product_cat-cocuk-ve-genclik-kitaplari","6":"product_cat-hikayeler","7":"pa_cilt-ciltsiz","8":"pa_tur-kitap","9":"pa_yayinevi-nesil-cocuk-yayinlari","10":"pa_yazar-yusuf-asal","12":"first","13":"instock","14":"sale","15":"shipping-taxable","16":"purchasable","17":"product-type-simple"},"_links":{"self":[{"href":"https:\/\/roveyayinevi.com.tr\/index.php\/wp-json\/wp\/v2\/product\/754720","targetHints":{"allow":["GET"]}}],"collection":[{"href":"https:\/\/roveyayinevi.com.tr\/index.php\/wp-json\/wp\/v2\/product"}],"about":[{"href":"https:\/\/roveyayinevi.com.tr\/index.php\/wp-json\/wp\/v2\/types\/product"}],"wp:attachment":[{"href":"https:\/\/roveyayinevi.com.tr\/index.php\/wp-json\/wp\/v2\/media?parent=754720"}],"wp:term":[{"taxonomy":"product_brand","embeddable":true,"href":"https:\/\/roveyayinevi.com.tr\/index.php\/wp-json\/wp\/v2\/product_brand?post=754720"},{"taxonomy":"product_cat","embeddable":true,"href":"https:\/\/roveyayinevi.com.tr\/index.php\/wp-json\/wp\/v2\/product_cat?post=754720"},{"taxonomy":"product_tag","embeddable":true,"href":"https:\/\/roveyayinevi.com.tr\/index.php\/wp-json\/wp\/v2\/product_tag?post=754720"}],"curies":[{"name":"wp","href":"https:\/\/api.w.org\/{rel}","templated":true}]}}