{"id":754714,"date":"2025-08-28T06:18:53","date_gmt":"2025-08-28T03:18:53","guid":{"rendered":"https:\/\/roveyayinevi.com.tr\/index.php\/urun\/niyet-defteri\/"},"modified":"2026-04-16T03:07:56","modified_gmt":"2026-04-16T00:07:56","slug":"niyet-defteri","status":"publish","type":"product","link":"https:\/\/roveyayinevi.com.tr\/index.php\/urun\/niyet-defteri\/","title":{"rendered":"Niyet Defteri"},"content":{"rendered":"<p>Uzun y\u0131llar boyunca semboller ve r\u00fcya konular\u0131nda \u00e7al\u0131\u015fan Ara\u015ft\u0131rmac\u0131, Yazar Meltem Reyhan\u2019\u0131n kaleminden Niyet Defteri, yeni bask\u0131s\u0131yla bir kez daha okurlar\u0131yla bulu\u015fuyor!\u201cGELECEK \u015e\u0130MD\u0130DE M\u00dcH\u00dcRLEN\u0130R!\u201d   \u201cYayd\u0131\u011f\u0131m\u0131z frekansla kendimize do\u011fru bir koridor olu\u015ftururuz. \u0130stediklerimizi kendimize \u00e7ekebilmemizin en \u00f6nemli kural\u0131 emin olmakt\u0131r. T\u0131pk\u0131 bir \u00e7ocu\u011fun, karn\u0131 ac\u0131kt\u0131\u011f\u0131nda, annesinin onu doyuraca\u011f\u0131ndan emin olmas\u0131 gibi\u2026\u201d   \u0130lk kez yay\u0131mland\u0131\u011f\u0131 2015 y\u0131l\u0131ndan bu yana okurlar\u0131n\u0131n ve kendi alan\u0131n\u0131n referans kitab\u0131 olan Niyet Defteri hayallerin nas\u0131l ger\u00e7ekle\u015fti\u011finin s\u0131rlar\u0131n\u0131 ve ya\u015fam\u0131n \u201cvar etme\u201d mekanizmas\u0131n\u0131 \u00f6\u011frenmek isteyenler i\u00e7in ger\u00e7ek bir rehber.Bug\u00fcne dek y\u00fcz binlerce ki\u015fi taraf\u0131ndan okunan Niyet Defteri dilek, niyet ve isteklerinize nas\u0131l odaklanman\u0131z gerekti\u011fi konusunda sizi ayd\u0131nlat\u0131rken, onlar\u0131 serbest b\u0131rakman\u0131n g\u00fcc\u00fcn\u00fc ve bu serbest b\u0131rakma halinin sizi daha b\u00fcy\u00fck mucizelere nas\u0131l ta\u015f\u0131yabilece\u011fini anlat\u0131yor.   K\u0130L\u0130T A\u00c7AN SORULAR, S\u00d6Z\u00dcN S\u0130MYASI VE \u00d6RNEKLER \u0130LE \u0130\u00c7 D\u00dcNYANIZI KE\u015eFED\u0130N, KEND\u0130N\u0130Z\u0130 DO\u011eRU ANLAYIN VE N\u0130YETLER\u0130N\u0130Z\u0130 BEL\u0130RLEMEK \u0130\u00c7\u0130N B\u0130R BA\u015eLANGI\u00c7 NOKTASI OLU\u015eTURUN <\/p>\n","protected":false},"excerpt":{"rendered":"<p>Uzun y\u0131llar boyunca semboller ve r\u00fcya konular\u0131nda \u00e7al\u0131\u015fan Ara\u015ft\u0131rmac\u0131, Yazar Meltem Reyhan\u2019\u0131n kaleminden Niyet Defteri, yeni bask\u0131s\u0131yla bir kez daha okurlar\u0131yla bulu\u015fuyor!\u201cGELECEK \u015e\u0130MD\u0130DE M\u00dcH\u00dcRLEN\u0130R!\u201d \u201cYayd\u0131\u011f\u0131m\u0131z frekansla<span class=\"excerpt-hellip\"> [\u2026]<\/span><\/p>\n","protected":false},"featured_media":0,"template":"","meta":{"_monsterinsights_skip_tracking":false,"_monsterinsights_sitenote_active":false,"_monsterinsights_sitenote_note":"","_monsterinsights_sitenote_category":0},"product_brand":[],"product_cat":[12364,12376],"product_tag":[],"class_list":{"0":"post-754714","1":"product","2":"type-product","3":"status-publish","5":"product_cat-genel-konular","6":"product_cat-kisisel-gelisim","7":"pa_cilt-ciltsiz","8":"pa_tur-kitap","9":"pa_yayinevi-muptela-yayinevi","10":"pa_yazar-meltem-reyhan","12":"first","13":"instock","14":"sale","15":"shipping-taxable","16":"purchasable","17":"product-type-simple"},"_links":{"self":[{"href":"https:\/\/roveyayinevi.com.tr\/index.php\/wp-json\/wp\/v2\/product\/754714","targetHints":{"allow":["GET"]}}],"collection":[{"href":"https:\/\/roveyayinevi.com.tr\/index.php\/wp-json\/wp\/v2\/product"}],"about":[{"href":"https:\/\/roveyayinevi.com.tr\/index.php\/wp-json\/wp\/v2\/types\/product"}],"wp:attachment":[{"href":"https:\/\/roveyayinevi.com.tr\/index.php\/wp-json\/wp\/v2\/media?parent=754714"}],"wp:term":[{"taxonomy":"product_brand","embeddable":true,"href":"https:\/\/roveyayinevi.com.tr\/index.php\/wp-json\/wp\/v2\/product_brand?post=754714"},{"taxonomy":"product_cat","embeddable":true,"href":"https:\/\/roveyayinevi.com.tr\/index.php\/wp-json\/wp\/v2\/product_cat?post=754714"},{"taxonomy":"product_tag","embeddable":true,"href":"https:\/\/roveyayinevi.com.tr\/index.php\/wp-json\/wp\/v2\/product_tag?post=754714"}],"curies":[{"name":"wp","href":"https:\/\/api.w.org\/{rel}","templated":true}]}}