{"id":754710,"date":"2025-08-28T06:18:47","date_gmt":"2025-08-28T03:18:47","guid":{"rendered":"https:\/\/roveyayinevi.com.tr\/index.php\/urun\/amerika-1872-modern-toplumun-igrenclikleri\/"},"modified":"2026-04-16T03:07:56","modified_gmt":"2026-04-16T00:07:56","slug":"amerika-1872-modern-toplumun-igrenclikleri","status":"publish","type":"product","link":"https:\/\/roveyayinevi.com.tr\/index.php\/urun\/amerika-1872-modern-toplumun-igrenclikleri\/","title":{"rendered":"Amerika 1872 Modern Toplumun \u0130\u011fren\u00e7likleri"},"content":{"rendered":"<p>\u0130lk ebeveynlerimizin ba\u015f\u0131na gelen en b\u00fcy\u00fck nimet, yanl\u0131\u015f yapt\u0131ktan sonra cennetten kovulmalar\u0131yd\u0131. \u00c2dem ve Havva, o kusursuz d\u00fcnyada \u00e7al\u0131\u015fmak zorunda kalmadan veya yabani otlar\u0131n asla b\u00fcr\u00fcmedi\u011fi o m\u00fckemmel bah\u00e7ede en ufak bir u\u011fra\u015f g\u00f6stermeden ya\u015fay\u0131p gidebilirlerdi. Ancak g\u00fcnah i\u015fler i\u015flemez ba\u015flar\u0131na gelen en iyi \u015fey \u00e7al\u0131\u015fmak zorunda kalacaklar\u0131 bir yere g\u00f6nderilmek oldu. Bir adam i\u00e7in yapacak hi\u00e7bir \u015feyinin olmamas\u0131n\u0131n ne kadar y\u0131prat\u0131c\u0131 bir \u015fey oldu\u011funu biliyoruz. Seksenine basan ihtiyar Ashbel Green&#8217;e \u00e7al\u0131\u015fmaya neden devam etti\u011fi soruldu\u011funda, &#8221; bunu yaramazl\u0131ktan uzak durmak i\u00e7in yap\u0131yorum &#8221; demi\u015ftir. Ba\u015ftan \u00e7ok paras\u0131 olan bir adam\u0131n hi\u00e7 \u015fans\u0131 olmad\u0131\u011f\u0131n\u0131 g\u00f6r\u00fcr\u00fcz. E\u011fer bin zengin ve onurlu adam tan\u0131yorsan\u0131z bunlar\u0131n dokuz y\u00fcz doksan dokuzu ba\u015flang\u0131\u00e7ta gayretle \u00e7al\u0131\u015fmak zorunda kalm\u0131\u015ft\u0131r.Ey \u00e7ocuklar\u0131na b\u0131rakacak kadar b\u00fcy\u00fck serveti oldu\u011funu s\u00f6yleyen erkek ve kad\u0131nlar! Zenginli\u011fin t\u0131pk\u0131 akbabalar, \u015fahinler,  kartallar gibi kanatlan\u0131p u\u00e7abildigini h\u00e2l\u00e2 \u00f6\u011frenemediniz mi?<\/p>\n","protected":false},"excerpt":{"rendered":"<p>\u0130lk ebeveynlerimizin ba\u015f\u0131na gelen en b\u00fcy\u00fck nimet, yanl\u0131\u015f yapt\u0131ktan sonra cennetten kovulmalar\u0131yd\u0131. \u00c2dem ve Havva, o kusursuz d\u00fcnyada \u00e7al\u0131\u015fmak zorunda kalmadan veya yabani otlar\u0131n asla b\u00fcr\u00fcmedi\u011fi<span class=\"excerpt-hellip\"> [\u2026]<\/span><\/p>\n","protected":false},"featured_media":0,"template":"","meta":{"_monsterinsights_skip_tracking":false,"_monsterinsights_sitenote_active":false,"_monsterinsights_sitenote_note":"","_monsterinsights_sitenote_category":0},"product_brand":[],"product_cat":[12389,12388],"product_tag":[],"class_list":{"0":"post-754710","1":"product","2":"type-product","3":"status-publish","5":"product_cat-diger-felsefe","6":"product_cat-felsefe","7":"pa_cilt-ciltsiz","8":"pa_tur-kitap","9":"pa_yayinevi-spesifik-yayinlari","10":"pa_yazar-thomas-de-witt-talmage","12":"first","13":"instock","14":"sale","15":"shipping-taxable","16":"purchasable","17":"product-type-simple"},"_links":{"self":[{"href":"https:\/\/roveyayinevi.com.tr\/index.php\/wp-json\/wp\/v2\/product\/754710","targetHints":{"allow":["GET"]}}],"collection":[{"href":"https:\/\/roveyayinevi.com.tr\/index.php\/wp-json\/wp\/v2\/product"}],"about":[{"href":"https:\/\/roveyayinevi.com.tr\/index.php\/wp-json\/wp\/v2\/types\/product"}],"wp:attachment":[{"href":"https:\/\/roveyayinevi.com.tr\/index.php\/wp-json\/wp\/v2\/media?parent=754710"}],"wp:term":[{"taxonomy":"product_brand","embeddable":true,"href":"https:\/\/roveyayinevi.com.tr\/index.php\/wp-json\/wp\/v2\/product_brand?post=754710"},{"taxonomy":"product_cat","embeddable":true,"href":"https:\/\/roveyayinevi.com.tr\/index.php\/wp-json\/wp\/v2\/product_cat?post=754710"},{"taxonomy":"product_tag","embeddable":true,"href":"https:\/\/roveyayinevi.com.tr\/index.php\/wp-json\/wp\/v2\/product_tag?post=754710"}],"curies":[{"name":"wp","href":"https:\/\/api.w.org\/{rel}","templated":true}]}}