{"id":754704,"date":"2025-08-28T06:18:36","date_gmt":"2025-08-28T03:18:36","guid":{"rendered":"https:\/\/roveyayinevi.com.tr\/index.php\/urun\/bal-sultan-ile-kemence\/"},"modified":"2026-04-16T03:07:56","modified_gmt":"2026-04-16T00:07:56","slug":"bal-sultan-ile-kemence","status":"publish","type":"product","link":"https:\/\/roveyayinevi.com.tr\/index.php\/urun\/bal-sultan-ile-kemence\/","title":{"rendered":"Bal Sultan ile Kemen\u00e7e"},"content":{"rendered":"<p>Dallar\u0131nda binlerce ku\u015fu a\u011f\u0131rlayan bir ard\u0131\u00e7 a\u011fac\u0131\u2026 Bir g\u00fcn bir marangozun eline d\u00fc\u015f\u00fcvermi\u015f. Marangoz, usta elleriyle bir kemen\u00e7e yapm\u0131\u015f ard\u0131\u00e7tan. Ah ne harika! Ama nedense sesi \u00e7\u0131km\u0131yormu\u015f kemen\u00e7enin. Me\u011fer kemen\u00e7e, k\u0131ymetini anlayan\u0131 beklemekteymi\u015f. Bal Sultan\u2019\u0131n ellerinde sesi, dillere destan olmu\u015f. Kemen\u00e7eye yetmemi\u015f bu. Merak etmi\u015f ba\u015fka kemen\u00e7elerin sesini, d\u00fc\u015fm\u00fc\u015f yollara. \u0130\u015fte as\u0131l hik\u00e2ye, o zaman ba\u015flam\u0131\u015f.   ***   Kitab\u0131m\u0131z\u0131n kahraman\u0131 olan klasik kemen\u00e7e hakk\u0131nda daha \u00e7ok bilgiye ula\u015fmak isterseniz www.filizkaya.net adresini ziyaret edebilirsiniz.<\/p>\n","protected":false},"excerpt":{"rendered":"<p>Dallar\u0131nda binlerce ku\u015fu a\u011f\u0131rlayan bir ard\u0131\u00e7 a\u011fac\u0131\u2026 Bir g\u00fcn bir marangozun eline d\u00fc\u015f\u00fcvermi\u015f. Marangoz, usta elleriyle bir kemen\u00e7e yapm\u0131\u015f ard\u0131\u00e7tan. Ah ne harika! Ama nedense sesi<span class=\"excerpt-hellip\"> [\u2026]<\/span><\/p>\n","protected":false},"featured_media":0,"template":"","meta":{"_monsterinsights_skip_tracking":false,"_monsterinsights_sitenote_active":false,"_monsterinsights_sitenote_note":"","_monsterinsights_sitenote_category":0},"product_brand":[],"product_cat":[12274,12284],"product_tag":[],"class_list":{"0":"post-754704","1":"product","2":"type-product","3":"status-publish","5":"product_cat-cocuk-ve-genclik-kitaplari","6":"product_cat-hikayeler","7":"pa_cilt-ciltsiz","8":"pa_tur-kitap","9":"pa_yayinevi-luna-cocuk-yayinlari","10":"pa_yazar-ayse-onat","12":"first","13":"instock","14":"sale","15":"shipping-taxable","16":"purchasable","17":"product-type-simple"},"_links":{"self":[{"href":"https:\/\/roveyayinevi.com.tr\/index.php\/wp-json\/wp\/v2\/product\/754704","targetHints":{"allow":["GET"]}}],"collection":[{"href":"https:\/\/roveyayinevi.com.tr\/index.php\/wp-json\/wp\/v2\/product"}],"about":[{"href":"https:\/\/roveyayinevi.com.tr\/index.php\/wp-json\/wp\/v2\/types\/product"}],"wp:attachment":[{"href":"https:\/\/roveyayinevi.com.tr\/index.php\/wp-json\/wp\/v2\/media?parent=754704"}],"wp:term":[{"taxonomy":"product_brand","embeddable":true,"href":"https:\/\/roveyayinevi.com.tr\/index.php\/wp-json\/wp\/v2\/product_brand?post=754704"},{"taxonomy":"product_cat","embeddable":true,"href":"https:\/\/roveyayinevi.com.tr\/index.php\/wp-json\/wp\/v2\/product_cat?post=754704"},{"taxonomy":"product_tag","embeddable":true,"href":"https:\/\/roveyayinevi.com.tr\/index.php\/wp-json\/wp\/v2\/product_tag?post=754704"}],"curies":[{"name":"wp","href":"https:\/\/api.w.org\/{rel}","templated":true}]}}