{"id":754700,"date":"2025-08-28T06:18:29","date_gmt":"2025-08-28T03:18:29","guid":{"rendered":"https:\/\/roveyayinevi.com.tr\/index.php\/urun\/bal-porsugu-puki\/"},"modified":"2026-04-16T03:07:56","modified_gmt":"2026-04-16T00:07:56","slug":"bal-porsugu-puki","status":"publish","type":"product","link":"https:\/\/roveyayinevi.com.tr\/index.php\/urun\/bal-porsugu-puki\/","title":{"rendered":"Bal Porsu\u011fu Puki"},"content":{"rendered":"<p>Benim ad\u0131m Bal Porsug\u0306u Puki.Dans etmeyi, spor yapmay\u0131 c\u0327ok severim.Ama PAYLAS\u0327MAYI HI\u0307C\u0327 SEVMEM.Durun bir dakika, pelus\u0327 tavs\u0327an\u0131m\u0131z\u0131 c\u0327almak isteyen bir h\u0131rs\u0131z m\u0131 var?O halde hemen tak\u0131m olup onu yakalamal\u0131y\u0131z!Ben Bal Porsug\u0306u Puki, paylas\u0327may\u0131 hic\u0327 sevmem.Ama tak\u0131m olma f\u0131rsat\u0131n\u0131 da asla kac\u0327\u0131rmam! <\/p>\n","protected":false},"excerpt":{"rendered":"<p>Benim ad\u0131m Bal Porsug\u0306u Puki.Dans etmeyi, spor yapmay\u0131 c\u0327ok severim.Ama PAYLAS\u0327MAYI HI\u0307C\u0327 SEVMEM.Durun bir dakika, pelus\u0327 tavs\u0327an\u0131m\u0131z\u0131 c\u0327almak isteyen bir h\u0131rs\u0131z m\u0131 var?O halde hemen tak\u0131m<span class=\"excerpt-hellip\"> [\u2026]<\/span><\/p>\n","protected":false},"featured_media":0,"template":"","meta":{"_monsterinsights_skip_tracking":false,"_monsterinsights_sitenote_active":false,"_monsterinsights_sitenote_note":"","_monsterinsights_sitenote_category":0},"product_brand":[],"product_cat":[12274,12284],"product_tag":[],"class_list":{"0":"post-754700","1":"product","2":"type-product","3":"status-publish","5":"product_cat-cocuk-ve-genclik-kitaplari","6":"product_cat-hikayeler","7":"pa_cilt-ciltsiz","8":"pa_tur-kitap","9":"pa_yayinevi-eksik-parca-yayinlari","10":"pa_yazar-bahar-cetiner","12":"first","13":"instock","14":"sale","15":"shipping-taxable","16":"purchasable","17":"product-type-simple"},"_links":{"self":[{"href":"https:\/\/roveyayinevi.com.tr\/index.php\/wp-json\/wp\/v2\/product\/754700","targetHints":{"allow":["GET"]}}],"collection":[{"href":"https:\/\/roveyayinevi.com.tr\/index.php\/wp-json\/wp\/v2\/product"}],"about":[{"href":"https:\/\/roveyayinevi.com.tr\/index.php\/wp-json\/wp\/v2\/types\/product"}],"wp:attachment":[{"href":"https:\/\/roveyayinevi.com.tr\/index.php\/wp-json\/wp\/v2\/media?parent=754700"}],"wp:term":[{"taxonomy":"product_brand","embeddable":true,"href":"https:\/\/roveyayinevi.com.tr\/index.php\/wp-json\/wp\/v2\/product_brand?post=754700"},{"taxonomy":"product_cat","embeddable":true,"href":"https:\/\/roveyayinevi.com.tr\/index.php\/wp-json\/wp\/v2\/product_cat?post=754700"},{"taxonomy":"product_tag","embeddable":true,"href":"https:\/\/roveyayinevi.com.tr\/index.php\/wp-json\/wp\/v2\/product_tag?post=754700"}],"curies":[{"name":"wp","href":"https:\/\/api.w.org\/{rel}","templated":true}]}}