{"id":754691,"date":"2025-08-28T06:18:14","date_gmt":"2025-08-28T03:18:14","guid":{"rendered":"https:\/\/roveyayinevi.com.tr\/index.php\/urun\/efsane-maradona\/"},"modified":"2026-04-16T03:07:56","modified_gmt":"2026-04-16T00:07:56","slug":"efsane-maradona","status":"publish","type":"product","link":"https:\/\/roveyayinevi.com.tr\/index.php\/urun\/efsane-maradona\/","title":{"rendered":"Efsane Maradona"},"content":{"rendered":"<p>POSTER HED\u0130YEL\u0130! Arjantin\u2019in ba\u015fkenti Buenos Aires\u2019te bir gecekondu mahallesinde do\u011fdum. Fakir ama birbirine s\u0131ms\u0131k\u0131 ba\u011fl\u0131 bir ailede b\u00fcy\u00fcd\u00fcm. Hen\u00fcz 3 ya\u015f\u0131mdayd\u0131m topla tan\u0131\u015ft\u0131\u011f\u0131mda, 9 ya\u015f\u0131ma geldi\u011fimde ise bir k\u00f6y tak\u0131m\u0131nda futbol oynamaya ba\u015flad\u0131m. \u0130nsanlar\u0131n m\u00fckemmel olarak tan\u0131mlad\u0131\u011f\u0131 top s\u00fcrme yetene\u011fim, etkileyici ayak bile\u011fim, asistlerim ve gollerimle dikkat \u00e7ekmem \u00e7ok zaman almad\u0131. Tak\u0131m\u0131m\u0131 D\u00fcnya Kupas\u0131 zaferine g\u00f6t\u00fcren o me\u015fhur gol\u00fcm nam\u0131di\u011fer \u201cTanr\u0131\u2019n\u0131n Eli\u201d, futbol tarihinde e\u015fi benzeri olmayan bir efsaneye d\u00f6n\u00fc\u015ft\u00fc ve ad\u0131m alt\u0131n harflerle gelece\u011fe kaz\u0131nd\u0131!   Ben futbol i\u00e7in do\u011fmu\u015fum; s\u0131ra d\u0131\u015f\u0131 oyun tarz\u0131mla g\u00f6zlerin pas\u0131n\u0131 silerken ezber bozan ki\u015fili\u011fimle bir idol h\u00e2line geldim. Art\u0131k bu d\u00fcnyada de\u011filim, \u015f\u00fcphe yok ki beni izleme zevkini tadanlar\u0131n kalbinde her daim yer almaya devam edece\u011fim.Diego Armando Maradona<\/p>\n","protected":false},"excerpt":{"rendered":"<p>POSTER HED\u0130YEL\u0130! Arjantin\u2019in ba\u015fkenti Buenos Aires\u2019te bir gecekondu mahallesinde do\u011fdum. Fakir ama birbirine s\u0131ms\u0131k\u0131 ba\u011fl\u0131 bir ailede b\u00fcy\u00fcd\u00fcm. Hen\u00fcz 3 ya\u015f\u0131mdayd\u0131m topla tan\u0131\u015ft\u0131\u011f\u0131mda, 9 ya\u015f\u0131ma geldi\u011fimde<span class=\"excerpt-hellip\"> [\u2026]<\/span><\/p>\n","protected":false},"featured_media":0,"template":"","meta":{"_monsterinsights_skip_tracking":false,"_monsterinsights_sitenote_active":false,"_monsterinsights_sitenote_note":"","_monsterinsights_sitenote_category":0},"product_brand":[],"product_cat":[12274,12631],"product_tag":[],"class_list":{"0":"post-754691","1":"product","2":"type-product","3":"status-publish","5":"product_cat-cocuk-ve-genclik-kitaplari","6":"product_cat-diger-cocuk-ve-genclik-kitaplari","7":"pa_cilt-ciltsiz","8":"pa_tur-kitap","9":"pa_yayinevi-dokuz-yayinlari","10":"pa_yazar-diego-roberto","12":"first","13":"instock","14":"sale","15":"shipping-taxable","16":"purchasable","17":"product-type-simple"},"_links":{"self":[{"href":"https:\/\/roveyayinevi.com.tr\/index.php\/wp-json\/wp\/v2\/product\/754691","targetHints":{"allow":["GET"]}}],"collection":[{"href":"https:\/\/roveyayinevi.com.tr\/index.php\/wp-json\/wp\/v2\/product"}],"about":[{"href":"https:\/\/roveyayinevi.com.tr\/index.php\/wp-json\/wp\/v2\/types\/product"}],"wp:attachment":[{"href":"https:\/\/roveyayinevi.com.tr\/index.php\/wp-json\/wp\/v2\/media?parent=754691"}],"wp:term":[{"taxonomy":"product_brand","embeddable":true,"href":"https:\/\/roveyayinevi.com.tr\/index.php\/wp-json\/wp\/v2\/product_brand?post=754691"},{"taxonomy":"product_cat","embeddable":true,"href":"https:\/\/roveyayinevi.com.tr\/index.php\/wp-json\/wp\/v2\/product_cat?post=754691"},{"taxonomy":"product_tag","embeddable":true,"href":"https:\/\/roveyayinevi.com.tr\/index.php\/wp-json\/wp\/v2\/product_tag?post=754691"}],"curies":[{"name":"wp","href":"https:\/\/api.w.org\/{rel}","templated":true}]}}