{"id":754690,"date":"2025-08-28T06:18:13","date_gmt":"2025-08-28T03:18:13","guid":{"rendered":"https:\/\/roveyayinevi.com.tr\/index.php\/urun\/dzeko-benim-futbol-kahramanim\/"},"modified":"2026-04-16T03:07:56","modified_gmt":"2026-04-16T00:07:56","slug":"dzeko-benim-futbol-kahramanim","status":"publish","type":"product","link":"https:\/\/roveyayinevi.com.tr\/index.php\/urun\/dzeko-benim-futbol-kahramanim\/","title":{"rendered":"Dzeko &#8211; Benim Futbol Kahraman\u0131m"},"content":{"rendered":"<p>POSTER, FUTBOLCU KARTI VE AYRA\u00c7 HED\u0130YEL\u0130! #5 B\u0130R GOL MAK\u0130NES\u0130, B\u0130R L\u0130DER: ED\u0130N D\u017dEKO Edin D\u017eeko, k\u00fc\u00e7\u00fck ya\u015flardan itibaren futbola olan tutkusuyla, \u00e7al\u0131\u015fkanl\u0131\u011f\u0131yla ve ait oldu\u011fu co\u011frafyan\u0131n hissettirdi\u011fi ba\u015farma zorunlulu\u011fuyla k\u0131sa zaman i\u00e7inde \u00f6ne \u00e7\u0131kan bir isim olmu\u015ftur. Sahadaki yetene\u011fiyle futbol d\u00fcnyas\u0131n\u0131n en \u00f6nemli forvetlerinden biri h\u00e2line gelmi\u015ftir. Topa olan h\u00e2kimiyeti ve topu a\u011flarla bulu\u015fturmadaki ustal\u0131\u011f\u0131, futbolun en y\u00fcksek seviyelerine \u00e7\u0131kmas\u0131n\u0131 sa\u011flam\u0131\u015ft\u0131r. Bir golc\u00fc olarak, rakiplerini s\u00fcrekli zorlayan ve taraftarlar\u0131n\u0131 mest eden bir gol atma becerisine sahiptir. Bu \u00f6zellikleriyle k\u0131sa s\u00fcrede Fenerbah\u00e7e seyircisinin de be\u011fenisini kazanm\u0131\u015ft\u0131r. O, futbol kariyerinde g\u00f6sterdi\u011fi ba\u015far\u0131lar\u0131n\u0131n yan\u0131nda yard\u0131mseverli\u011fiyle de \u00f6ne \u00e7\u0131kan bir kahramand\u0131r. C\u00f6mertli\u011fi ve hay\u0131r i\u015flerine olan duyarl\u0131l\u0131\u011f\u0131, saha i\u00e7indeki ba\u015far\u0131s\u0131n\u0131n saha d\u0131\u015f\u0131na sadece bir yans\u0131mas\u0131d\u0131r. Her t\u00fcrl\u00fc ihtiya\u00e7 sahibine yard\u0131m etme iste\u011fi, onun karakterinin en \u00f6nemli \u00f6zelliklerinden biridir. Edin D\u017eeko, hem sahadaki hem de saha d\u0131\u015f\u0131ndaki ba\u015far\u0131lar\u0131 ve yard\u0131mseverli\u011fiyle futbol d\u00fcnyas\u0131na ilham veren; \u00f6rnek bir sporcu, fenomen bir golc\u00fc\u2026 BEN\u0130M FUTBOL KAHRAMANIM SER\u0130S\u0130 HEM EBEVEYNLER HEM DE \u00c7OCUKLARLA B\u00dcY\u00dcK GOLLER ATIYOR! Benim Futbol Kahraman\u0131m serisiyle, d\u00fcnyaca \u00fcnl\u00fc futbolcular\u0131n b\u00fcy\u00fck zaferlerle dolu ba\u015far\u0131 hik\u00e2yelerini \u00e7ocu\u011funuzla beraber okuyacaks\u0131n\u0131z. En \u00f6nemlisi, futbol kahraman\u0131n\u0131n hayat\u0131n\u0131n derinliklerine dalarken \u00e7ocu\u011funuz, okudu\u011funu anlama becerilerini geli\u015ftirecek. Okuma becerisi kazand\u0131rman\u0131n en iyi yolu, ona elinden b\u0131rakamayaca\u011f\u0131 kitaplar vermektir.<\/p>\n","protected":false},"excerpt":{"rendered":"<p>POSTER, FUTBOLCU KARTI VE AYRA\u00c7 HED\u0130YEL\u0130! #5 B\u0130R GOL MAK\u0130NES\u0130, B\u0130R L\u0130DER: ED\u0130N D\u017dEKO Edin D\u017eeko, k\u00fc\u00e7\u00fck ya\u015flardan itibaren futbola olan tutkusuyla, \u00e7al\u0131\u015fkanl\u0131\u011f\u0131yla ve ait oldu\u011fu<span class=\"excerpt-hellip\"> [\u2026]<\/span><\/p>\n","protected":false},"featured_media":0,"template":"","meta":{"_monsterinsights_skip_tracking":false,"_monsterinsights_sitenote_active":false,"_monsterinsights_sitenote_note":"","_monsterinsights_sitenote_category":0},"product_brand":[],"product_cat":[12274,12631],"product_tag":[],"class_list":{"0":"post-754690","1":"product","2":"type-product","3":"status-publish","5":"product_cat-cocuk-ve-genclik-kitaplari","6":"product_cat-diger-cocuk-ve-genclik-kitaplari","7":"pa_cilt-ciltsiz","8":"pa_tur-kitap","9":"pa_yayinevi-dokuz-yayinlari","10":"pa_yazar-rob-green","12":"first","13":"instock","14":"sale","15":"shipping-taxable","16":"purchasable","17":"product-type-simple"},"_links":{"self":[{"href":"https:\/\/roveyayinevi.com.tr\/index.php\/wp-json\/wp\/v2\/product\/754690","targetHints":{"allow":["GET"]}}],"collection":[{"href":"https:\/\/roveyayinevi.com.tr\/index.php\/wp-json\/wp\/v2\/product"}],"about":[{"href":"https:\/\/roveyayinevi.com.tr\/index.php\/wp-json\/wp\/v2\/types\/product"}],"wp:attachment":[{"href":"https:\/\/roveyayinevi.com.tr\/index.php\/wp-json\/wp\/v2\/media?parent=754690"}],"wp:term":[{"taxonomy":"product_brand","embeddable":true,"href":"https:\/\/roveyayinevi.com.tr\/index.php\/wp-json\/wp\/v2\/product_brand?post=754690"},{"taxonomy":"product_cat","embeddable":true,"href":"https:\/\/roveyayinevi.com.tr\/index.php\/wp-json\/wp\/v2\/product_cat?post=754690"},{"taxonomy":"product_tag","embeddable":true,"href":"https:\/\/roveyayinevi.com.tr\/index.php\/wp-json\/wp\/v2\/product_tag?post=754690"}],"curies":[{"name":"wp","href":"https:\/\/api.w.org\/{rel}","templated":true}]}}