{"id":754689,"date":"2025-08-28T06:18:11","date_gmt":"2025-08-28T03:18:11","guid":{"rendered":"https:\/\/roveyayinevi.com.tr\/index.php\/urun\/aboubakar-benim-futbol-kahramanim\/"},"modified":"2026-04-16T03:07:56","modified_gmt":"2026-04-16T00:07:56","slug":"aboubakar-benim-futbol-kahramanim","status":"publish","type":"product","link":"https:\/\/roveyayinevi.com.tr\/index.php\/urun\/aboubakar-benim-futbol-kahramanim\/","title":{"rendered":"Aboubakar &#8211; Benim Futbol Kahraman\u0131m"},"content":{"rendered":"<p>POSTER, FUTBOLCU KARTI VE AYRA\u00c7 HED\u0130YEL\u0130! #3 BE\u015e\u0130KTA\u015e\u2019IN KARA KARTALI: VINCENT ABOUBAKAR Aboubakar; ba\u015far\u0131lar\u0131yla futbolun b\u00fcy\u00fcl\u00fc d\u00fcnyas\u0131na ad\u0131n\u0131 alt\u0131n harflerle yazd\u0131rm\u0131\u015f, zaferlerle dolu destans\u0131 kariyeriyle \u00f6zellikle Be\u015fikta\u015f\u2019\u0131n ve Kamerun Mill\u00ee Tak\u0131m\u0131\u2019n\u0131n efsaneleri aras\u0131nda yerini \u015fimdiden alm\u0131\u015ft\u0131r. Yetenekleri ve azmiyle k\u0131sa s\u00fcrede dikkatleri \u00fczerine \u00e7ekmi\u015f, att\u0131\u011f\u0131 muhte\u015fem gollerle her zaman aranan forvet olarak tak\u0131m\u0131n\u0131n ba\u015far\u0131lar\u0131nda ba\u015frol oynam\u0131\u015ft\u0131r. Klas bir golc\u00fc, h\u0131rsl\u0131 bir futbolcu olmas\u0131 onu taraftarlar\u0131n sevgilisi h\u00e2line getirmi\u015ftir. Taraftarla b\u00fct\u00fcnle\u015fen bir golc\u00fc olmas\u0131 nedeniyle Be\u015fikta\u015f taraftar grubu \u00c7ar\u015f\u0131\u2019n\u0131n en sevdi\u011fi futbolcular aras\u0131nda yerini alm\u0131\u015ft\u0131r. Bu ba\u015far\u0131lar\u0131 b\u00fcy\u00fck Be\u015fikta\u015f tak\u0131m\u0131n\u0131n tarihinde de unutulmaz bir iz b\u0131rakm\u0131\u015ft\u0131r. Futbolun heyecan\u0131n\u0131 ve tutkusunu en iyi \u015fekilde bir idol olarak temsil eden Aboubakar; karakteri, al\u00e7ak g\u00f6n\u00fcll\u00fcl\u00fc\u011f\u00fc, yard\u0131mseverli\u011fi ve milletine olan sadakatiyle futbolun sadece bir spor de\u011fil, ayn\u0131 zamanda insanlar\u0131 birbirine ba\u011flayan bir de\u011fer oldu\u011funu da kan\u0131tlam\u0131\u015ft\u0131r. Aboubakar oynad\u0131\u011f\u0131 futbolla, hem Kamerun halk\u0131n\u0131n ve \u00c7ar\u015f\u0131 grubunun gururu hem de futbol d\u00fcnyas\u0131n\u0131n \u00f6nemli golc\u00fclerindendir. BEN\u0130M FUTBOL KAHRAMANIM SER\u0130S\u0130 HEM EBEVEYNLER HEM DE \u00c7OCUKLARLA B\u00dcY\u00dcK GOLLER ATIYOR! Benim Futbol Kahraman\u0131m serisiyle, d\u00fcnyaca \u00fcnl\u00fc futbolcular\u0131n b\u00fcy\u00fck zaferlerle dolu ba\u015far\u0131 hik\u00e2yelerini \u00e7ocu\u011funuzla beraber okuyacaks\u0131n\u0131z. En \u00f6nemlisi, futbol kahraman\u0131n\u0131n hayat\u0131n\u0131n derinliklerine dalarken \u00e7ocu\u011funuz, okudu\u011funu anlama becerilerini geli\u015ftirecek. Okuma becerisi kazand\u0131rman\u0131n en iyi yolu, ona elinden b\u0131rakamayaca\u011f\u0131 kitaplar vermektir.<\/p>\n","protected":false},"excerpt":{"rendered":"<p>POSTER, FUTBOLCU KARTI VE AYRA\u00c7 HED\u0130YEL\u0130! #3 BE\u015e\u0130KTA\u015e\u2019IN KARA KARTALI: VINCENT ABOUBAKAR Aboubakar; ba\u015far\u0131lar\u0131yla futbolun b\u00fcy\u00fcl\u00fc d\u00fcnyas\u0131na ad\u0131n\u0131 alt\u0131n harflerle yazd\u0131rm\u0131\u015f, zaferlerle dolu destans\u0131 kariyeriyle \u00f6zellikle<span class=\"excerpt-hellip\"> [\u2026]<\/span><\/p>\n","protected":false},"featured_media":0,"template":"","meta":{"_monsterinsights_skip_tracking":false,"_monsterinsights_sitenote_active":false,"_monsterinsights_sitenote_note":"","_monsterinsights_sitenote_category":0},"product_brand":[],"product_cat":[12274,12631],"product_tag":[],"class_list":{"0":"post-754689","1":"product","2":"type-product","3":"status-publish","5":"product_cat-cocuk-ve-genclik-kitaplari","6":"product_cat-diger-cocuk-ve-genclik-kitaplari","7":"pa_cilt-ciltsiz","8":"pa_tur-kitap","9":"pa_yayinevi-dokuz-yayinlari","10":"pa_yazar-rob-green","12":"first","13":"instock","14":"sale","15":"shipping-taxable","16":"purchasable","17":"product-type-simple"},"_links":{"self":[{"href":"https:\/\/roveyayinevi.com.tr\/index.php\/wp-json\/wp\/v2\/product\/754689","targetHints":{"allow":["GET"]}}],"collection":[{"href":"https:\/\/roveyayinevi.com.tr\/index.php\/wp-json\/wp\/v2\/product"}],"about":[{"href":"https:\/\/roveyayinevi.com.tr\/index.php\/wp-json\/wp\/v2\/types\/product"}],"wp:attachment":[{"href":"https:\/\/roveyayinevi.com.tr\/index.php\/wp-json\/wp\/v2\/media?parent=754689"}],"wp:term":[{"taxonomy":"product_brand","embeddable":true,"href":"https:\/\/roveyayinevi.com.tr\/index.php\/wp-json\/wp\/v2\/product_brand?post=754689"},{"taxonomy":"product_cat","embeddable":true,"href":"https:\/\/roveyayinevi.com.tr\/index.php\/wp-json\/wp\/v2\/product_cat?post=754689"},{"taxonomy":"product_tag","embeddable":true,"href":"https:\/\/roveyayinevi.com.tr\/index.php\/wp-json\/wp\/v2\/product_tag?post=754689"}],"curies":[{"name":"wp","href":"https:\/\/api.w.org\/{rel}","templated":true}]}}