{"id":754685,"date":"2025-08-28T06:18:06","date_gmt":"2025-08-28T03:18:06","guid":{"rendered":"https:\/\/roveyayinevi.com.tr\/index.php\/urun\/devrim-nasil-yapilir\/"},"modified":"2026-04-16T03:07:56","modified_gmt":"2026-04-16T00:07:56","slug":"devrim-nasil-yapilir","status":"publish","type":"product","link":"https:\/\/roveyayinevi.com.tr\/index.php\/urun\/devrim-nasil-yapilir\/","title":{"rendered":"Devrim Nas\u0131l Yap\u0131l\u0131r?"},"content":{"rendered":"<p>\u201cK\u00fc\u00e7\u00fck az\u0131nl\u0131klar\u0131n b\u00fcy\u00fck \u00e7o\u011funluklara h\u00fckmetmesine son vererek, insanlar\u0131n kendileriyle ilgili her t\u00fcr karar\u0131 \u00f6zg\u00fcrce kendilerinin almas\u0131n\u0131 sa\u011flamak m\u00fcmk\u00fcn m\u00fc?\u201d \u201c21. Y\u00fczy\u0131lda Marksizm ve Sosyalizm\u201d alt ba\u015fl\u0131kl\u0131 Teorisyeniniz Devrimciydi\u2019nin yazar\u0131 Erkin \u00d6zalp, yeni \u00e7al\u0131\u015fmas\u0131nda, farkl\u0131 \u00fclkelerdeki g\u00f6rece yak\u0131n tarihli m\u00fccadele deneyimlerinden hareketle, yukar\u0131daki soruya olumlu bir cevap vermenin yolunu ar\u0131yor. Kitapta incelenen \u00e7ok say\u0131da \u00f6rnek aras\u0131nda, Nepal\u2019de Maoistler taraf\u0131ndan y\u00fcr\u00fct\u00fclm\u00fc\u015f olan gerilla sava\u015f\u0131, Hugo Ch\u00e1vez\u2019in Bolivarc\u0131 Devrimi, Meksika\u2019daki Zapatistalar\u0131n \u201ca\u015fa\u011f\u0131dan yukar\u0131ya\u201d devrim yapma m\u00fccadeleleri, Yunanistan\u2019da Syriza\u2019n\u0131n iktidara geli\u015fi ve teslim bayra\u011f\u0131n\u0131 a\u00e7mas\u0131, \u0130spanya\u2019da pop\u00fclizm teorisini hayata ge\u00e7irmeye \u00e7al\u0131\u015fan Podemos\u2019un hen\u00fcz muhalefetteyken ya\u015fad\u0131\u011f\u0131 d\u00f6n\u00fc\u015f\u00fcmler ve Avusturyal\u0131 kom\u00fcnistlere Graz kentinin belediye ba\u015fkanl\u0131\u011f\u0131n\u0131 kazand\u0131ran yerel \u00e7al\u0131\u015fmalar da bulunuyor. Sosyalist sistemin \u00e7\u00f6k\u00fc\u015f\u00fc sonras\u0131nda ba\u015fvurulan m\u00fccadele stratejilerini somut deneyimler \u0131\u015f\u0131\u011f\u0131nda de\u011ferlendiren \u00d6zalp, T\u00fcrkiye\u2019deki devrim m\u00fccadelesinin gereklerini de g\u00f6z \u00f6n\u00fcnde bulundurarak, kitlelerin kendi eserleri olacak, ge\u00e7mi\u015fteki zaaflar\u0131n yeniden ortaya \u00e7\u0131kmas\u0131na izin vermeyecek ve insanl\u0131\u011f\u0131n kurtulu\u015funu yak\u0131nla\u015ft\u0131rabilecek olan devrimlerin nas\u0131l yap\u0131labilece\u011fini ana hatlar\u0131yla tart\u0131\u015f\u0131yor ve somut \u00f6nerilerde bulunuyor. Ku\u015fkusuz, uygulanmaya haz\u0131r bir \u201cre\u00e7ete\u201d sunmaya kalk\u0131\u015fmadan\u2026 <\/p>\n","protected":false},"excerpt":{"rendered":"<p>\u201cK\u00fc\u00e7\u00fck az\u0131nl\u0131klar\u0131n b\u00fcy\u00fck \u00e7o\u011funluklara h\u00fckmetmesine son vererek, insanlar\u0131n kendileriyle ilgili her t\u00fcr karar\u0131 \u00f6zg\u00fcrce kendilerinin almas\u0131n\u0131 sa\u011flamak m\u00fcmk\u00fcn m\u00fc?\u201d \u201c21. Y\u00fczy\u0131lda Marksizm ve Sosyalizm\u201d alt ba\u015fl\u0131kl\u0131<span class=\"excerpt-hellip\"> [\u2026]<\/span><\/p>\n","protected":false},"featured_media":0,"template":"","meta":{"_monsterinsights_skip_tracking":false,"_monsterinsights_sitenote_active":false,"_monsterinsights_sitenote_note":"","_monsterinsights_sitenote_category":0},"product_brand":[],"product_cat":[13590,12337],"product_tag":[],"class_list":{"0":"post-754685","1":"product","2":"type-product","3":"status-publish","5":"product_cat-arastirma-inceleme-politika-siyaset","6":"product_cat-politika-siyaset","7":"pa_cilt-ciltsiz","8":"pa_tur-kitap","9":"pa_yayinevi-yordam-kitap","10":"pa_yazar-erkin-ozalp","12":"first","13":"instock","14":"sale","15":"shipping-taxable","16":"purchasable","17":"product-type-simple"},"_links":{"self":[{"href":"https:\/\/roveyayinevi.com.tr\/index.php\/wp-json\/wp\/v2\/product\/754685","targetHints":{"allow":["GET"]}}],"collection":[{"href":"https:\/\/roveyayinevi.com.tr\/index.php\/wp-json\/wp\/v2\/product"}],"about":[{"href":"https:\/\/roveyayinevi.com.tr\/index.php\/wp-json\/wp\/v2\/types\/product"}],"wp:attachment":[{"href":"https:\/\/roveyayinevi.com.tr\/index.php\/wp-json\/wp\/v2\/media?parent=754685"}],"wp:term":[{"taxonomy":"product_brand","embeddable":true,"href":"https:\/\/roveyayinevi.com.tr\/index.php\/wp-json\/wp\/v2\/product_brand?post=754685"},{"taxonomy":"product_cat","embeddable":true,"href":"https:\/\/roveyayinevi.com.tr\/index.php\/wp-json\/wp\/v2\/product_cat?post=754685"},{"taxonomy":"product_tag","embeddable":true,"href":"https:\/\/roveyayinevi.com.tr\/index.php\/wp-json\/wp\/v2\/product_tag?post=754685"}],"curies":[{"name":"wp","href":"https:\/\/api.w.org\/{rel}","templated":true}]}}