{"id":754684,"date":"2025-08-28T06:18:05","date_gmt":"2025-08-28T03:18:05","guid":{"rendered":"https:\/\/roveyayinevi.com.tr\/index.php\/urun\/dunyada-ve-turkiyede-komunist-ufuk\/"},"modified":"2026-04-16T03:07:56","modified_gmt":"2026-04-16T00:07:56","slug":"dunyada-ve-turkiyede-komunist-ufuk","status":"publish","type":"product","link":"https:\/\/roveyayinevi.com.tr\/index.php\/urun\/dunyada-ve-turkiyede-komunist-ufuk\/","title":{"rendered":"D\u00fcnyada ve T\u00fcrkiye&#8217;de Kom\u00fcnist Ufuk"},"content":{"rendered":"<p>D\u00fcnyada ve T\u00fcrkiye\u2019de Kom\u00fcnist Ufuk, Kas\u0131m 2021\u2019de yay\u0131mlanan Uygarl\u0131k D\u00f6nemeci\u2019nin devam\u0131d\u0131r. Uygarl\u0131k D\u00f6nemeci daha \u00e7ok kapitalizmin teorik ve tarihsel s\u0131n\u0131rlar\u0131 \u00fczerineydi. Bu kitapta ise yeni bir uygarl\u0131\u011f\u0131n, bug\u00fcnk\u00fc toplumda olu\u015fmakta olan maddi \u00f6nko\u015fullar\u0131na, olanaklar\u0131na yo\u011funla\u015f\u0131l\u0131yor. \u201c\u00d6nko\u015ful\u201d, \u201colanak\u201d, hatta \u201cbirikim\u201d kavramlar\u0131, toplumsal devrim g\u00fc\u00e7lerinin haz\u0131r ve aktif olduklar\u0131n\u0131 de\u011fil, olas\u0131l\u0131k ve gizilg\u00fc\u00e7 olarak var olduklar\u0131n\u0131 anlat\u0131yor. \u201cDevrim\u201d, \u201c\u00d6zne\u201d, \u201cKom\u00fcnizmin Olanaklar\u0131\u201d, \u201cSiyaset\u201d ve \u201cT\u00fcrkiye 1923-2023\u201d kitab\u0131n ana b\u00f6lmelerini olu\u015fturuyor. Yurtsever, \u201ckapitalizmin en b\u00fcy\u00fck ba\u015far\u0131s\u0131 do\u011fal ve ebedi bir d\u00fczen oldu\u011fu d\u00fc\u015f\u00fcncesini s\u00f6m\u00fcr\u00fclen, ezilen b\u00fcy\u00fck kitle i\u00e7inde egemen k\u0131lmas\u0131d\u0131r\u201d diyor ve bu boyunduru\u011fu k\u0131rman\u0131n felsefi, d\u00fc\u015f\u00fcnsel, tarihsel, s\u0131n\u0131fsal ve pratik olanaklar\u0131 \u00fczerine bilgi, malzeme, ele\u015ftiri ve yorumlar sunuyor. Kitaptaki \u00f6nemli saptamalardan biri, s\u0131n\u0131rdaki kapitalizmin kendi i\u00e7 enerjisiyle de\u011fil, hen\u00fcz k\u0131r\u0131lmam\u0131\u015f se\u00e7eneksizlik alg\u0131s\u0131yla ayakta kald\u0131\u011f\u0131 bi\u00e7iminde. Yazar, se\u00e7enek yaratmak, kom\u00fcnizmi ger\u00e7ek bir hareket olarak yeniden var edebilmek i\u00e7in program, strateji, siyaset \u00fczerine, \u00f6zellikle de m\u00fccadele hedeflerinin mant\u0131\u011f\u0131 \u00fczerine ele\u015ftiri ve \u00f6neriler geli\u015ftiriyor. \u201cT\u00fcrkiye 1923-2023\u201d b\u00f6lmesinde Osmanl\u0131-T\u00fcrk burjuva devrimi, T\u00fcrkiye Cumhuriyeti\u2019nin kurulu\u015fu, \u00e7\u00fcr\u00fcy\u00fc\u015f ve \u00e7\u00f6z\u00fcl\u00fc\u015f s\u00fcre\u00e7leri tarihsel ve s\u0131n\u0131fsal bir mercekten anlat\u0131l\u0131yor. 14-28 May\u0131s se\u00e7imlerinin ele\u015ftirel de\u011ferlendirmesi yap\u0131l\u0131yor. D\u00fcnyada ve T\u00fcrkiye\u2019de Kom\u00fcnist Ufuk d\u00fcnyay\u0131 de\u011fi\u015ftirmek isteyenleri tarih, s\u0131n\u0131f ve s\u0131n\u0131r bilinci \u0131\u015f\u0131\u011f\u0131nda d\u00fc\u015f\u00fcnmeye, tart\u0131\u015fmaya, davranmaya \u00e7a\u011f\u0131r\u0131yor. <\/p>\n","protected":false},"excerpt":{"rendered":"<p>D\u00fcnyada ve T\u00fcrkiye\u2019de Kom\u00fcnist Ufuk, Kas\u0131m 2021\u2019de yay\u0131mlanan Uygarl\u0131k D\u00f6nemeci\u2019nin devam\u0131d\u0131r. Uygarl\u0131k D\u00f6nemeci daha \u00e7ok kapitalizmin teorik ve tarihsel s\u0131n\u0131rlar\u0131 \u00fczerineydi. Bu kitapta ise yeni bir<span class=\"excerpt-hellip\"> [\u2026]<\/span><\/p>\n","protected":false},"featured_media":0,"template":"","meta":{"_monsterinsights_skip_tracking":false,"_monsterinsights_sitenote_active":false,"_monsterinsights_sitenote_note":"","_monsterinsights_sitenote_category":0},"product_brand":[],"product_cat":[13590,12337],"product_tag":[],"class_list":{"0":"post-754684","1":"product","2":"type-product","3":"status-publish","5":"product_cat-arastirma-inceleme-politika-siyaset","6":"product_cat-politika-siyaset","7":"pa_cilt-ciltsiz","8":"pa_tur-kitap","9":"pa_yayinevi-yordam-kitap","10":"pa_yazar-haluk-yurtsever","12":"first","13":"instock","14":"sale","15":"shipping-taxable","16":"purchasable","17":"product-type-simple"},"_links":{"self":[{"href":"https:\/\/roveyayinevi.com.tr\/index.php\/wp-json\/wp\/v2\/product\/754684","targetHints":{"allow":["GET"]}}],"collection":[{"href":"https:\/\/roveyayinevi.com.tr\/index.php\/wp-json\/wp\/v2\/product"}],"about":[{"href":"https:\/\/roveyayinevi.com.tr\/index.php\/wp-json\/wp\/v2\/types\/product"}],"wp:attachment":[{"href":"https:\/\/roveyayinevi.com.tr\/index.php\/wp-json\/wp\/v2\/media?parent=754684"}],"wp:term":[{"taxonomy":"product_brand","embeddable":true,"href":"https:\/\/roveyayinevi.com.tr\/index.php\/wp-json\/wp\/v2\/product_brand?post=754684"},{"taxonomy":"product_cat","embeddable":true,"href":"https:\/\/roveyayinevi.com.tr\/index.php\/wp-json\/wp\/v2\/product_cat?post=754684"},{"taxonomy":"product_tag","embeddable":true,"href":"https:\/\/roveyayinevi.com.tr\/index.php\/wp-json\/wp\/v2\/product_tag?post=754684"}],"curies":[{"name":"wp","href":"https:\/\/api.w.org\/{rel}","templated":true}]}}