{"id":754677,"date":"2025-08-28T06:17:52","date_gmt":"2025-08-28T03:17:52","guid":{"rendered":"https:\/\/roveyayinevi.com.tr\/index.php\/urun\/kutuphane-2\/"},"modified":"2026-04-16T03:07:55","modified_gmt":"2026-04-16T00:07:55","slug":"kutuphane-2","status":"publish","type":"product","link":"https:\/\/roveyayinevi.com.tr\/index.php\/urun\/kutuphane-2\/","title":{"rendered":"K\u00fct\u00fcphane"},"content":{"rendered":"<p>Kitapseverler i\u00e7in m\u00fckemmel olan bu kitap,  antik d\u00fcnyadan dijital \u00e7a\u011fa k\u00fct\u00fcphanelerin ve onlar\u0131 in\u015fa eden insanlar\u0131n tarihine dair b\u00fcy\u00fcleyici bir ara\u015ft\u0131rma.   Bilinen d\u00fcnyan\u0131n her yerinde \u015fan\u0131 olan, \u00f6zel koleksiyoncular taraf\u0131ndan k\u0131skan\u00e7l\u0131kla korunan, y\u00fczy\u0131llar boyunca in\u015fa edilen, bir g\u00fcnde yok edilen, alt\u0131n varak ve fresklerle s\u00fcslenen veya armut koltuklar ve \u00e7ocuklar\u0131n \u00e7izimleriyle doldurulan k\u00fct\u00fcphanelerin tarihi zengin, son derece \u00e7e\u015fitlilik arz eden ve olaylarla dolu bir tarihtir. K\u00fct\u00fcphane&#8217;de tarih\u00e7iler Andrew Pettegree ve Arthur der Weduwen bize d\u00fcnyan\u0131n b\u00fcy\u00fck koleksiyonlar\u0131n\u0131 \u015fekillendiren antikac\u0131lar\u0131 ve hay\u0131rseverleri tan\u0131t\u0131yor, edebi zevklerin y\u00fckseli\u015f ve d\u00fc\u015f\u00fc\u015f\u00fcn\u00fcn izini s\u00fcr\u00fcyor ve nadir  el yazmalar\u0131n\u0131 elde etmek i\u00e7in i\u015flenen b\u00fcy\u00fck su\u00e7lar\u0131 ve kabahatleri ortaya koyuyor. Kitapta yazarlar, koleksiyonlar\u0131n kendileri k\u0131r\u0131lgan olmas\u0131na ve genellikle birka\u00e7 on y\u0131l i\u00e7inde harap olmas\u0131na ra\u011fmen, her ku\u015fak k\u00fct\u00fcphane kurumunu yeniden olu\u015fturup ba\u015ftan yeniden yarat\u0131rken, bir fikir olarak k\u00fct\u00fcphanenin nas\u0131l kayda de\u011fer bir \u00f6l\u00e7\u00fcde diren\u00e7li kalabildi\u011fini g\u00f6zler \u00f6n\u00fcne seriyorlar.    G\u00fczel bir dille yaz\u0131lm\u0131\u015f ve derinlemesine bir ara\u015ft\u0131rman\u0131n sonucu olan K\u00fct\u00fcphane, kitapseverler, koleksiyoncular ve k\u00fct\u00fcphane raflar\u0131 aras\u0131nda bir kez de olsa mutluluk i\u00e7inde kaybolmu\u015f herkes i\u00e7in mutlaka okunmas\u0131 gereken bir kitap. <\/p>\n","protected":false},"excerpt":{"rendered":"<p>Kitapseverler i\u00e7in m\u00fckemmel olan bu kitap, antik d\u00fcnyadan dijital \u00e7a\u011fa k\u00fct\u00fcphanelerin ve onlar\u0131 in\u015fa eden insanlar\u0131n tarihine dair b\u00fcy\u00fcleyici bir ara\u015ft\u0131rma. Bilinen d\u00fcnyan\u0131n her yerinde \u015fan\u0131<span class=\"excerpt-hellip\"> [\u2026]<\/span><\/p>\n","protected":false},"featured_media":0,"template":"","meta":{"_monsterinsights_skip_tracking":false,"_monsterinsights_sitenote_active":false,"_monsterinsights_sitenote_note":"","_monsterinsights_sitenote_category":0},"product_brand":[],"product_cat":[12370,12304],"product_tag":[],"class_list":{"0":"post-754677","1":"product","2":"type-product","3":"status-publish","5":"product_cat-arastirma-inceleme","6":"product_cat-tarih","7":"pa_cilt-ciltsiz","8":"pa_tur-kitap","9":"pa_yayinevi-yeditepe-yayinevi","10":"pa_yazar-andrew-pettegree-arthur-der-weduwen","12":"first","13":"instock","14":"sale","15":"shipping-taxable","16":"purchasable","17":"product-type-simple"},"_links":{"self":[{"href":"https:\/\/roveyayinevi.com.tr\/index.php\/wp-json\/wp\/v2\/product\/754677","targetHints":{"allow":["GET"]}}],"collection":[{"href":"https:\/\/roveyayinevi.com.tr\/index.php\/wp-json\/wp\/v2\/product"}],"about":[{"href":"https:\/\/roveyayinevi.com.tr\/index.php\/wp-json\/wp\/v2\/types\/product"}],"wp:attachment":[{"href":"https:\/\/roveyayinevi.com.tr\/index.php\/wp-json\/wp\/v2\/media?parent=754677"}],"wp:term":[{"taxonomy":"product_brand","embeddable":true,"href":"https:\/\/roveyayinevi.com.tr\/index.php\/wp-json\/wp\/v2\/product_brand?post=754677"},{"taxonomy":"product_cat","embeddable":true,"href":"https:\/\/roveyayinevi.com.tr\/index.php\/wp-json\/wp\/v2\/product_cat?post=754677"},{"taxonomy":"product_tag","embeddable":true,"href":"https:\/\/roveyayinevi.com.tr\/index.php\/wp-json\/wp\/v2\/product_tag?post=754677"}],"curies":[{"name":"wp","href":"https:\/\/api.w.org\/{rel}","templated":true}]}}