{"id":754676,"date":"2025-08-28T06:17:50","date_gmt":"2025-08-28T03:17:50","guid":{"rendered":"https:\/\/roveyayinevi.com.tr\/index.php\/urun\/azrailin-gozyaslari\/"},"modified":"2026-04-16T03:07:55","modified_gmt":"2026-04-16T00:07:55","slug":"azrailin-gozyaslari","status":"publish","type":"product","link":"https:\/\/roveyayinevi.com.tr\/index.php\/urun\/azrailin-gozyaslari\/","title":{"rendered":"Azrailin G\u00f6zya\u015flar\u0131"},"content":{"rendered":"<p>Bir s\u00fcre sonra toz bulutu da\u011f\u0131lmaya ba\u015flad\u0131\u011f\u0131nda beton bloklar aras\u0131nda annesinin elini g\u00f6rd\u00fc. Ko\u015ftu annesinin elini tuttu. Cudi hala kuca\u011f\u0131ndayd\u0131. Annesine seslendi ama yan\u0131t yoktu. K\u00fc\u00e7\u00fck bedenden \u00e7\u0131kan \u00e7\u0131\u011fl\u0131k koca \u015fehrin her yan\u0131ndan duyuluyordu. G\u00f6ky\u00fcz\u00fc karanl\u0131\u011fa b\u00fcr\u00fcnm\u00fc\u015ft\u00fc. Afra\u2019n\u0131n tuttu\u011fu el, v\u00fccudundan ayr\u0131lm\u0131\u015ft\u0131. T\u0131pk\u0131 bedeninin di\u011fer organlar\u0131 gibi\u2026 Kafas\u0131, kollar\u0131 bacaklar\u0131 parampar\u00e7a olmu\u015f betonlar\u0131n alt\u0131nda kalm\u0131\u015ft\u0131. \u201cAnne, anne!\u201d A\u011flamaktan sesi k\u0131s\u0131ld\u0131. B\u00fcy\u00fck bir \u00e7aresizli\u011fin kuca\u011f\u0131na d\u00fc\u015fm\u00fc\u015ft\u00fc. Karde\u015fine \u00f6yle s\u0131k\u0131 sar\u0131lm\u0131\u015ft\u0131 ki, Cudi susmu\u015f ne a\u011fl\u0131yor ne \u00e7\u0131\u011fl\u0131k at\u0131yordu. Afra, y\u0131k\u0131lm\u0131\u015f evin betonlar\u0131n\u0131n aras\u0131nda tuttu\u011fu elin s\u0131cakl\u0131\u011f\u0131yla, titreyen k\u00fc\u00e7\u00fck dizlerinin \u00fczerine y\u0131k\u0131ld\u0131. Sanki kendini Azrail\u2019in kollar\u0131na b\u0131rakm\u0131\u015ft\u0131. G\u00f6z p\u0131narlar\u0131 kurumu\u015f olmas\u0131na ra\u011fmen Allah\u2019a yalvar\u0131rcas\u0131na birka\u00e7 damla ya\u015f d\u00fc\u015ft\u00fc g\u00f6zlerinden. Yorgun, uykusuz ve a\u00e7 bedeni daha fazla dayanamad\u0131, yava\u015f yava\u015f g\u00f6zleri bu\u011fuland\u0131, usulca kapand\u0131. <\/p>\n","protected":false},"excerpt":{"rendered":"<p>Bir s\u00fcre sonra toz bulutu da\u011f\u0131lmaya ba\u015flad\u0131\u011f\u0131nda beton bloklar aras\u0131nda annesinin elini g\u00f6rd\u00fc. Ko\u015ftu annesinin elini tuttu. Cudi hala kuca\u011f\u0131ndayd\u0131. Annesine seslendi ama yan\u0131t yoktu. K\u00fc\u00e7\u00fck<span class=\"excerpt-hellip\"> [\u2026]<\/span><\/p>\n","protected":false},"featured_media":0,"template":"","meta":{"_monsterinsights_skip_tracking":false,"_monsterinsights_sitenote_active":false,"_monsterinsights_sitenote_note":"","_monsterinsights_sitenote_category":0},"product_brand":[],"product_cat":[12291,12711],"product_tag":[],"class_list":{"0":"post-754676","1":"product","2":"type-product","3":"status-publish","5":"product_cat-edebiyat","6":"product_cat-roman-oyku","7":"pa_cilt-ciltsiz","8":"pa_tur-kitap","9":"pa_yayinevi-semenderkitap-yayinlari","10":"pa_yazar-mahmut-ozkoca-bulent-uygur","12":"first","13":"instock","14":"sale","15":"shipping-taxable","16":"purchasable","17":"product-type-simple"},"_links":{"self":[{"href":"https:\/\/roveyayinevi.com.tr\/index.php\/wp-json\/wp\/v2\/product\/754676","targetHints":{"allow":["GET"]}}],"collection":[{"href":"https:\/\/roveyayinevi.com.tr\/index.php\/wp-json\/wp\/v2\/product"}],"about":[{"href":"https:\/\/roveyayinevi.com.tr\/index.php\/wp-json\/wp\/v2\/types\/product"}],"wp:attachment":[{"href":"https:\/\/roveyayinevi.com.tr\/index.php\/wp-json\/wp\/v2\/media?parent=754676"}],"wp:term":[{"taxonomy":"product_brand","embeddable":true,"href":"https:\/\/roveyayinevi.com.tr\/index.php\/wp-json\/wp\/v2\/product_brand?post=754676"},{"taxonomy":"product_cat","embeddable":true,"href":"https:\/\/roveyayinevi.com.tr\/index.php\/wp-json\/wp\/v2\/product_cat?post=754676"},{"taxonomy":"product_tag","embeddable":true,"href":"https:\/\/roveyayinevi.com.tr\/index.php\/wp-json\/wp\/v2\/product_tag?post=754676"}],"curies":[{"name":"wp","href":"https:\/\/api.w.org\/{rel}","templated":true}]}}