{"id":754675,"date":"2025-08-28T06:17:49","date_gmt":"2025-08-28T03:17:49","guid":{"rendered":"https:\/\/roveyayinevi.com.tr\/index.php\/urun\/prof-dr-salih-cecene-armagan-ciltli\/"},"modified":"2025-11-21T09:41:23","modified_gmt":"2025-11-21T06:41:23","slug":"prof-dr-salih-cecene-armagan-ciltli","status":"publish","type":"product","link":"https:\/\/roveyayinevi.com.tr\/index.php\/urun\/prof-dr-salih-cecene-armagan-ciltli\/","title":{"rendered":"Prof. Dr. Salih \u00c7e\u00e7en&#8217;e Arma\u011fan (Ciltli)"},"content":{"rendered":"<p>T\u00fcrkiye\u2019de \u00e7ivi yaz\u0131s\u0131 alan\u0131ndaki ilk akademik \u00e7al\u0131\u015fmalar Dil ve Tarih-Co\u011frafya Fak\u00fcltesinin kurulmas\u0131 ile ba\u015flam\u0131\u015ft\u0131r. Atat\u00fcrk\u2019\u00fcn \u00f6zel ilgisi ve talimat\u0131 ile kurulan bu Fak\u00fclte, o zamana kadar hen\u00fcz akademide a\u00e7\u0131lmam\u0131\u015f bilim alanlar\u0131 ile T\u00fcrk toplumunun tan\u0131\u015fmas\u0131n\u0131 sa\u011flamaya y\u00f6nelik ilk ve \u00e7ok \u00f6nemli bir ad\u0131m olmu\u015ftur. A\u00e7\u0131lan ilk k\u00fcrs\u00fcler aras\u0131nda \u00e7ivi yaz\u0131s\u0131 sahas\u0131n\u0131n en ba\u015fta gelen disiplini Sumeroloji de bulunuyordu ki, bu bilim alan\u0131ndan o y\u0131llarda uygarl\u0131k tarihinin ayd\u0131nlanmas\u0131 i\u00e7in b\u00fcy\u00fck beklentiler s\u00f6z konusuydu. Nitekim yurtd\u0131\u015f\u0131ndan davet edilen yabanc\u0131 uzmanlardan ilgili konularda dersler almak ve Eski Anadolu ve Mezopotamya kavimlerinin izlerini yaz\u0131l\u0131 belgelerde aramak, akademi camias\u0131 ve b\u00fct\u00fcn toplumda b\u00fcy\u00fck bir heyecan yaratm\u0131\u015ft\u0131.Sumeroloji k\u00fcrs\u00fcs\u00fcn\u00fcn kurucusu B. Landsberger\u2019in ba\u015flatt\u0131\u011f\u0131 T\u00fcrk akademisindeki \u00e7ivi yaz\u0131s\u0131 \u00e7al\u0131\u015fmalar\u0131 zaman i\u00e7erisinde yeti\u015fen T\u00fcrk akademisyenlerin de \u00f6nemli katk\u0131lar\u0131yla geli\u015fmi\u015ftir. E. Bilgi\u00e7, K. Balkan, K. Yalva\u00e7, M. Tosun, H. Sever, C. G\u00fcnbatt\u0131 ve S. Bayram gibi alan uzmanlar\u0131 Sumeroloji \/Asuroloji sahas\u0131nda \u00f6nemli ara\u015ft\u0131rmalar yapm\u0131\u015flard\u0131r. Prof. Dr. Salih \u00c7e\u00e7en, ad\u0131 say\u0131lan bu akademisyenlerin baz\u0131lar\u0131ndan dersler alm\u0131\u015f; aralar\u0131ndan kimileri ile de ortak projeler y\u00fcr\u00fctm\u00fc\u015ft\u00fcr. Prof. \u00c7e\u00e7en hem m\u00fcze ar\u015fiv \u00e7al\u0131\u015fmalar\u0131 hem de akademik yay\u0131nlar\u0131 ile ulusal ve uluslararas\u0131 camiada tan\u0131n\u0131r bir isim olmu\u015ftur. Sumeroloji \/Asuroloji ve Eski\u00e7a\u011f tarihi sahalar\u0131nda yeti\u015ftirdi\u011fi \u00f6\u011frencilerle, T\u00fcrk Akademi \u00e7evrelerinde sayg\u0131n bir yere sahip olan \u00c7e\u00e7en, h\u00e2len mesleki ara\u015ft\u0131rmalar\u0131na devam etmektedir. \u00d6zellikle C. G\u00fcnbatt\u0131, S. \u00c7e\u00e7en, L. G. G\u00f6k\u00e7ek ve F. Aky\u00fcz ile birlikte haz\u0131rlad\u0131klar\u0131 ve 2020 y\u0131l\u0131nda T\u00fcrk Tarih Kurumunca bas\u0131lm\u0131\u015f olan  \u201cKahramanmara\u015f\u2019ta Bulunmu\u015f Yeni Asurca Tabletler\u201d adl\u0131 kitap \u00e7al\u0131\u015fmas\u0131, akademi \u00e7evresinde b\u00fcy\u00fck bir yank\u0131 uyand\u0131rm\u0131\u015ft\u0131r. Burada Prof. \u00c7e\u00e7en onuruna haz\u0131rlanan bu arma\u011fan kitab\u0131 i\u00e7in yaz\u0131 veren t\u00fcm meslekta\u015flar\u0131m\u0131za ayr\u0131 ayr\u0131 te\u015fekk\u00fcr ediyoruz. Arma\u011fan Kitab\u0131 \u201cFiloloji ve Arkeoloji Konulu Makaleler\u201d ile \u201cEski\u00e7a\u011f Tarihi Konulu Makaleler\u201d olmak \u00fczere iki ana b\u00f6l\u00fcm halinde haz\u0131rlanm\u0131\u015ft\u0131r. Her b\u00f6l\u00fcmdeki yaz\u0131lar kendi i\u00e7inde yazar soyad\u0131na g\u00f6re alfabetik olarak s\u0131ralanm\u0131\u015ft\u0131r. <\/p>\n","protected":false},"excerpt":{"rendered":"<p>T\u00fcrkiye\u2019de \u00e7ivi yaz\u0131s\u0131 alan\u0131ndaki ilk akademik \u00e7al\u0131\u015fmalar Dil ve Tarih-Co\u011frafya Fak\u00fcltesinin kurulmas\u0131 ile ba\u015flam\u0131\u015ft\u0131r. Atat\u00fcrk\u2019\u00fcn \u00f6zel ilgisi ve talimat\u0131 ile kurulan bu Fak\u00fclte, o zamana kadar<span class=\"excerpt-hellip\"> [\u2026]<\/span><\/p>\n","protected":false},"featured_media":0,"template":"","meta":{"_monsterinsights_skip_tracking":false,"_monsterinsights_sitenote_active":false,"_monsterinsights_sitenote_note":"","_monsterinsights_sitenote_category":0},"product_brand":[],"product_cat":[52477,52478],"product_tag":[],"class_list":{"0":"post-754675","1":"product","2":"type-product","3":"status-publish","5":"product_cat-arastirma","6":"product_cat-arkeoloji","7":"pa_cilt-ciltli","8":"pa_tur-kitap","9":"pa_yayinevi-bilgin-kultur-sanat","10":"pa_yazar-kolektif","12":"first","13":"instock","14":"sale","15":"shipping-taxable","16":"purchasable","17":"product-type-simple"},"_links":{"self":[{"href":"https:\/\/roveyayinevi.com.tr\/index.php\/wp-json\/wp\/v2\/product\/754675","targetHints":{"allow":["GET"]}}],"collection":[{"href":"https:\/\/roveyayinevi.com.tr\/index.php\/wp-json\/wp\/v2\/product"}],"about":[{"href":"https:\/\/roveyayinevi.com.tr\/index.php\/wp-json\/wp\/v2\/types\/product"}],"wp:attachment":[{"href":"https:\/\/roveyayinevi.com.tr\/index.php\/wp-json\/wp\/v2\/media?parent=754675"}],"wp:term":[{"taxonomy":"product_brand","embeddable":true,"href":"https:\/\/roveyayinevi.com.tr\/index.php\/wp-json\/wp\/v2\/product_brand?post=754675"},{"taxonomy":"product_cat","embeddable":true,"href":"https:\/\/roveyayinevi.com.tr\/index.php\/wp-json\/wp\/v2\/product_cat?post=754675"},{"taxonomy":"product_tag","embeddable":true,"href":"https:\/\/roveyayinevi.com.tr\/index.php\/wp-json\/wp\/v2\/product_tag?post=754675"}],"curies":[{"name":"wp","href":"https:\/\/api.w.org\/{rel}","templated":true}]}}