{"id":754674,"date":"2025-08-28T06:17:47","date_gmt":"2025-08-28T03:17:47","guid":{"rendered":"https:\/\/roveyayinevi.com.tr\/index.php\/urun\/burada-sadece-iyiler-var\/"},"modified":"2026-04-16T03:07:55","modified_gmt":"2026-04-16T00:07:55","slug":"burada-sadece-iyiler-var","status":"publish","type":"product","link":"https:\/\/roveyayinevi.com.tr\/index.php\/urun\/burada-sadece-iyiler-var\/","title":{"rendered":"Burada Sadece \u0130yiler Var"},"content":{"rendered":"<p>Indiana, Wakarusa\u2019da ya\u015fayan herkes, ailesi sabah uyand\u0131ktan saatler sonra bir su kanal\u0131nda \u00f6lu\u0308 bulunan January Jacobs vakas\u0131n\u0131 hat\u0131rl\u0131yordu. Margot Davies o s\u0131rada alt\u0131 ya\u015f\u0131ndayd\u0131 \u2013 January\u2019yle ayn\u0131 ya\u015ftayd\u0131 ve kap\u0131 kom\u015fusuydu. Aradan ge\u00e7en yirmi y\u0131lda Margot bu\u0308yu\u0308mu\u0308\u015f, ta\u015f\u0131nm\u0131\u015f ve bu\u0308yu\u0308k \u015fehirde gazeteci olmu\u015ftu ancak bu olayda kurban\u0131n kendisi de olabilece\u011fi korkusu hi\u00e7bir zaman pe\u015fini b\u0131rakmam\u0131\u015ft\u0131. Fakat en k\u00f6tu\u0308su\u0308, January\u2019nin katilinin hi\u00e7bir zaman adalete teslim edilmemi\u015f olmas\u0131yd\u0131. Margot hasta amcas\u0131n\u0131n bak\u0131m\u0131na yard\u0131mc\u0131 olmak i\u00e7in do\u011fdu\u011fu kasabaya d\u00f6ndu\u0308\u011fu\u0308nde kendini \u00e2deta bir zaman kapsu\u0308lu\u0308ne girmi\u015f gibi hissetti. Wakarusa tam da hat\u0131rlad\u0131\u011f\u0131 gibiydi: gu\u0308ler yu\u0308zlu\u0308, bo\u011fucu, ketum. Derken en yak\u0131ndaki kasabadan be\u015f ya\u015f\u0131ndaki Natalie Clark\u2019\u0131n u\u0308rku\u0308tu\u0308cu\u0308 derecede benzer ko\u015fullar alt\u0131nda kayboldu\u011fu haberi geldi. Bu olayla birlikte tu\u0308m eski duygular\u0131 geri d\u00f6nen Margot, Natalie\u2019yi bulmaya ve January\u2019nin cinayetini sonsuza dek \u00e7\u00f6zmeye ant i\u00e7ti. Ancak polis, Natalie\u2019nin ailesi, kasaba halk\u0131, hepsi bir \u015feyler sakl\u0131yor gibi g\u00f6zu\u0308ku\u0308yordu. Margot, Natalie\u2019nin kaybolu\u015funu derinlemesine ara\u015ft\u0131rd\u0131k\u00e7a daha fazla zorlukla kar\u015f\u0131la\u015fmaya, January&#8217;nin davas\u0131 daha da karma\u015f\u0131k bir h\u00e2l almaya ba\u015flad\u0131. Katil h\u00e2l\u00e2 d\u0131\u015far\u0131da olabilir miydi? Natalie&#8217;yi ka\u00e7\u0131ranla ayn\u0131 ki\u015fi olabilir miydi? Peki o gece ger\u00e7ekten ne oldu\u011funu nihayet ke\u015ffetmenin bedeli ne olacakt\u0131? Bir numaral\u0131 ger\u00e7ek su\u00e7 podcast\u2019i \u201cCrime Junkie\u201dnin sunucusunun bu \u00e7arp\u0131c\u0131 ilk roman\u0131nda, bir gazeteci \u00e7ocukluk y\u0131llar\u0131ndaki kom\u015fusunun \u00e7\u00f6zu\u0308lmemi\u015f cinayetini ve yirmi y\u0131l sonra ba\u015fka bir k\u0131z\u0131n ortadan kaybolu\u015funu tak\u0131nt\u0131 h\u00e2line getirdi\u011finde do\u011fdu\u011fu kasaban\u0131n karanl\u0131k s\u0131rlar\u0131n\u0131 ortaya \u00e7\u0131kar\u0131yor.<\/p>\n","protected":false},"excerpt":{"rendered":"<p>Indiana, Wakarusa\u2019da ya\u015fayan herkes, ailesi sabah uyand\u0131ktan saatler sonra bir su kanal\u0131nda \u00f6lu\u0308 bulunan January Jacobs vakas\u0131n\u0131 hat\u0131rl\u0131yordu. Margot Davies o s\u0131rada alt\u0131 ya\u015f\u0131ndayd\u0131 \u2013 January\u2019yle<span class=\"excerpt-hellip\"> [\u2026]<\/span><\/p>\n","protected":false},"featured_media":0,"template":"","meta":{"_monsterinsights_skip_tracking":false,"_monsterinsights_sitenote_active":false,"_monsterinsights_sitenote_note":"","_monsterinsights_sitenote_category":0},"product_brand":[],"product_cat":[12291,17033],"product_tag":[],"class_list":{"0":"post-754674","1":"product","2":"type-product","3":"status-publish","5":"product_cat-edebiyat","6":"product_cat-korku-gerilim","7":"pa_cilt-ciltsiz","8":"pa_tur-kitap","9":"pa_yayinevi-olimpos-yayinlari","10":"pa_yazar-ashley-flowers","12":"first","13":"instock","14":"sale","15":"shipping-taxable","16":"purchasable","17":"product-type-simple"},"_links":{"self":[{"href":"https:\/\/roveyayinevi.com.tr\/index.php\/wp-json\/wp\/v2\/product\/754674","targetHints":{"allow":["GET"]}}],"collection":[{"href":"https:\/\/roveyayinevi.com.tr\/index.php\/wp-json\/wp\/v2\/product"}],"about":[{"href":"https:\/\/roveyayinevi.com.tr\/index.php\/wp-json\/wp\/v2\/types\/product"}],"wp:attachment":[{"href":"https:\/\/roveyayinevi.com.tr\/index.php\/wp-json\/wp\/v2\/media?parent=754674"}],"wp:term":[{"taxonomy":"product_brand","embeddable":true,"href":"https:\/\/roveyayinevi.com.tr\/index.php\/wp-json\/wp\/v2\/product_brand?post=754674"},{"taxonomy":"product_cat","embeddable":true,"href":"https:\/\/roveyayinevi.com.tr\/index.php\/wp-json\/wp\/v2\/product_cat?post=754674"},{"taxonomy":"product_tag","embeddable":true,"href":"https:\/\/roveyayinevi.com.tr\/index.php\/wp-json\/wp\/v2\/product_tag?post=754674"}],"curies":[{"name":"wp","href":"https:\/\/api.w.org\/{rel}","templated":true}]}}