{"id":754673,"date":"2025-08-28T06:17:46","date_gmt":"2025-08-28T03:17:46","guid":{"rendered":"https:\/\/roveyayinevi.com.tr\/index.php\/urun\/hizmetcinin-sirri\/"},"modified":"2025-09-12T16:38:50","modified_gmt":"2025-09-12T13:38:50","slug":"hizmetcinin-sirri","status":"publish","type":"product","link":"https:\/\/roveyayinevi.com.tr\/index.php\/urun\/hizmetcinin-sirri\/","title":{"rendered":"Hizmet\u00e7inin S\u0131rr\u0131"},"content":{"rendered":"<p>\u201cMisafir odas\u0131na girme.\u201d Parmak u\u00e7lar\u0131yla kap\u0131ya dokunurken Douglas Garrick\u2019in yu\u0308zu\u0308 g\u00f6lgelendi. \u201cKar\u0131m\u2026 \u00e7ok hasta.\u201d Muhte\u015fem \u00e7at\u0131 kat\u0131 dairelerini gezmeye devam etsek de kapal\u0131 kap\u0131n\u0131n ard\u0131ndaki kad\u0131n hakk\u0131nda i\u00e7ime korkun\u00e7 bir his dolmu\u015ftu. Fakat bu i\u015fi kaybetmeyi g\u00f6ze alamazd\u0131m, en karanl\u0131k s\u0131rr\u0131m\u0131 gu\u0308vende tutmak istiyorsam olmazd\u0131. Ge\u00e7mi\u015fim hakk\u0131nda sorular sormayan bir i\u015fveren bulmak \u00e7ok zordu. Bu yu\u0308zden Garrickler mucizevi bi\u00e7imde beni \u015fehir manzaral\u0131 \u00e7at\u0131 kat\u0131 evlerini temizlemek ve \u0131\u015f\u0131l \u0131\u015f\u0131l mutfaklar\u0131nda yemek yapmak u\u0308zere i\u015fe ald\u0131klar\u0131nda \u015fans\u0131ma \u015fu\u0308krettim. Bir mu\u0308ddet orada \u00e7al\u0131\u015fabilir, istedi\u011fimi elde edene kadar sessiz kalabilirdim. Neredeyse mu\u0308kemmeldi. Fakat girmemin yasak oldu\u011fu misafir odas\u0131n\u0131n i\u00e7ini hi\u00e7 g\u00f6rmemi\u015ftim. Bayan Garrick\u2019le h\u00e2l\u00e2 tan\u0131\u015famam\u0131\u015ft\u0131m. A\u011flad\u0131\u011f\u0131n\u0131 duydu\u011fumdan emindim. \u00c7ama\u015f\u0131rlar\u0131 y\u0131karken beyaz geceliklerinin yakas\u0131nda kan lekeleri buluyordum. Bir gu\u0308n dayanamay\u0131p kap\u0131s\u0131n\u0131 t\u0131klatt\u0131m. Kap\u0131 usulca araland\u0131\u011f\u0131nda g\u00f6rdu\u0308klerim her \u015feyi de\u011fi\u015ftirdi\u2026 \u0130\u015fte o zaman bir s\u00f6z verdim. Ne de olsa bunu daha \u00f6nce de yapm\u0131\u015ft\u0131m. Kendi s\u0131rlar\u0131m\u0131 gu\u0308venle saklarken Bayan Garrick\u2019i koruyabilirdim. Douglas Garrick yanl\u0131\u015f yapm\u0131\u015ft\u0131 ve \u015fimdi bu yanl\u0131\u015f\u0131n bedelini \u00f6deyecekti. As\u0131l soru, ne kadar ileri gitmek istedi\u011fimdi\u2026<\/p>\n","protected":false},"excerpt":{"rendered":"<p>\u201cMisafir odas\u0131na girme.\u201d Parmak u\u00e7lar\u0131yla kap\u0131ya dokunurken Douglas Garrick\u2019in yu\u0308zu\u0308 g\u00f6lgelendi. \u201cKar\u0131m\u2026 \u00e7ok hasta.\u201d Muhte\u015fem \u00e7at\u0131 kat\u0131 dairelerini gezmeye devam etsek de kapal\u0131 kap\u0131n\u0131n ard\u0131ndaki kad\u0131n<span class=\"excerpt-hellip\"> [\u2026]<\/span><\/p>\n","protected":false},"featured_media":0,"template":"","meta":{"_monsterinsights_skip_tracking":false,"_monsterinsights_sitenote_active":false,"_monsterinsights_sitenote_note":"","_monsterinsights_sitenote_category":0},"product_brand":[],"product_cat":[12291,17033],"product_tag":[],"class_list":{"0":"post-754673","1":"product","2":"type-product","3":"status-publish","5":"product_cat-edebiyat","6":"product_cat-korku-gerilim","7":"pa_cilt-ciltsiz","8":"pa_tur-kitap","9":"pa_yayinevi-olimpos-yayinlari","10":"pa_yazar-freida-mcfadden","12":"first","13":"instock","14":"sale","15":"shipping-taxable","16":"purchasable","17":"product-type-simple"},"_links":{"self":[{"href":"https:\/\/roveyayinevi.com.tr\/index.php\/wp-json\/wp\/v2\/product\/754673","targetHints":{"allow":["GET"]}}],"collection":[{"href":"https:\/\/roveyayinevi.com.tr\/index.php\/wp-json\/wp\/v2\/product"}],"about":[{"href":"https:\/\/roveyayinevi.com.tr\/index.php\/wp-json\/wp\/v2\/types\/product"}],"wp:attachment":[{"href":"https:\/\/roveyayinevi.com.tr\/index.php\/wp-json\/wp\/v2\/media?parent=754673"}],"wp:term":[{"taxonomy":"product_brand","embeddable":true,"href":"https:\/\/roveyayinevi.com.tr\/index.php\/wp-json\/wp\/v2\/product_brand?post=754673"},{"taxonomy":"product_cat","embeddable":true,"href":"https:\/\/roveyayinevi.com.tr\/index.php\/wp-json\/wp\/v2\/product_cat?post=754673"},{"taxonomy":"product_tag","embeddable":true,"href":"https:\/\/roveyayinevi.com.tr\/index.php\/wp-json\/wp\/v2\/product_tag?post=754673"}],"curies":[{"name":"wp","href":"https:\/\/api.w.org\/{rel}","templated":true}]}}