{"id":754670,"date":"2025-08-28T06:17:42","date_gmt":"2025-08-28T03:17:42","guid":{"rendered":"https:\/\/roveyayinevi.com.tr\/index.php\/urun\/bana-dokunma-novellalar-ciltli\/"},"modified":"2026-04-16T03:07:55","modified_gmt":"2026-04-16T00:07:55","slug":"bana-dokunma-novellalar-ciltli","status":"publish","type":"product","link":"https:\/\/roveyayinevi.com.tr\/index.php\/urun\/bana-dokunma-novellalar-ciltli\/","title":{"rendered":"Bana Dokunma Novellalar (Ciltli)"},"content":{"rendered":"<p>BEN\u0130 YIK 1.5 Juliette, Warner\u2019\u0131 ba\u015ftan \u00e7\u0131kard\u0131ktan sonra omzuna bir kur\u015fun s\u0131karak Yeniden Kurulu\u015f\u2019tan ka\u00e7t\u0131. Ama Beni Y\u0131k\u2019ta \u00f6\u011frenece\u011fi \u00fczere Warner\u2019dan kurtulmak o kadar da kolay de\u011fil\u2026  Olaylar\u0131, Sekt\u00f6r 45\u2019in ac\u0131mas\u0131z lideri Warner\u2019\u0131n bak\u0131\u015f a\u00e7\u0131s\u0131ndan g\u00f6rmeye haz\u0131r m\u0131s\u0131n?   BEN\u0130 KIR 2.5 Omega Point, Sekt\u00f6r 45\u2019te konu\u015flanm\u0131\u015f Yeniden Kurulu\u015f askerlerine bir sald\u0131r\u0131 ba\u015flatmaya haz\u0131rlan\u0131rken, Adam\u2019\u0131n sava\u015ftan ba\u015fka hi\u00e7bir \u015fey d\u00fc\u015f\u00fcnmeye vakti yoktu&#8230;  Beni B\u0131rakma\u2019n\u0131n son anlar\u0131 ve Beni Yakma\u2019n\u0131n hemen \u00f6ncesinde ya\u015fanan olaylar\u0131  Adam\u2019\u0131n g\u00f6z\u00fcnden g\u00f6rmeye ne dersin?   BEN\u0130 \u0130ZLE 4.5 Juliette u\u011frad\u0131\u011f\u0131 ihanetin \u015fa\u015fk\u0131nl\u0131\u011f\u0131n\u0131 ya\u015farken; Kenji dostluklar\u0131n\u0131 ve Yeniden Kurulu\u015f\u2019a kar\u015f\u0131 direni\u015fin lideri olarak sorumluluklar\u0131n\u0131 dengelemeye \u00e7al\u0131\u015f\u0131yor. Omega Point\u2019in ge\u00e7mi\u015finden gelen bir ki\u015fi, i\u015fleri daha da kar\u0131\u015ft\u0131r\u0131yor\u2026  Beni K\u0131\u015fk\u0131rtma\u2019daki \u015fok edici olaylara haz\u0131rlanmak i\u00e7in \u00f6ncesinde Beni \u0130zle\u2019yi mutlaka okumal\u0131s\u0131n.   \u201cTahereh Mafi\u2019nin cesur, \u00f6zg\u00fcn ve duygu dolu bir anlat\u0131m\u0131 var. Bana Dokunma serisi kendini ke\u015ffetmenin heyecan\u0131yla dolu bir  yasak a\u015fk\u0131n destan\u0131.\u201d Ransom Riggs, Bayan Peregrine\u2019in Tuhaf \u00c7ocuklar Evi   \u201cTehlikeli, seksi, romantik ve etkileyici. \u0130ddia ediyorum elinizden b\u0131rakamayacaks\u0131n\u0131z.\u201d Kami Garcia, Muhte\u015fem Yarat\u0131klar <\/p>\n","protected":false},"excerpt":{"rendered":"<p>BEN\u0130 YIK 1.5 Juliette, Warner\u2019\u0131 ba\u015ftan \u00e7\u0131kard\u0131ktan sonra omzuna bir kur\u015fun s\u0131karak Yeniden Kurulu\u015f\u2019tan ka\u00e7t\u0131. Ama Beni Y\u0131k\u2019ta \u00f6\u011frenece\u011fi \u00fczere Warner\u2019dan kurtulmak o kadar da kolay<span class=\"excerpt-hellip\"> [\u2026]<\/span><\/p>\n","protected":false},"featured_media":0,"template":"","meta":{"_monsterinsights_skip_tracking":false,"_monsterinsights_sitenote_active":false,"_monsterinsights_sitenote_note":"","_monsterinsights_sitenote_category":0},"product_brand":[],"product_cat":[12291,14777],"product_tag":[],"class_list":{"0":"post-754670","1":"product","2":"type-product","3":"status-publish","5":"product_cat-edebiyat","6":"product_cat-fantastik","7":"pa_cilt-ciltli","8":"pa_tur-kitap","9":"pa_yayinevi-dex-yayinevi","10":"pa_yazar-tahereh-mafi","12":"first","13":"instock","14":"sale","15":"shipping-taxable","16":"purchasable","17":"product-type-simple"},"_links":{"self":[{"href":"https:\/\/roveyayinevi.com.tr\/index.php\/wp-json\/wp\/v2\/product\/754670","targetHints":{"allow":["GET"]}}],"collection":[{"href":"https:\/\/roveyayinevi.com.tr\/index.php\/wp-json\/wp\/v2\/product"}],"about":[{"href":"https:\/\/roveyayinevi.com.tr\/index.php\/wp-json\/wp\/v2\/types\/product"}],"wp:attachment":[{"href":"https:\/\/roveyayinevi.com.tr\/index.php\/wp-json\/wp\/v2\/media?parent=754670"}],"wp:term":[{"taxonomy":"product_brand","embeddable":true,"href":"https:\/\/roveyayinevi.com.tr\/index.php\/wp-json\/wp\/v2\/product_brand?post=754670"},{"taxonomy":"product_cat","embeddable":true,"href":"https:\/\/roveyayinevi.com.tr\/index.php\/wp-json\/wp\/v2\/product_cat?post=754670"},{"taxonomy":"product_tag","embeddable":true,"href":"https:\/\/roveyayinevi.com.tr\/index.php\/wp-json\/wp\/v2\/product_tag?post=754670"}],"curies":[{"name":"wp","href":"https:\/\/api.w.org\/{rel}","templated":true}]}}