{"id":754668,"date":"2025-08-28T06:17:38","date_gmt":"2025-08-28T03:17:38","guid":{"rendered":"https:\/\/roveyayinevi.com.tr\/index.php\/urun\/asik-kral\/"},"modified":"2026-04-16T03:07:55","modified_gmt":"2026-04-16T00:07:55","slug":"asik-kral","status":"publish","type":"product","link":"https:\/\/roveyayinevi.com.tr\/index.php\/urun\/asik-kral\/","title":{"rendered":"A\u015f\u0131k Kral"},"content":{"rendered":"<p>\u201c\u00c2\u015f\u0131k Kral akl\u0131na kolay kolay k\u00f6t\u00fc bir \u015fey getirmez. Ona g\u00f6re aksi kesin olarak ispatlanmad\u0131\u011f\u0131 s\u00fcrece hayat daima iyimser bir umut ta\u015f\u0131maktad\u0131r. Hatta ispatlansa bile insan tersine inanmaya devam etmeli, diye kendi kendine m\u0131r\u0131ldan\u0131r. Ne yapal\u0131m, yoksa \u00f6lelim mi yani diyerek g\u00fcl\u00fcmseyecek, penceresinden odaya dolan yeni a\u00e7m\u0131\u015f bahar kokular\u0131n\u0131 i\u00e7ine \u00e7ekecek, ne de g\u00fczel bir memleketin kral\u0131 oldu\u011fu duygusuyla kendini bir kez daha \u015fansl\u0131 hissedecektir. \u00c7\u00fcnk\u00fc y\u00f6netti\u011fi bu gizemli topraklar, i\u00e7inde her durumda insan\u0131 kendine inand\u0131ran b\u00f6yle efsunlar ta\u015f\u0131r. T\u00fcrkiye batt\u0131\u011f\u0131 gibi \u00e7\u0131kan bir g\u00fcne\u015f gibidir. Yand\u0131 dedi\u011fin yerde ye\u015feren, a\u011flatacak zannetti\u011fin yerde g\u00fcld\u00fcren, bir imbatta perdeleri havaland\u0131ran ya\u015fama vaadini daima i\u00e7inde ta\u015f\u0131r. Eski bir s\u00f6z\u00fc hat\u0131rlar, bu memleket hesaba kitaba gelmez, ona ancak iman edilir.\u2019\u2019   Ba\u015far Ba\u015faran\u2019\u0131n \u00f6yk\u00fclerindeki insanlar kulaklar\u0131n\u0131 yere dayay\u0131p d\u00fcnyan\u0131n kalp at\u0131\u015f\u0131n\u0131 duymaya \u00e7al\u0131\u015f\u0131yorlar. Hemen yan\u0131m\u0131zda duran bir hayat\u0131n \u00f6zlemiyle yan\u0131yorlar. \u0130\u00e7inde ya\u015fad\u0131\u011f\u0131m\u0131z d\u00fcnyan\u0131n muhte\u015fem s\u0131radanl\u0131\u011f\u0131n\u0131n ancak a\u015fk ve ilhamla kavranabilece\u011fine bizi ikna etmeye u\u011fra\u015f\u0131yorlar. \u015eiirler hayretten, romanlar anlamaktan do\u011fuyorsa Ba\u015far Ba\u015faran\u2019\u0131n \u00f6yk\u00fcleri ikisinin tam ortas\u0131nda duruyor. \u015eiir kadar co\u015fkulu, roman gibi d\u00fc\u015f\u00fcn\u00fclm\u00fc\u015f metinler bunlar. Okuyucusunu ayn\u0131 anda esrik ve makul, ne\u015feli ve h\u00fcz\u00fcnl\u00fc bir gezintiye davet ediyorlar. <\/p>\n","protected":false},"excerpt":{"rendered":"<p>\u201c\u00c2\u015f\u0131k Kral akl\u0131na kolay kolay k\u00f6t\u00fc bir \u015fey getirmez. Ona g\u00f6re aksi kesin olarak ispatlanmad\u0131\u011f\u0131 s\u00fcrece hayat daima iyimser bir umut ta\u015f\u0131maktad\u0131r. Hatta ispatlansa bile insan<span class=\"excerpt-hellip\"> [\u2026]<\/span><\/p>\n","protected":false},"featured_media":0,"template":"","meta":{"_monsterinsights_skip_tracking":false,"_monsterinsights_sitenote_active":false,"_monsterinsights_sitenote_note":"","_monsterinsights_sitenote_category":0},"product_brand":[],"product_cat":[12291,18202],"product_tag":[],"class_list":{"0":"post-754668","1":"product","2":"type-product","3":"status-publish","5":"product_cat-edebiyat","6":"product_cat-hikaye","7":"pa_cilt-ciltsiz","8":"pa_tur-kitap","9":"pa_yayinevi-dogan-kitap","10":"pa_yazar-basar-basaran","12":"first","13":"instock","14":"sale","15":"shipping-taxable","16":"purchasable","17":"product-type-simple"},"_links":{"self":[{"href":"https:\/\/roveyayinevi.com.tr\/index.php\/wp-json\/wp\/v2\/product\/754668","targetHints":{"allow":["GET"]}}],"collection":[{"href":"https:\/\/roveyayinevi.com.tr\/index.php\/wp-json\/wp\/v2\/product"}],"about":[{"href":"https:\/\/roveyayinevi.com.tr\/index.php\/wp-json\/wp\/v2\/types\/product"}],"wp:attachment":[{"href":"https:\/\/roveyayinevi.com.tr\/index.php\/wp-json\/wp\/v2\/media?parent=754668"}],"wp:term":[{"taxonomy":"product_brand","embeddable":true,"href":"https:\/\/roveyayinevi.com.tr\/index.php\/wp-json\/wp\/v2\/product_brand?post=754668"},{"taxonomy":"product_cat","embeddable":true,"href":"https:\/\/roveyayinevi.com.tr\/index.php\/wp-json\/wp\/v2\/product_cat?post=754668"},{"taxonomy":"product_tag","embeddable":true,"href":"https:\/\/roveyayinevi.com.tr\/index.php\/wp-json\/wp\/v2\/product_tag?post=754668"}],"curies":[{"name":"wp","href":"https:\/\/api.w.org\/{rel}","templated":true}]}}