{"id":754667,"date":"2025-08-28T06:17:37","date_gmt":"2025-08-28T03:17:37","guid":{"rendered":"https:\/\/roveyayinevi.com.tr\/index.php\/urun\/iktidar-ve-teknoloji\/"},"modified":"2026-04-16T03:07:55","modified_gmt":"2026-04-16T00:07:55","slug":"iktidar-ve-teknoloji","status":"publish","type":"product","link":"https:\/\/roveyayinevi.com.tr\/index.php\/urun\/iktidar-ve-teknoloji\/","title":{"rendered":"\u0130ktidar ve Teknoloji"},"content":{"rendered":"<p>Tarih boyunca teknoloji ve ilerleme el ele y\u00fcr\u00fcyen iki kavram olarak de\u011ferlendirildi. Teknoloji \u00e7o\u011fu zaman g\u00fcc\u00fc elinde bulunduranlar taraf\u0131ndan y\u00f6nlendirildi, ancak her zaman toplumun yarar\u0131 g\u00f6zetilmedi.  Bug\u00fcn teknoloji k\u00fc\u00e7\u00fck bir grubun kontrol\u00fcndeyken, iktidar ile teknoloji ili\u015fkisini yeniden d\u00fc\u015f\u00fcnmek elzem.   Daron Acemo\u011flu ve Simon Johnson bu ili\u015fkiyi tarihsel s\u00fcre\u00e7te ele al\u0131p teknolojiye g\u00f6zetim de\u011fil, demokratikle\u015fme arac\u0131 olarak yeniden y\u00f6n verilmesi gerekti\u011fini savunuyorlar. Ekonomi ve tarihten ustal\u0131kla s\u00fczd\u00fckleri bilgiler \u0131\u015f\u0131\u011f\u0131nda yeni bir vizyon \u00f6ne s\u00fcr\u00fcyorlar. <\/p>\n","protected":false},"excerpt":{"rendered":"<p>Tarih boyunca teknoloji ve ilerleme el ele y\u00fcr\u00fcyen iki kavram olarak de\u011ferlendirildi. Teknoloji \u00e7o\u011fu zaman g\u00fcc\u00fc elinde bulunduranlar taraf\u0131ndan y\u00f6nlendirildi, ancak her zaman toplumun yarar\u0131 g\u00f6zetilmedi.<span class=\"excerpt-hellip\"> [\u2026]<\/span><\/p>\n","protected":false},"featured_media":0,"template":"","meta":{"_monsterinsights_skip_tracking":false,"_monsterinsights_sitenote_active":false,"_monsterinsights_sitenote_note":"","_monsterinsights_sitenote_category":0},"product_brand":[],"product_cat":[13590,12337],"product_tag":[],"class_list":{"0":"post-754667","1":"product","2":"type-product","3":"status-publish","5":"product_cat-arastirma-inceleme-politika-siyaset","6":"product_cat-politika-siyaset","7":"pa_cilt-ciltsiz","8":"pa_tur-kitap","9":"pa_yayinevi-dogan-kitap","10":"pa_yazar-daron-acemoglu-simon-johnson","12":"first","13":"instock","14":"sale","15":"shipping-taxable","16":"purchasable","17":"product-type-simple"},"_links":{"self":[{"href":"https:\/\/roveyayinevi.com.tr\/index.php\/wp-json\/wp\/v2\/product\/754667","targetHints":{"allow":["GET"]}}],"collection":[{"href":"https:\/\/roveyayinevi.com.tr\/index.php\/wp-json\/wp\/v2\/product"}],"about":[{"href":"https:\/\/roveyayinevi.com.tr\/index.php\/wp-json\/wp\/v2\/types\/product"}],"wp:attachment":[{"href":"https:\/\/roveyayinevi.com.tr\/index.php\/wp-json\/wp\/v2\/media?parent=754667"}],"wp:term":[{"taxonomy":"product_brand","embeddable":true,"href":"https:\/\/roveyayinevi.com.tr\/index.php\/wp-json\/wp\/v2\/product_brand?post=754667"},{"taxonomy":"product_cat","embeddable":true,"href":"https:\/\/roveyayinevi.com.tr\/index.php\/wp-json\/wp\/v2\/product_cat?post=754667"},{"taxonomy":"product_tag","embeddable":true,"href":"https:\/\/roveyayinevi.com.tr\/index.php\/wp-json\/wp\/v2\/product_tag?post=754667"}],"curies":[{"name":"wp","href":"https:\/\/api.w.org\/{rel}","templated":true}]}}