{"id":754666,"date":"2025-08-28T06:17:35","date_gmt":"2025-08-28T03:17:35","guid":{"rendered":"https:\/\/roveyayinevi.com.tr\/index.php\/urun\/dovus-tanrisi-2\/"},"modified":"2026-04-16T03:07:55","modified_gmt":"2026-04-16T00:07:55","slug":"dovus-tanrisi-2","status":"publish","type":"product","link":"https:\/\/roveyayinevi.com.tr\/index.php\/urun\/dovus-tanrisi-2\/","title":{"rendered":"D\u00f6v\u00fc\u015f Tanr\u0131s\u0131 2"},"content":{"rendered":"<p>God of High School turnuvas\u0131n\u0131n arenas\u0131nda kar\u015f\u0131la\u015fmalar devam ediyor. Jin Mo-Ri ringden ayr\u0131l\u0131rken sahneye girme s\u0131ras\u0131 Yu Mi-Ra ve Han Dae-Wi\u2019ye gelir. \u00c7ok g\u00fc\u00e7l\u00fc\u0308 tekniklere sahip d\u00fc\u015fmanlarla kar\u015f\u0131 kar\u015f\u0131ya kalacaklar! Bu s\u0131rada yar\u0131\u015fmay\u0131 d\u00fczenleyenler eski bir d\u00fc\u015fman\u0131n pe\u015fine d\u00fc\u015fer. Dile\u011finin ger\u00e7ekle\u015fti\u011fini kim g\u00f6recek? <\/p>\n","protected":false},"excerpt":{"rendered":"<p>God of High School turnuvas\u0131n\u0131n arenas\u0131nda kar\u015f\u0131la\u015fmalar devam ediyor. Jin Mo-Ri ringden ayr\u0131l\u0131rken sahneye girme s\u0131ras\u0131 Yu Mi-Ra ve Han Dae-Wi\u2019ye gelir. \u00c7ok g\u00fc\u00e7l\u00fc\u0308 tekniklere sahip<span class=\"excerpt-hellip\"> [\u2026]<\/span><\/p>\n","protected":false},"featured_media":0,"template":"","meta":{"_monsterinsights_skip_tracking":false,"_monsterinsights_sitenote_active":false,"_monsterinsights_sitenote_note":"","_monsterinsights_sitenote_category":0},"product_brand":[],"product_cat":[12416,12291],"product_tag":[],"class_list":{"0":"post-754666","1":"product","2":"type-product","3":"status-publish","5":"product_cat-cizgi-roman","6":"product_cat-edebiyat","7":"pa_cilt-ciltsiz","8":"pa_tur-kitap","9":"pa_yayinevi-athica-yayinlari","10":"pa_yazar-yong-je-park","12":"first","13":"instock","14":"sale","15":"shipping-taxable","16":"purchasable","17":"product-type-simple"},"_links":{"self":[{"href":"https:\/\/roveyayinevi.com.tr\/index.php\/wp-json\/wp\/v2\/product\/754666","targetHints":{"allow":["GET"]}}],"collection":[{"href":"https:\/\/roveyayinevi.com.tr\/index.php\/wp-json\/wp\/v2\/product"}],"about":[{"href":"https:\/\/roveyayinevi.com.tr\/index.php\/wp-json\/wp\/v2\/types\/product"}],"wp:attachment":[{"href":"https:\/\/roveyayinevi.com.tr\/index.php\/wp-json\/wp\/v2\/media?parent=754666"}],"wp:term":[{"taxonomy":"product_brand","embeddable":true,"href":"https:\/\/roveyayinevi.com.tr\/index.php\/wp-json\/wp\/v2\/product_brand?post=754666"},{"taxonomy":"product_cat","embeddable":true,"href":"https:\/\/roveyayinevi.com.tr\/index.php\/wp-json\/wp\/v2\/product_cat?post=754666"},{"taxonomy":"product_tag","embeddable":true,"href":"https:\/\/roveyayinevi.com.tr\/index.php\/wp-json\/wp\/v2\/product_tag?post=754666"}],"curies":[{"name":"wp","href":"https:\/\/api.w.org\/{rel}","templated":true}]}}