{"id":754664,"date":"2025-08-28T06:17:31","date_gmt":"2025-08-28T03:17:31","guid":{"rendered":"https:\/\/roveyayinevi.com.tr\/index.php\/urun\/degisim-6\/"},"modified":"2026-04-08T03:15:22","modified_gmt":"2026-04-08T00:15:22","slug":"degisim-6","status":"publish","type":"product","link":"https:\/\/roveyayinevi.com.tr\/index.php\/urun\/degisim-6\/","title":{"rendered":"De\u011fi\u015fim"},"content":{"rendered":"<p>Hubert kendisine s\u00f6ylenenlerin tamam\u0131na inan\u0131yordu, ama olacaklar\u0131n en \u00f6nemli k\u0131sm\u0131, y\u0131llar sonra yeti\u015fkin bir erke\u011fe d\u00f6n\u00fc\u015ft\u00fc\u011f\u00fcnde d\u00fcnyan\u0131n ona hangi g\u00f6zle bakaca\u011f\u0131 s\u00f6ylenmemi\u015fti. \u0130\u015fin o fasl\u0131n\u0131 anlatabilecek tek bir s\u00f6zc\u00fck bile yok gibiydi: Co\u011frafi konumu d\u0131\u015f\u0131nda hi\u00e7bir \u015feyini bilmedi\u011fin bir \u00fclkede ya\u015famak gibi bir \u015feydi bu.   Y\u0131l 1976. Prens Arthur\u2019un hi\u00e7 \u00f6lmedi\u011fi, dolay\u0131s\u0131yla VII. Henry\u2019nin tahta hi\u00e7 ge\u00e7medi\u011fi, Reform\u2019un, Protestanl\u0131\u011f\u0131n ve Sanayi Devrimi\u2019nin hi\u00e7 ger\u00e7ekle\u015fmedi\u011fi bir \u0130ngiltere. Hen\u00fcz pek \u00e7ok bilimsel ke\u015fif yap\u0131lmam\u0131\u015f, motorlu ta\u015f\u0131tlar yeni bir icat. Demokrasiden ve bilimden yoksun bu d\u00fcnyaya Papal\u0131k h\u00fckmediyor. Kral III. Stephen k\u0131sa s\u00fcre \u00f6nce \u00f6lm\u00fc\u015f. Koronun yetenekli sopranosu, on ya\u015f\u0131ndaki Hubert Anvil cenaze t\u00f6renindeki ayin s\u0131ras\u0131nda performans\u0131yla herkesi bir kez daha b\u00fcy\u00fcl\u00fcyor. Ancak Tanr\u0131\u2019n\u0131n y\u00fcceli\u011fini vurgulamak ad\u0131na sanat\u0131 korumay\u0131 arzulayan papan\u0131n ve din adamlar\u0131n\u0131n Hubert\u2019in sesinin g\u00fczelli\u011fini korumak i\u00e7in birtak\u0131m planlar\u0131 var. 1976\u2019da en iyi bilimkurgu dal\u0131nda John W. Campbell \u00d6d\u00fcl\u00fc kazanan ve Philip K. Dick\u2019in Y\u00fcksek \u015eato\u2019daki Adam eseriyle birlikte an\u0131lan De\u011fi\u015fim hem alternatif tarihe ilgin\u00e7 bir bak\u0131\u015f hem de din\u00ee dogmatizmin insanlar\u0131 ki\u015fisel ve toplumsal a\u00e7\u0131dan nas\u0131l etkiledi\u011fine dair \u00e7arp\u0131c\u0131 bir roman.   \u201cMevcut alternatif d\u00fcnya romanlar\u0131 aras\u0131ndaki en iyilerden biri.\u201d Philip K. Dick <\/p>\n","protected":false},"excerpt":{"rendered":"<p>Hubert kendisine s\u00f6ylenenlerin tamam\u0131na inan\u0131yordu, ama olacaklar\u0131n en \u00f6nemli k\u0131sm\u0131, y\u0131llar sonra yeti\u015fkin bir erke\u011fe d\u00f6n\u00fc\u015ft\u00fc\u011f\u00fcnde d\u00fcnyan\u0131n ona hangi g\u00f6zle bakaca\u011f\u0131 s\u00f6ylenmemi\u015fti. \u0130\u015fin o fasl\u0131n\u0131 anlatabilecek<span class=\"excerpt-hellip\"> [\u2026]<\/span><\/p>\n","protected":false},"featured_media":0,"template":"","meta":{"_monsterinsights_skip_tracking":false,"_monsterinsights_sitenote_active":false,"_monsterinsights_sitenote_note":"","_monsterinsights_sitenote_category":0},"product_brand":[],"product_cat":[12291,12711],"product_tag":[],"class_list":{"0":"post-754664","1":"product","2":"type-product","3":"status-publish","5":"product_cat-edebiyat","6":"product_cat-roman-oyku","7":"pa_cilt-ciltsiz","8":"pa_tur-kitap","9":"pa_yayinevi-can-yayinlari","10":"pa_yazar-kingsley-amis","12":"first","13":"instock","14":"sale","15":"shipping-taxable","16":"purchasable","17":"product-type-simple"},"_links":{"self":[{"href":"https:\/\/roveyayinevi.com.tr\/index.php\/wp-json\/wp\/v2\/product\/754664","targetHints":{"allow":["GET"]}}],"collection":[{"href":"https:\/\/roveyayinevi.com.tr\/index.php\/wp-json\/wp\/v2\/product"}],"about":[{"href":"https:\/\/roveyayinevi.com.tr\/index.php\/wp-json\/wp\/v2\/types\/product"}],"wp:attachment":[{"href":"https:\/\/roveyayinevi.com.tr\/index.php\/wp-json\/wp\/v2\/media?parent=754664"}],"wp:term":[{"taxonomy":"product_brand","embeddable":true,"href":"https:\/\/roveyayinevi.com.tr\/index.php\/wp-json\/wp\/v2\/product_brand?post=754664"},{"taxonomy":"product_cat","embeddable":true,"href":"https:\/\/roveyayinevi.com.tr\/index.php\/wp-json\/wp\/v2\/product_cat?post=754664"},{"taxonomy":"product_tag","embeddable":true,"href":"https:\/\/roveyayinevi.com.tr\/index.php\/wp-json\/wp\/v2\/product_tag?post=754664"}],"curies":[{"name":"wp","href":"https:\/\/api.w.org\/{rel}","templated":true}]}}