{"id":754663,"date":"2025-08-28T06:17:29","date_gmt":"2025-08-28T03:17:29","guid":{"rendered":"https:\/\/roveyayinevi.com.tr\/index.php\/urun\/dovus-tanrisi-1\/"},"modified":"2026-04-16T03:07:55","modified_gmt":"2026-04-16T00:07:55","slug":"dovus-tanrisi-1","status":"publish","type":"product","link":"https:\/\/roveyayinevi.com.tr\/index.php\/urun\/dovus-tanrisi-1\/","title":{"rendered":"D\u00f6v\u00fc\u015f Tanr\u0131s\u0131 1"},"content":{"rendered":"<p>17 ya\u015f\u0131ndaki Jin Mo-Ri, G\u00fcney Kore\u2019nin her yerinden kat\u0131l\u0131mc\u0131lar\u0131 bir araya getiren &#8220;God of High School&#8221; adl\u0131 d\u00f6v\u00fc\u015f sanatlar\u0131 turnuvas\u0131na davet edilmi\u015ftir. Tanr\u0131lar\u0131n g\u00fc\u00e7leri de kullan\u0131larak uluslararas\u0131 turnuvaya \u00fc\u00e7 temsilci se\u00e7ilecek. \u0130ttifaklar kurulacak ve \u00f6d\u00fcl olarak, kazanan\u0131n dile\u011fi ger\u00e7ekle\u015ftirilecek! <\/p>\n","protected":false},"excerpt":{"rendered":"<p>17 ya\u015f\u0131ndaki Jin Mo-Ri, G\u00fcney Kore\u2019nin her yerinden kat\u0131l\u0131mc\u0131lar\u0131 bir araya getiren &#8220;God of High School&#8221; adl\u0131 d\u00f6v\u00fc\u015f sanatlar\u0131 turnuvas\u0131na davet edilmi\u015ftir. Tanr\u0131lar\u0131n g\u00fc\u00e7leri de kullan\u0131larak<span class=\"excerpt-hellip\"> [\u2026]<\/span><\/p>\n","protected":false},"featured_media":0,"template":"","meta":{"_monsterinsights_skip_tracking":false,"_monsterinsights_sitenote_active":false,"_monsterinsights_sitenote_note":"","_monsterinsights_sitenote_category":0},"product_brand":[],"product_cat":[12416,12291],"product_tag":[],"class_list":{"0":"post-754663","1":"product","2":"type-product","3":"status-publish","5":"product_cat-cizgi-roman","6":"product_cat-edebiyat","7":"pa_cilt-ciltsiz","8":"pa_tur-kitap","9":"pa_yayinevi-athica-yayinlari","10":"pa_yazar-yong-je-park","12":"first","13":"instock","14":"sale","15":"shipping-taxable","16":"purchasable","17":"product-type-simple"},"_links":{"self":[{"href":"https:\/\/roveyayinevi.com.tr\/index.php\/wp-json\/wp\/v2\/product\/754663","targetHints":{"allow":["GET"]}}],"collection":[{"href":"https:\/\/roveyayinevi.com.tr\/index.php\/wp-json\/wp\/v2\/product"}],"about":[{"href":"https:\/\/roveyayinevi.com.tr\/index.php\/wp-json\/wp\/v2\/types\/product"}],"wp:attachment":[{"href":"https:\/\/roveyayinevi.com.tr\/index.php\/wp-json\/wp\/v2\/media?parent=754663"}],"wp:term":[{"taxonomy":"product_brand","embeddable":true,"href":"https:\/\/roveyayinevi.com.tr\/index.php\/wp-json\/wp\/v2\/product_brand?post=754663"},{"taxonomy":"product_cat","embeddable":true,"href":"https:\/\/roveyayinevi.com.tr\/index.php\/wp-json\/wp\/v2\/product_cat?post=754663"},{"taxonomy":"product_tag","embeddable":true,"href":"https:\/\/roveyayinevi.com.tr\/index.php\/wp-json\/wp\/v2\/product_tag?post=754663"}],"curies":[{"name":"wp","href":"https:\/\/api.w.org\/{rel}","templated":true}]}}