{"id":754662,"date":"2025-08-28T06:17:27","date_gmt":"2025-08-28T03:17:27","guid":{"rendered":"https:\/\/roveyayinevi.com.tr\/index.php\/urun\/direnisin-melankolisi\/"},"modified":"2026-04-11T03:16:21","modified_gmt":"2026-04-11T00:16:21","slug":"direnisin-melankolisi","status":"publish","type":"product","link":"https:\/\/roveyayinevi.com.tr\/index.php\/urun\/direnisin-melankolisi\/","title":{"rendered":"Direni\u015fin Melankolisi"},"content":{"rendered":"<p>Ya\u015fayan en \u00f6nemli Macar yazarlardan Krasznahorkai, yap\u0131tlar\u0131ndaki bi\u00e7em \u00f6zelli\u011fiyle \u00f6ne \u00e7\u0131k\u0131yor. Yazar\u0131n \u201ck\u0131yamet g\u00fcld\u00fcr\u00fcs\u00fc\u201d diye nitelendirilen Direni\u015fin Melankolisi adl\u0131 yap\u0131t\u0131, bir ta\u015fra kasabas\u0131na gelen gizemli sirkin ekseninde bi\u00e7imleniyor. Sirkin tek g\u00f6sterisi olan devasa balina, kasabal\u0131lar\u0131 birbirine d\u00fc\u015f\u00fcr\u00fcrken g\u00f6z\u00fc y\u00fckseklerde olan Eszter Han\u0131m\u2019a da diktat\u00f6rl\u00fck yolunu a\u00e7\u0131yor.   Kazand\u0131\u011f\u0131 Booker \u00d6d\u00fcl\u00fc\u2019n\u00fcn j\u00fcri ba\u015fkan\u0131 Marina Warner, onu \u015fu s\u00f6zlerle betimliyor: \u201cL\u00e1szl\u00f3 Krasznahorkai, ola\u011fan\u00fcst\u00fc yo\u011fun ve geni\u015f kapsaml\u0131 t\u0131n\u0131s\u0131yla, g\u00fcn\u00fcm\u00fcz ya\u015fam\u0131n\u0131n dokusunu \u00fcrk\u00fct\u00fcc\u00fc, \u015fa\u015f\u0131rt\u0131c\u0131, m\u00fcthi\u015f komik ve sars\u0131c\u0131 g\u00fczellikte sahnelerle aktaran vizyona sahip bir yazard\u0131r.\u201d <\/p>\n","protected":false},"excerpt":{"rendered":"<p>Ya\u015fayan en \u00f6nemli Macar yazarlardan Krasznahorkai, yap\u0131tlar\u0131ndaki bi\u00e7em \u00f6zelli\u011fiyle \u00f6ne \u00e7\u0131k\u0131yor. Yazar\u0131n \u201ck\u0131yamet g\u00fcld\u00fcr\u00fcs\u00fc\u201d diye nitelendirilen Direni\u015fin Melankolisi adl\u0131 yap\u0131t\u0131, bir ta\u015fra kasabas\u0131na gelen gizemli sirkin<span class=\"excerpt-hellip\"> [\u2026]<\/span><\/p>\n","protected":false},"featured_media":0,"template":"","meta":{"_monsterinsights_skip_tracking":false,"_monsterinsights_sitenote_active":false,"_monsterinsights_sitenote_note":"","_monsterinsights_sitenote_category":0},"product_brand":[],"product_cat":[12291,12711],"product_tag":[],"class_list":{"0":"post-754662","1":"product","2":"type-product","3":"status-publish","5":"product_cat-edebiyat","6":"product_cat-roman-oyku","7":"pa_cilt-ciltsiz","8":"pa_tur-kitap","9":"pa_yayinevi-can-yayinlari","10":"pa_yazar-laszlo-krasznahorkai","12":"first","13":"instock","14":"sale","15":"shipping-taxable","16":"purchasable","17":"product-type-simple"},"_links":{"self":[{"href":"https:\/\/roveyayinevi.com.tr\/index.php\/wp-json\/wp\/v2\/product\/754662","targetHints":{"allow":["GET"]}}],"collection":[{"href":"https:\/\/roveyayinevi.com.tr\/index.php\/wp-json\/wp\/v2\/product"}],"about":[{"href":"https:\/\/roveyayinevi.com.tr\/index.php\/wp-json\/wp\/v2\/types\/product"}],"wp:attachment":[{"href":"https:\/\/roveyayinevi.com.tr\/index.php\/wp-json\/wp\/v2\/media?parent=754662"}],"wp:term":[{"taxonomy":"product_brand","embeddable":true,"href":"https:\/\/roveyayinevi.com.tr\/index.php\/wp-json\/wp\/v2\/product_brand?post=754662"},{"taxonomy":"product_cat","embeddable":true,"href":"https:\/\/roveyayinevi.com.tr\/index.php\/wp-json\/wp\/v2\/product_cat?post=754662"},{"taxonomy":"product_tag","embeddable":true,"href":"https:\/\/roveyayinevi.com.tr\/index.php\/wp-json\/wp\/v2\/product_tag?post=754662"}],"curies":[{"name":"wp","href":"https:\/\/api.w.org\/{rel}","templated":true}]}}