{"id":754656,"date":"2025-08-28T06:17:16","date_gmt":"2025-08-28T03:17:16","guid":{"rendered":"https:\/\/roveyayinevi.com.tr\/index.php\/urun\/ben-blackpink\/"},"modified":"2026-04-16T03:07:55","modified_gmt":"2026-04-16T00:07:55","slug":"ben-blackpink","status":"publish","type":"product","link":"https:\/\/roveyayinevi.com.tr\/index.php\/urun\/ben-blackpink\/","title":{"rendered":"Ben Blackpink"},"content":{"rendered":"<p>&#8220;M\u00dcZ\u0130K V\u0130DEOSU 1,3 M\u0130LYAR \u0130ZLENMEYE ULA\u015eTI. EN \u0130Y\u0130 K-POP KIZ GRUBU, BILLBOARD L\u0130STES\u0130NE \u015eU ANA KADARK\u0130 EN KISA S\u00dcREDE G\u0130RMEY\u0130 BA\u015eARDI!&#8221; D\u00dcNYANIN D\u00d6RT B\u0130R YANINDAK\u0130 HAYRANLARININ KALB\u0130N\u0130 FETHEDEN K\u00dcRESEL GRUP BLACKPINK&#8217;\u0130N H\u0130K\u00c2YES\u0130   BAS\u0130T B\u0130R G\u00dcZELL\u0130\u011e\u0130 OLAN PEMBE RENG\u0130N\u0130 REDDEDERKEN, G\u00dc\u00c7L\u00dc PERFORMANSLARIYLA K\u00dcRESEL B\u0130R GRUBUN \u0130MAJINI TEMS\u0130L EDEN GRUP BLACKPINK. \u00c7IKI\u015eLARINDAN \u0130T\u0130BAREN K\u00dcRESEL SAHNEDE YER ALMALARINA KADARK\u0130 H\u0130K\u00c2YELER\u0130&#8230; BA\u015eLAYALIM MI? <\/p>\n","protected":false},"excerpt":{"rendered":"<p>&#8220;M\u00dcZ\u0130K V\u0130DEOSU 1,3 M\u0130LYAR \u0130ZLENMEYE ULA\u015eTI. EN \u0130Y\u0130 K-POP KIZ GRUBU, BILLBOARD L\u0130STES\u0130NE \u015eU ANA KADARK\u0130 EN KISA S\u00dcREDE G\u0130RMEY\u0130 BA\u015eARDI!&#8221; D\u00dcNYANIN D\u00d6RT B\u0130R YANINDAK\u0130 HAYRANLARININ<span class=\"excerpt-hellip\"> [\u2026]<\/span><\/p>\n","protected":false},"featured_media":0,"template":"","meta":{"_monsterinsights_skip_tracking":false,"_monsterinsights_sitenote_active":false,"_monsterinsights_sitenote_note":"","_monsterinsights_sitenote_category":0},"product_brand":[],"product_cat":[12416,12291],"product_tag":[],"class_list":{"0":"post-754656","1":"product","2":"type-product","3":"status-publish","5":"product_cat-cizgi-roman","6":"product_cat-edebiyat","7":"pa_cilt-ciltsiz","8":"pa_tur-kitap","9":"pa_yayinevi-athica-yayinlari","10":"pa_yazar-cho-young-seon","12":"first","13":"instock","14":"sale","15":"shipping-taxable","16":"purchasable","17":"product-type-simple"},"_links":{"self":[{"href":"https:\/\/roveyayinevi.com.tr\/index.php\/wp-json\/wp\/v2\/product\/754656","targetHints":{"allow":["GET"]}}],"collection":[{"href":"https:\/\/roveyayinevi.com.tr\/index.php\/wp-json\/wp\/v2\/product"}],"about":[{"href":"https:\/\/roveyayinevi.com.tr\/index.php\/wp-json\/wp\/v2\/types\/product"}],"wp:attachment":[{"href":"https:\/\/roveyayinevi.com.tr\/index.php\/wp-json\/wp\/v2\/media?parent=754656"}],"wp:term":[{"taxonomy":"product_brand","embeddable":true,"href":"https:\/\/roveyayinevi.com.tr\/index.php\/wp-json\/wp\/v2\/product_brand?post=754656"},{"taxonomy":"product_cat","embeddable":true,"href":"https:\/\/roveyayinevi.com.tr\/index.php\/wp-json\/wp\/v2\/product_cat?post=754656"},{"taxonomy":"product_tag","embeddable":true,"href":"https:\/\/roveyayinevi.com.tr\/index.php\/wp-json\/wp\/v2\/product_tag?post=754656"}],"curies":[{"name":"wp","href":"https:\/\/api.w.org\/{rel}","templated":true}]}}