{"id":754654,"date":"2025-08-28T06:17:14","date_gmt":"2025-08-28T03:17:14","guid":{"rendered":"https:\/\/roveyayinevi.com.tr\/index.php\/urun\/avrupada-ve-osmanlida-cadilik\/"},"modified":"2026-04-13T03:14:00","modified_gmt":"2026-04-13T00:14:00","slug":"avrupada-ve-osmanlida-cadilik","status":"publish","type":"product","link":"https:\/\/roveyayinevi.com.tr\/index.php\/urun\/avrupada-ve-osmanlida-cadilik\/","title":{"rendered":"Avrupa\u2019da ve Osmanl\u0131\u2019da Cad\u0131l\u0131k"},"content":{"rendered":"<p>CADILIK, TOPLUMUN BASTIRMAYA \u00c7ALI\u015eTI\u011eI KADININ \u0130\u00c7\u0130NDEK\u0130 B\u0130LGEL\u0130KT\u0130R. Tarih boyunca bast\u0131r\u0131lan kad\u0131n, bir ba\u015fkald\u0131r\u0131 olarak cad\u0131 kimli\u011fiyle kar\u015f\u0131m\u0131za \u00e7\u0131km\u0131\u015ft\u0131r. Cad\u0131, kendi \u015fartlar\u0131yla g\u00fcce sahip olan tek kad\u0131n arketipidir. Bir erke\u011fin e\u015fi, bir \u00e7ocu\u011fun annesi veya ba\u015fka bir otoritenin uzant\u0131s\u0131 olarak tan\u0131mlanmaya hi\u00e7 ihtiya\u00e7 duymaz. Cad\u0131, her kad\u0131n\u0131n i\u00e7inde ya\u015fayan, d\u0131\u015flanm\u0131\u015f, \u00f6rselenmi\u015f, a\u015fa\u011f\u0131lanm\u0131\u015f kad\u0131nl\u0131\u011f\u0131n bir ifadesidir. Cad\u0131l\u0131k kavram\u0131 Avrupa tarihine has bir olgu olarak kabul edilse de bu co\u011frafyayla s\u0131n\u0131rl\u0131 de\u011fildir. Osmanl\u0131 \u0130mparatorlu\u011fu\u2019na bak\u0131ld\u0131\u011f\u0131nda da cad\u0131l\u0131kla su\u00e7lanm\u0131\u015f, bu nedenle cezaland\u0131r\u0131lm\u0131\u015f kad\u0131nlar var, hatta birtak\u0131m cad\u0131 vakalar\u0131 sebebiyle \u00f6nlemler bile al\u0131nm\u0131\u015ft\u0131r. Bu kitapta Bat\u0131l\u0131 anlamda bir cad\u0131 kimli\u011finin kar\u015f\u0131l\u0131\u011f\u0131 aranm\u0131yor. Cad\u0131n\u0131n temsil etti\u011fi do\u011fa\u00fcst\u00fc g\u00fc\u00e7ler, b\u00fcy\u00fc ve kad\u0131nl\u0131k unsurlar\u0131 \u00fczerinden yakla\u015f\u0131larak Osmanl\u0131 \u0130mparatorlu\u011fu\u2019nda cad\u0131 ve cad\u0131n\u0131n temsil etti\u011fi unsurlar ve bunlarla kurulan ili\u015fkiler ele al\u0131n\u0131yor. <\/p>\n","protected":false},"excerpt":{"rendered":"<p>CADILIK, TOPLUMUN BASTIRMAYA \u00c7ALI\u015eTI\u011eI KADININ \u0130\u00c7\u0130NDEK\u0130 B\u0130LGEL\u0130KT\u0130R. Tarih boyunca bast\u0131r\u0131lan kad\u0131n, bir ba\u015fkald\u0131r\u0131 olarak cad\u0131 kimli\u011fiyle kar\u015f\u0131m\u0131za \u00e7\u0131km\u0131\u015ft\u0131r. Cad\u0131, kendi \u015fartlar\u0131yla g\u00fcce sahip olan tek kad\u0131n<span class=\"excerpt-hellip\"> [\u2026]<\/span><\/p>\n","protected":false},"featured_media":0,"template":"","meta":{"_monsterinsights_skip_tracking":false,"_monsterinsights_sitenote_active":false,"_monsterinsights_sitenote_note":"","_monsterinsights_sitenote_category":0},"product_brand":[],"product_cat":[12370,12304],"product_tag":[],"class_list":{"0":"post-754654","1":"product","2":"type-product","3":"status-publish","5":"product_cat-arastirma-inceleme","6":"product_cat-tarih","7":"pa_cilt-ciltsiz","8":"pa_tur-kitap","9":"pa_yayinevi-destek-yayinlari","10":"pa_yazar-ozge-ozal","12":"first","13":"instock","14":"sale","15":"shipping-taxable","16":"purchasable","17":"product-type-simple"},"_links":{"self":[{"href":"https:\/\/roveyayinevi.com.tr\/index.php\/wp-json\/wp\/v2\/product\/754654","targetHints":{"allow":["GET"]}}],"collection":[{"href":"https:\/\/roveyayinevi.com.tr\/index.php\/wp-json\/wp\/v2\/product"}],"about":[{"href":"https:\/\/roveyayinevi.com.tr\/index.php\/wp-json\/wp\/v2\/types\/product"}],"wp:attachment":[{"href":"https:\/\/roveyayinevi.com.tr\/index.php\/wp-json\/wp\/v2\/media?parent=754654"}],"wp:term":[{"taxonomy":"product_brand","embeddable":true,"href":"https:\/\/roveyayinevi.com.tr\/index.php\/wp-json\/wp\/v2\/product_brand?post=754654"},{"taxonomy":"product_cat","embeddable":true,"href":"https:\/\/roveyayinevi.com.tr\/index.php\/wp-json\/wp\/v2\/product_cat?post=754654"},{"taxonomy":"product_tag","embeddable":true,"href":"https:\/\/roveyayinevi.com.tr\/index.php\/wp-json\/wp\/v2\/product_tag?post=754654"}],"curies":[{"name":"wp","href":"https:\/\/api.w.org\/{rel}","templated":true}]}}