{"id":754653,"date":"2025-08-28T06:17:13","date_gmt":"2025-08-28T03:17:13","guid":{"rendered":"https:\/\/roveyayinevi.com.tr\/index.php\/urun\/50-maddede-cumhuriyetin-100-yili-karanliga-inat-cumhuriyet\/"},"modified":"2026-04-16T03:07:55","modified_gmt":"2026-04-16T00:07:55","slug":"50-maddede-cumhuriyetin-100-yili-karanliga-inat-cumhuriyet","status":"publish","type":"product","link":"https:\/\/roveyayinevi.com.tr\/index.php\/urun\/50-maddede-cumhuriyetin-100-yili-karanliga-inat-cumhuriyet\/","title":{"rendered":"50 Maddede Cumhuriyetin 100. Y\u0131l\u0131 Karanl\u0131\u011fa \u0130nat Cumhuriyet"},"content":{"rendered":"<p>\u201cM\u0130LLET\u0130N SALTANAT VE HAK\u0130M\u0130YET MAKAMI YALNIZ VE ANCAK T\u00dcRK\u0130YE B\u00dcY\u00dcK M\u0130LLET MECL\u0130S\u0130\u2019D\u0130R.\u201d &#8211; MUSTAFA KEMAL ATAT\u00dcRK   \u201cCumhuriyet bir devrimdi, y\u0131k\u0131lm\u0131\u015f, par\u00e7alanm\u0131\u015f, geri kalm\u0131\u015f, yok olmak \u00fczere olan bir toplumdan, \u00e7a\u011fda\u015f bir devlet yarat\u0131ld\u0131. Atat\u00fcrk\u2019\u00fcn, T\u00fcrkiye\u2019yi kurma m\u00fccadelesi verdi\u011fi g\u00fcnlerde \u0130ngiliz ba\u015fbakan\u0131 kendi meclisinde \u2018Art\u0131k T\u00fcrkiye yoktur!\u2019 diyordu. Atat\u00fcrk ve Milli M\u00fccadele\u2019ye omuz verenler, \u0130ngilizlerin bu s\u00f6z\u00fcn\u00fc bo\u015fa \u00e7\u0131kard\u0131lar. Sadece bu s\u00f6z\u00fc bo\u015fa \u00e7\u0131karmakla kalmay\u0131p, d\u00fcnya milletler ailesine, \u00e7a\u011fda\u015f, yeni bir \u00fcye kazand\u0131rd\u0131lar. Bu yeni \u00fcye, kurucusu Atat\u00fcrk\u2019\u00fcn \u2018Yurtta bar\u0131\u015f, d\u00fcnyada bar\u0131\u015f\u2019 ilkesine s\u0131k\u0131 s\u0131k\u0131ya ba\u011fl\u0131 kalan ve bu nedenle de sayg\u0131 g\u00f6ren bir \u00fclke oldu.\u201d   Do\u011fan Satm\u0131\u015f taraf\u0131ndan kaleme al\u0131nan 50 Maddede Cumhuriyet\u2019in 100. Y\u0131l\u0131 kitab\u0131n\u0131n sayfalar\u0131nda; m\u00fcmk\u00fcn olmayan\u0131 ba\u015far\u0131p, olmaz denileni olduran, \u201cbitti san\u0131lan\u0131\u201d k\u00fcllerinden yeniden do\u011furan T\u00fcrk milletinin ve Mustafa Kemal\u2019in m\u00fccadelesini okuyacaks\u0131n\u0131z. <\/p>\n","protected":false},"excerpt":{"rendered":"<p>\u201cM\u0130LLET\u0130N SALTANAT VE HAK\u0130M\u0130YET MAKAMI YALNIZ VE ANCAK T\u00dcRK\u0130YE B\u00dcY\u00dcK M\u0130LLET MECL\u0130S\u0130\u2019D\u0130R.\u201d &#8211; MUSTAFA KEMAL ATAT\u00dcRK \u201cCumhuriyet bir devrimdi, y\u0131k\u0131lm\u0131\u015f, par\u00e7alanm\u0131\u015f, geri kalm\u0131\u015f, yok olmak \u00fczere<span class=\"excerpt-hellip\"> [\u2026]<\/span><\/p>\n","protected":false},"featured_media":0,"template":"","meta":{"_monsterinsights_skip_tracking":false,"_monsterinsights_sitenote_active":false,"_monsterinsights_sitenote_note":"","_monsterinsights_sitenote_category":0},"product_brand":[],"product_cat":[12304,13493],"product_tag":[],"class_list":{"0":"post-754653","1":"product","2":"type-product","3":"status-publish","5":"product_cat-tarih","6":"product_cat-turkiye-ve-cumhuriyet-tarihi","7":"pa_cilt-ciltsiz","8":"pa_tur-kitap","9":"pa_yayinevi-kara-karga-yayinlari","10":"pa_yazar-dogan-satmis","12":"first","13":"instock","14":"sale","15":"shipping-taxable","16":"purchasable","17":"product-type-simple"},"_links":{"self":[{"href":"https:\/\/roveyayinevi.com.tr\/index.php\/wp-json\/wp\/v2\/product\/754653","targetHints":{"allow":["GET"]}}],"collection":[{"href":"https:\/\/roveyayinevi.com.tr\/index.php\/wp-json\/wp\/v2\/product"}],"about":[{"href":"https:\/\/roveyayinevi.com.tr\/index.php\/wp-json\/wp\/v2\/types\/product"}],"wp:attachment":[{"href":"https:\/\/roveyayinevi.com.tr\/index.php\/wp-json\/wp\/v2\/media?parent=754653"}],"wp:term":[{"taxonomy":"product_brand","embeddable":true,"href":"https:\/\/roveyayinevi.com.tr\/index.php\/wp-json\/wp\/v2\/product_brand?post=754653"},{"taxonomy":"product_cat","embeddable":true,"href":"https:\/\/roveyayinevi.com.tr\/index.php\/wp-json\/wp\/v2\/product_cat?post=754653"},{"taxonomy":"product_tag","embeddable":true,"href":"https:\/\/roveyayinevi.com.tr\/index.php\/wp-json\/wp\/v2\/product_tag?post=754653"}],"curies":[{"name":"wp","href":"https:\/\/api.w.org\/{rel}","templated":true}]}}