{"id":754652,"date":"2025-08-28T06:17:11","date_gmt":"2025-08-28T03:17:11","guid":{"rendered":"https:\/\/roveyayinevi.com.tr\/index.php\/urun\/yuksek-yerilim-hatti\/"},"modified":"2026-04-16T03:07:55","modified_gmt":"2026-04-16T00:07:55","slug":"yuksek-yerilim-hatti","status":"publish","type":"product","link":"https:\/\/roveyayinevi.com.tr\/index.php\/urun\/yuksek-yerilim-hatti\/","title":{"rendered":"Y\u00fcksek Yerilim Hatt\u0131"},"content":{"rendered":"<p>Yerginin ve politik mizah\u0131n usta kalemi Erdin\u00e7 Utku, Cumhuriyet gazetesindeki Ciddiyet sayfas\u0131nda yay\u0131mlanan ve g\u00fcndemin mizah\u0131n\u0131n yap\u0131ld\u0131\u011f\u0131 politik aforizmalardan bir se\u00e7kiyi, art\u0131k aforizmalar\u0131yla \u00f6zle\u015fle\u015fen k\u00f6\u015fenin ismiyle, Y\u00fcksek Yerilim Hatt\u0131 ad\u0131yla kitapla\u015ft\u0131r\u0131ld\u0131. Utku, k\u00f6\u015fesinde karikat\u00fcre d\u00f6n\u00fc\u015fen hayat\u0131m\u0131za y\u0131llard\u0131r aforizmalar\u0131yla altyaz\u0131 ge\u00e7iyor, bir c\u00fcmleye c\u00fcmle aleme, bazen bir d\u00fcnyay\u0131 s\u0131\u011fd\u0131r\u0131yor. *Erdin\u00e7 Utku bu yollar\u0131n kald\u0131r\u0131m ta\u015flar\u0131n\u0131 d\u00f6\u015feyenlerden&#8230; Deniz Som\u2019un \u201cVaziyet\u201d k\u00f6\u015fesinde \u201cY\u00fcksek Yerilim Hatt\u0131\u201dnda se\u00e7me s\u00f6zler yazd\u0131\u011f\u0131ndan beri tiryakili\u011fe d\u00f6n\u00fc\u015fen bir al\u0131\u015fkanl\u0131kla Erdin\u00e7 Utku\u2019yu izliyorum; her t\u00fcmce birka\u00e7 saniyelik bir zeka \u015fim\u015fe\u011fi \u00e7akt\u0131r\u0131yor&#8230;\u0130lhan Sel\u00e7uk *Evet, hayat ser\u00fcvenlerinden imbikten ge\u00e7ercesine dam\u0131t\u0131lm\u0131\u015f damlalar bunlar. \u015eim\u015fek gibi \u00e7ak\u0131p bir anda karanl\u0131\u011f\u0131 ayd\u0131nlat\u0131yorlar. Haluk \u015eahin *Erdin\u00e7 Utku s\u00f6zc\u00fcklerle karikat\u00fcr yap\u0131yor. \u0130yi de yap\u0131yor.Deniz Som *Erdin\u00e7 Utku Cumhuriyet gazetesindeki Y\u00fcksek Yerilim Hatt\u0131\u2019nda g\u00fcncel olaylara m\u00fckemmel g\u00f6ndermeler yap\u0131yor, g\u00fcndemdeki ki\u015filere, \u00f6zellikler siyaset\u00e7ilere m\u00fcthi\u015f laflar sokuyor.Ek\u015fi S\u00f6zl\u00fck <\/p>\n","protected":false},"excerpt":{"rendered":"<p>Yerginin ve politik mizah\u0131n usta kalemi Erdin\u00e7 Utku, Cumhuriyet gazetesindeki Ciddiyet sayfas\u0131nda yay\u0131mlanan ve g\u00fcndemin mizah\u0131n\u0131n yap\u0131ld\u0131\u011f\u0131 politik aforizmalardan bir se\u00e7kiyi, art\u0131k aforizmalar\u0131yla \u00f6zle\u015fle\u015fen k\u00f6\u015fenin ismiyle,<span class=\"excerpt-hellip\"> [\u2026]<\/span><\/p>\n","protected":false},"featured_media":0,"template":"","meta":{"_monsterinsights_skip_tracking":false,"_monsterinsights_sitenote_active":false,"_monsterinsights_sitenote_note":"","_monsterinsights_sitenote_category":0},"product_brand":[],"product_cat":[12291,14825],"product_tag":[],"class_list":{"0":"post-754652","1":"product","2":"type-product","3":"status-publish","5":"product_cat-edebiyat","6":"product_cat-mizah","7":"pa_cilt-ciltsiz","8":"pa_tur-kitap","9":"pa_yayinevi-cumhuriyet-kitaplari","10":"pa_yazar-erdinc-utku","12":"first","13":"instock","14":"sale","15":"shipping-taxable","16":"purchasable","17":"product-type-simple"},"_links":{"self":[{"href":"https:\/\/roveyayinevi.com.tr\/index.php\/wp-json\/wp\/v2\/product\/754652","targetHints":{"allow":["GET"]}}],"collection":[{"href":"https:\/\/roveyayinevi.com.tr\/index.php\/wp-json\/wp\/v2\/product"}],"about":[{"href":"https:\/\/roveyayinevi.com.tr\/index.php\/wp-json\/wp\/v2\/types\/product"}],"wp:attachment":[{"href":"https:\/\/roveyayinevi.com.tr\/index.php\/wp-json\/wp\/v2\/media?parent=754652"}],"wp:term":[{"taxonomy":"product_brand","embeddable":true,"href":"https:\/\/roveyayinevi.com.tr\/index.php\/wp-json\/wp\/v2\/product_brand?post=754652"},{"taxonomy":"product_cat","embeddable":true,"href":"https:\/\/roveyayinevi.com.tr\/index.php\/wp-json\/wp\/v2\/product_cat?post=754652"},{"taxonomy":"product_tag","embeddable":true,"href":"https:\/\/roveyayinevi.com.tr\/index.php\/wp-json\/wp\/v2\/product_tag?post=754652"}],"curies":[{"name":"wp","href":"https:\/\/api.w.org\/{rel}","templated":true}]}}