{"id":754650,"date":"2025-08-28T06:17:08","date_gmt":"2025-08-28T03:17:08","guid":{"rendered":"https:\/\/roveyayinevi.com.tr\/index.php\/urun\/ali-fuat-cebesoy\/"},"modified":"2026-04-16T03:07:55","modified_gmt":"2026-04-16T00:07:55","slug":"ali-fuat-cebesoy","status":"publish","type":"product","link":"https:\/\/roveyayinevi.com.tr\/index.php\/urun\/ali-fuat-cebesoy\/","title":{"rendered":"Ali Fuat Cebesoy"},"content":{"rendered":"<p>\u201cMilli M\u00fccadele\u2019ye beraber ba\u015flayan yolculardan baz\u0131lar\u0131, milli hayat\u0131n bug\u00fcnk\u00fc cumhuriyet ve cumhuriyet kanunlar\u0131na kadar uzanan geli\u015fmelerinde kendi fikir ve ruh yeteneklerinin kavray\u0131\u015f s\u0131n\u0131r\u0131 gittik\u00e7e bana kar\u015f\u0131 direni\u015fe ve muhalefete ge\u00e7mi\u015flerdir\u201d Harbiye mektebi y\u0131llar\u0131nda ba\u015flayan bir dostluk, yolda\u015fl\u0131k ve s\u0131rda\u015fl\u0131k, nas\u0131l oldu da zamanla muhalifli\u011fe d\u00f6n\u00fc\u015ft\u00fc ve Atat\u00fcrk\u2019e Nutuk\u2019ta yer alan bu s\u00f6zler s\u00f6yletti? Kurtulu\u015f Sava\u015f\u0131 kahramanlar\u0131ndan, Bat\u0131 Cephesi\u2019nin \u015f\u00f6hretli kumandan\u0131 Ali Fuat Cebesoy neden Anadolu\u2019dan uzakla\u015ft\u0131rarak Moskova\u2019ya g\u00f6nderildi? Ali Fuat Pa\u015fa, \u0130zmir Suikast\u0131n\u0131n neresindeydi? Devrimlerin de\u011fi\u015fmeyen kanunu kendi evlatlar\u0131n\u0131 yemesi midir?&#8230; De\u011ferli ara\u015ft\u0131rmac\u0131-yazar Osman Selim Kocahano\u011flu, Ali Fuat Cebesoy\u2019un biyografisini eksiksiz bir \u015fekilde ortaya koyarken Mustafa Kemal\u2019le ili\u015fkisinden Kurtulu\u015f Sava\u015f\u0131 y\u0131llar\u0131ndaki rol\u00fcne, Moskova b\u00fcy\u00fckel\u00e7ili\u011fi  d\u00f6neminden muhalif siyaset\u00e7ili\u011fine ve \u00e7ok daha fazlas\u0131na \u0131\u015f\u0131k tutuyor. <\/p>\n","protected":false},"excerpt":{"rendered":"<p>\u201cMilli M\u00fccadele\u2019ye beraber ba\u015flayan yolculardan baz\u0131lar\u0131, milli hayat\u0131n bug\u00fcnk\u00fc cumhuriyet ve cumhuriyet kanunlar\u0131na kadar uzanan geli\u015fmelerinde kendi fikir ve ruh yeteneklerinin kavray\u0131\u015f s\u0131n\u0131r\u0131 gittik\u00e7e bana kar\u015f\u0131<span class=\"excerpt-hellip\"> [\u2026]<\/span><\/p>\n","protected":false},"featured_media":0,"template":"","meta":{"_monsterinsights_skip_tracking":false,"_monsterinsights_sitenote_active":false,"_monsterinsights_sitenote_note":"","_monsterinsights_sitenote_category":0},"product_brand":[],"product_cat":[12370,12304],"product_tag":[],"class_list":{"0":"post-754650","1":"product","2":"type-product","3":"status-publish","5":"product_cat-arastirma-inceleme","6":"product_cat-tarih","7":"pa_cilt-ciltsiz","8":"pa_tur-kitap","9":"pa_yayinevi-cumhuriyet-kitaplari","10":"pa_yazar-osman-selim-kocahanoglu","12":"first","13":"instock","14":"sale","15":"shipping-taxable","16":"purchasable","17":"product-type-simple"},"_links":{"self":[{"href":"https:\/\/roveyayinevi.com.tr\/index.php\/wp-json\/wp\/v2\/product\/754650","targetHints":{"allow":["GET"]}}],"collection":[{"href":"https:\/\/roveyayinevi.com.tr\/index.php\/wp-json\/wp\/v2\/product"}],"about":[{"href":"https:\/\/roveyayinevi.com.tr\/index.php\/wp-json\/wp\/v2\/types\/product"}],"wp:attachment":[{"href":"https:\/\/roveyayinevi.com.tr\/index.php\/wp-json\/wp\/v2\/media?parent=754650"}],"wp:term":[{"taxonomy":"product_brand","embeddable":true,"href":"https:\/\/roveyayinevi.com.tr\/index.php\/wp-json\/wp\/v2\/product_brand?post=754650"},{"taxonomy":"product_cat","embeddable":true,"href":"https:\/\/roveyayinevi.com.tr\/index.php\/wp-json\/wp\/v2\/product_cat?post=754650"},{"taxonomy":"product_tag","embeddable":true,"href":"https:\/\/roveyayinevi.com.tr\/index.php\/wp-json\/wp\/v2\/product_tag?post=754650"}],"curies":[{"name":"wp","href":"https:\/\/api.w.org\/{rel}","templated":true}]}}