{"id":754649,"date":"2025-08-28T06:17:07","date_gmt":"2025-08-28T03:17:07","guid":{"rendered":"https:\/\/roveyayinevi.com.tr\/index.php\/urun\/boraltan\/"},"modified":"2026-04-16T03:07:55","modified_gmt":"2026-04-16T00:07:55","slug":"boraltan","status":"publish","type":"product","link":"https:\/\/roveyayinevi.com.tr\/index.php\/urun\/boraltan\/","title":{"rendered":"Boraltan"},"content":{"rendered":"<p>Boraltan; \u00d6zg\u00fcrl\u00fc\u011f\u00fcn Tuza\u011f\u0131\u2019nda kendi sabr\u0131, diyaneti, gayreti ve Allah\u2019\u0131n mucizesiyle kurtulan, kurtulduktan sonra T\u00fcrkiye\u2019yi \u201cvatan\u201d bilip oraya s\u0131\u011f\u0131nan iki Azerbaycanl\u0131 gencin, kendi \u201ckarde\u015fler\u201di taraf\u0131ndan iblise, \u015feytana ve iftiraya teslim edilmesini anlat\u0131l\u0131yor. Ama hay\u0131r\u2026 Bu ihanet, T\u00fcrk halk\u0131n\u0131n ihaneti de\u011fildir! \u00c7\u00fcnk\u00fc tarihte birbirinin elinden s\u0131k\u0131 s\u0131k\u0131ya tutan iki karde\u015f, birbirine d\u00f6neklik edemezdi. Bu, bir milletin haf\u0131zas\u0131d\u0131r ve bu de\u011ferli haf\u0131zada \u00f6nemli olan bu olay\u0131n mahiyetidir, facian\u0131n i\u00e7indeki derin sars\u0131nt\u0131 ve kader yaz\u0131s\u0131d\u0131r. \u00c7\u00fcnk\u00fc bu s\u0131radan bir olay de\u011fildi, tarihin karma\u015fas\u0131nda karde\u015fli\u011fimize yap\u0131lan bir suikastt\u0131. Bu ac\u0131mas\u0131z cinayete sebep olanlar\u0131 tarih bile affetmemi\u015ftir. Bu eser, emektar gazeteci Yunus Orucov\u2019un ikinci kitab\u0131d\u0131r ve bu kitap art\u0131k onu bir yazar olarak per\u00e7inlemektedir. Yunus\u2019u yazar yapan ise bu sanc\u0131lar, halk\u0131n zalim kaderi, y\u00fczy\u0131llard\u0131r ac\u0131mas\u0131z s\u00fcrg\u00fcnlerin, k\u0131z\u0131l ter\u00f6r\u00fcn pen\u00e7esinde \u00f6len ama yeniden canlanan milletin \u00f6zg\u00fcrl\u00fck ve ba\u011f\u0131ms\u0131zl\u0131k sevdas\u0131 olmu\u015ftur.  <\/p>\n","protected":false},"excerpt":{"rendered":"<p>Boraltan; \u00d6zg\u00fcrl\u00fc\u011f\u00fcn Tuza\u011f\u0131\u2019nda kendi sabr\u0131, diyaneti, gayreti ve Allah\u2019\u0131n mucizesiyle kurtulan, kurtulduktan sonra T\u00fcrkiye\u2019yi \u201cvatan\u201d bilip oraya s\u0131\u011f\u0131nan iki Azerbaycanl\u0131 gencin, kendi \u201ckarde\u015fler\u201di taraf\u0131ndan iblise, \u015feytana<span class=\"excerpt-hellip\"> [\u2026]<\/span><\/p>\n","protected":false},"featured_media":0,"template":"","meta":{"_monsterinsights_skip_tracking":false,"_monsterinsights_sitenote_active":false,"_monsterinsights_sitenote_note":"","_monsterinsights_sitenote_category":0},"product_brand":[],"product_cat":[12337],"product_tag":[],"class_list":{"0":"post-754649","1":"product","2":"type-product","3":"status-publish","5":"product_cat-politika-siyaset","6":"pa_cilt-ciltsiz","7":"pa_tur-kitap","8":"pa_yayinevi-yeditepe-yayinevi","9":"pa_yazar-yunis-orucov","11":"first","12":"instock","13":"sale","14":"shipping-taxable","15":"purchasable","16":"product-type-simple"},"_links":{"self":[{"href":"https:\/\/roveyayinevi.com.tr\/index.php\/wp-json\/wp\/v2\/product\/754649","targetHints":{"allow":["GET"]}}],"collection":[{"href":"https:\/\/roveyayinevi.com.tr\/index.php\/wp-json\/wp\/v2\/product"}],"about":[{"href":"https:\/\/roveyayinevi.com.tr\/index.php\/wp-json\/wp\/v2\/types\/product"}],"wp:attachment":[{"href":"https:\/\/roveyayinevi.com.tr\/index.php\/wp-json\/wp\/v2\/media?parent=754649"}],"wp:term":[{"taxonomy":"product_brand","embeddable":true,"href":"https:\/\/roveyayinevi.com.tr\/index.php\/wp-json\/wp\/v2\/product_brand?post=754649"},{"taxonomy":"product_cat","embeddable":true,"href":"https:\/\/roveyayinevi.com.tr\/index.php\/wp-json\/wp\/v2\/product_cat?post=754649"},{"taxonomy":"product_tag","embeddable":true,"href":"https:\/\/roveyayinevi.com.tr\/index.php\/wp-json\/wp\/v2\/product_tag?post=754649"}],"curies":[{"name":"wp","href":"https:\/\/api.w.org\/{rel}","templated":true}]}}