{"id":754646,"date":"2025-08-28T06:17:03","date_gmt":"2025-08-28T03:17:03","guid":{"rendered":"https:\/\/roveyayinevi.com.tr\/index.php\/urun\/savasin-kisa-tarihi\/"},"modified":"2026-04-16T03:07:55","modified_gmt":"2026-04-16T00:07:55","slug":"savasin-kisa-tarihi","status":"publish","type":"product","link":"https:\/\/roveyayinevi.com.tr\/index.php\/urun\/savasin-kisa-tarihi\/","title":{"rendered":"Sava\u015f\u0131n K\u0131sa Tarihi"},"content":{"rendered":"<p>Tarih boyunca sava\u015flar, hayat\u0131m\u0131z\u0131n toplumsal, siyasi, k\u00fclt\u00fcrel ve din\u00ee y\u00f6nlerini d\u00f6n\u00fc\u015ft\u00fcrm\u00fc\u015ft\u00fcr. Ortak bir ama\u00e7 yaratmak ve bu amac\u0131 peki\u015ftirmek ad\u0131na ge\u00e7mi\u015f, g\u00fcn\u00fcm\u00fcz ve gelece\u011fin sava\u015f \u00f6yk\u00fclerini anlat\u0131r\u0131z. Bu ilgi \u00e7ekici incelemede Jeremy Black, Birinci ve \u0130kinci D\u00fcnya Sava\u015flar\u0131n\u0131n yan\u0131 s\u0131ra Han \u00c7in&#8217;i ve Asur&#8217;dan \u0130mparatorluk Roma&#8217;s\u0131na, Napolyon Fransa&#8217;s\u0131ndan Vietnam ve Afganistan&#8217;a uzanan bir yelpazede sava\u015f\u0131 k\u00fcresel bir olgu olarak inceliyor. Black ayn\u0131 zamanda sava\u015f\u0131n \u00f6nemini ve \u00e7at\u0131\u015fmalara ili\u015fkin k\u00fclt\u00fcrel yakla\u015f\u0131mlar\u0131n, d\u00fcnyan\u0131n d\u00f6rt bir yan\u0131ndaki toplumlarda nas\u0131l kal\u0131c\u0131 sonu\u00e7lar do\u011furdu\u011funu da ara\u015ft\u0131r\u0131yor. Black&#8217;e g\u00f6re silahlar, sava\u015f bi\u00e7imleri \u00fczerinde temel bir etkiye sahip olmu\u015ftur: Havada sava\u015f\u0131 silahlar yaratm\u0131\u015f ve denizde sava\u015f\u0131 da silahlar d\u00f6n\u00fc\u015ft\u00fcrm\u00fc\u015ft\u00fcr.20. y\u00fczy\u0131l silahlar\u0131na insans\u0131z hava ara\u00e7lar\u0131 ve robot teknolojilerinin meydan okudu\u011fu g\u00fcn\u00fcm\u00fczde Black,sava\u015f\u0131n gelece\u011finin neye benzeyebilece\u011fini irdeliyor.<\/p>\n","protected":false},"excerpt":{"rendered":"<p>Tarih boyunca sava\u015flar, hayat\u0131m\u0131z\u0131n toplumsal, siyasi, k\u00fclt\u00fcrel ve din\u00ee y\u00f6nlerini d\u00f6n\u00fc\u015ft\u00fcrm\u00fc\u015ft\u00fcr. Ortak bir ama\u00e7 yaratmak ve bu amac\u0131 peki\u015ftirmek ad\u0131na ge\u00e7mi\u015f, g\u00fcn\u00fcm\u00fcz ve gelece\u011fin sava\u015f \u00f6yk\u00fclerini<span class=\"excerpt-hellip\"> [\u2026]<\/span><\/p>\n","protected":false},"featured_media":0,"template":"","meta":{"_monsterinsights_skip_tracking":false,"_monsterinsights_sitenote_active":false,"_monsterinsights_sitenote_note":"","_monsterinsights_sitenote_category":0},"product_brand":[],"product_cat":[13946,12304],"product_tag":[],"class_list":{"0":"post-754646","1":"product","2":"type-product","3":"status-publish","5":"product_cat-biyografi-otobiyografi","6":"product_cat-tarih","7":"pa_cilt-ciltsiz","8":"pa_tur-kitap","9":"pa_yayinevi-yeditepe-yayinevi","10":"pa_yazar-jeremy-black","12":"first","13":"instock","14":"sale","15":"shipping-taxable","16":"purchasable","17":"product-type-simple"},"_links":{"self":[{"href":"https:\/\/roveyayinevi.com.tr\/index.php\/wp-json\/wp\/v2\/product\/754646","targetHints":{"allow":["GET"]}}],"collection":[{"href":"https:\/\/roveyayinevi.com.tr\/index.php\/wp-json\/wp\/v2\/product"}],"about":[{"href":"https:\/\/roveyayinevi.com.tr\/index.php\/wp-json\/wp\/v2\/types\/product"}],"wp:attachment":[{"href":"https:\/\/roveyayinevi.com.tr\/index.php\/wp-json\/wp\/v2\/media?parent=754646"}],"wp:term":[{"taxonomy":"product_brand","embeddable":true,"href":"https:\/\/roveyayinevi.com.tr\/index.php\/wp-json\/wp\/v2\/product_brand?post=754646"},{"taxonomy":"product_cat","embeddable":true,"href":"https:\/\/roveyayinevi.com.tr\/index.php\/wp-json\/wp\/v2\/product_cat?post=754646"},{"taxonomy":"product_tag","embeddable":true,"href":"https:\/\/roveyayinevi.com.tr\/index.php\/wp-json\/wp\/v2\/product_tag?post=754646"}],"curies":[{"name":"wp","href":"https:\/\/api.w.org\/{rel}","templated":true}]}}