{"id":754638,"date":"2025-08-28T06:16:48","date_gmt":"2025-08-28T03:16:48","guid":{"rendered":"https:\/\/roveyayinevi.com.tr\/index.php\/urun\/arkadasim-elif-elif-jimnastik-yapiyor\/"},"modified":"2026-04-16T03:07:55","modified_gmt":"2026-04-16T00:07:55","slug":"arkadasim-elif-elif-jimnastik-yapiyor","status":"publish","type":"product","link":"https:\/\/roveyayinevi.com.tr\/index.php\/urun\/arkadasim-elif-elif-jimnastik-yapiyor\/","title":{"rendered":"Arkada\u015f\u0131m Elif &#8211; Elif Jimnastik Yap\u0131yor"},"content":{"rendered":"<p>Elif, jimnasti\u011fe ba\u015flayaca\u011f\u0131 i\u00e7in \u00e7ok heyecanl\u0131yd\u0131. Jimnastik salonunda t\u0131rmanacak, dengede duracak ve hatta ipte sallanacakt\u0131! En \u00e7ok da trambolinde z\u0131playaca\u011f\u0131 i\u00e7in seviniyordu. \u0130lk ders bitti\u011finde bir sonrakini sab\u0131rs\u0131zl\u0131kla beklemeye ba\u015flad\u0131. \u00c7\u00fcnk\u00fc geriye do\u011fru takla atmay\u0131 \u00f6\u011frenmek istiyordu. G\u00fcn\u00fcm\u00fczde \u00e7ocuklar\u0131n teknolojiye olan merak\u0131 daha az fiziksel aktivite yapmalar\u0131na ve hareketsiz kalmalar\u0131na neden olurken, \u00e7ocuklarda hareketlili\u011fi sa\u011flayacak jimnastik gibi aktiviteler, kas ve kemik yap\u0131lar\u0131n\u0131n g\u00fc\u00e7lenmesine, esneklik kazanabilmelerine, \u00f6zg\u00fcven geli\u015fimine, sosyalle\u015fmelerine, sorumluluk alabilmeye ve spor k\u00fclt\u00fcr\u00fc edinmelerine olanak sa\u011flar. Jimnastikle ilk kez tan\u0131\u015fan bir \u00e7ocu\u011fun e\u011flenceli \u00f6yk\u00fcs\u00fc\u2026 <\/p>\n","protected":false},"excerpt":{"rendered":"<p>Elif, jimnasti\u011fe ba\u015flayaca\u011f\u0131 i\u00e7in \u00e7ok heyecanl\u0131yd\u0131. Jimnastik salonunda t\u0131rmanacak, dengede duracak ve hatta ipte sallanacakt\u0131! En \u00e7ok da trambolinde z\u0131playaca\u011f\u0131 i\u00e7in seviniyordu. \u0130lk ders bitti\u011finde bir<span class=\"excerpt-hellip\"> [\u2026]<\/span><\/p>\n","protected":false},"featured_media":0,"template":"","meta":{"_monsterinsights_skip_tracking":false,"_monsterinsights_sitenote_active":false,"_monsterinsights_sitenote_note":"","_monsterinsights_sitenote_category":0},"product_brand":[],"product_cat":[12274,12518],"product_tag":[],"class_list":{"0":"post-754638","1":"product","2":"type-product","3":"status-publish","5":"product_cat-cocuk-ve-genclik-kitaplari","6":"product_cat-okul-oncesi-kitaplar","7":"pa_cilt-ciltsiz","8":"pa_tur-kitap","9":"pa_yayinevi-is-bankasi-kultur-yayinlari","10":"pa_yazar-liane-schneider","12":"first","13":"instock","14":"sale","15":"shipping-taxable","16":"purchasable","17":"product-type-simple"},"_links":{"self":[{"href":"https:\/\/roveyayinevi.com.tr\/index.php\/wp-json\/wp\/v2\/product\/754638","targetHints":{"allow":["GET"]}}],"collection":[{"href":"https:\/\/roveyayinevi.com.tr\/index.php\/wp-json\/wp\/v2\/product"}],"about":[{"href":"https:\/\/roveyayinevi.com.tr\/index.php\/wp-json\/wp\/v2\/types\/product"}],"wp:attachment":[{"href":"https:\/\/roveyayinevi.com.tr\/index.php\/wp-json\/wp\/v2\/media?parent=754638"}],"wp:term":[{"taxonomy":"product_brand","embeddable":true,"href":"https:\/\/roveyayinevi.com.tr\/index.php\/wp-json\/wp\/v2\/product_brand?post=754638"},{"taxonomy":"product_cat","embeddable":true,"href":"https:\/\/roveyayinevi.com.tr\/index.php\/wp-json\/wp\/v2\/product_cat?post=754638"},{"taxonomy":"product_tag","embeddable":true,"href":"https:\/\/roveyayinevi.com.tr\/index.php\/wp-json\/wp\/v2\/product_tag?post=754638"}],"curies":[{"name":"wp","href":"https:\/\/api.w.org\/{rel}","templated":true}]}}