{"id":754634,"date":"2025-08-28T06:16:42","date_gmt":"2025-08-28T03:16:42","guid":{"rendered":"https:\/\/roveyayinevi.com.tr\/index.php\/urun\/leonardo-da-vinci-dunyayi-degistiren-bilimciler\/"},"modified":"2026-04-16T03:07:54","modified_gmt":"2026-04-16T00:07:54","slug":"leonardo-da-vinci-dunyayi-degistiren-bilimciler","status":"publish","type":"product","link":"https:\/\/roveyayinevi.com.tr\/index.php\/urun\/leonardo-da-vinci-dunyayi-degistiren-bilimciler\/","title":{"rendered":"Leonardo da Vinci &#8211; D\u00fcnyay\u0131 De\u011fi\u015ftiren Bilimciler"},"content":{"rendered":"<p>Leonardo da Vinci\u2019nin sanat\u00e7\u0131l\u0131\u011f\u0131n\u0131n yan\u0131 s\u0131ra bulu\u015flar\u0131yla da \u00e7ok \u00f6nemli biri oldu\u011funu biliyor muydun? Bu kitapta, R\u00f6nesans\u2019\u0131n en b\u00fcy\u00fck isimlerinden Leonardo da Vinci\u2019nin mimarl\u0131k, m\u00fchendislik, geometri gibi alanlardaki bulu\u015flar\u0131ndan haberdar olacak, ya\u015fam\u0131 hakk\u0131nda ilgin\u00e7 bilgiler edineceksin. K\u00fc\u00e7\u00fck bir bilim etkinli\u011fi de kitab\u0131n sonunda seni bekliyor. <\/p>\n","protected":false},"excerpt":{"rendered":"<p>Leonardo da Vinci\u2019nin sanat\u00e7\u0131l\u0131\u011f\u0131n\u0131n yan\u0131 s\u0131ra bulu\u015flar\u0131yla da \u00e7ok \u00f6nemli biri oldu\u011funu biliyor muydun? Bu kitapta, R\u00f6nesans\u2019\u0131n en b\u00fcy\u00fck isimlerinden Leonardo da Vinci\u2019nin mimarl\u0131k, m\u00fchendislik, geometri<span class=\"excerpt-hellip\"> [\u2026]<\/span><\/p>\n","protected":false},"featured_media":0,"template":"","meta":{"_monsterinsights_skip_tracking":false,"_monsterinsights_sitenote_active":false,"_monsterinsights_sitenote_note":"","_monsterinsights_sitenote_category":0},"product_brand":[],"product_cat":[13829,12274],"product_tag":[],"class_list":{"0":"post-754634","1":"product","2":"type-product","3":"status-publish","5":"product_cat-bilimsel-kitaplar","6":"product_cat-cocuk-ve-genclik-kitaplari","7":"pa_cilt-ciltsiz","8":"pa_tur-kitap","9":"pa_yayinevi-is-bankasi-kultur-yayinlari","10":"pa_yazar-alix-wood","12":"first","13":"instock","14":"sale","15":"shipping-taxable","16":"purchasable","17":"product-type-simple"},"_links":{"self":[{"href":"https:\/\/roveyayinevi.com.tr\/index.php\/wp-json\/wp\/v2\/product\/754634","targetHints":{"allow":["GET"]}}],"collection":[{"href":"https:\/\/roveyayinevi.com.tr\/index.php\/wp-json\/wp\/v2\/product"}],"about":[{"href":"https:\/\/roveyayinevi.com.tr\/index.php\/wp-json\/wp\/v2\/types\/product"}],"wp:attachment":[{"href":"https:\/\/roveyayinevi.com.tr\/index.php\/wp-json\/wp\/v2\/media?parent=754634"}],"wp:term":[{"taxonomy":"product_brand","embeddable":true,"href":"https:\/\/roveyayinevi.com.tr\/index.php\/wp-json\/wp\/v2\/product_brand?post=754634"},{"taxonomy":"product_cat","embeddable":true,"href":"https:\/\/roveyayinevi.com.tr\/index.php\/wp-json\/wp\/v2\/product_cat?post=754634"},{"taxonomy":"product_tag","embeddable":true,"href":"https:\/\/roveyayinevi.com.tr\/index.php\/wp-json\/wp\/v2\/product_tag?post=754634"}],"curies":[{"name":"wp","href":"https:\/\/api.w.org\/{rel}","templated":true}]}}