{"id":754633,"date":"2025-08-28T06:16:40","date_gmt":"2025-08-28T03:16:40","guid":{"rendered":"https:\/\/roveyayinevi.com.tr\/index.php\/urun\/marie-curie-dunyayi-degistiren-bilimciler\/"},"modified":"2026-04-16T03:07:54","modified_gmt":"2026-04-16T00:07:54","slug":"marie-curie-dunyayi-degistiren-bilimciler","status":"publish","type":"product","link":"https:\/\/roveyayinevi.com.tr\/index.php\/urun\/marie-curie-dunyayi-degistiren-bilimciler\/","title":{"rendered":"Marie Curie &#8211; D\u00fcnyay\u0131 De\u011fi\u015ftiren Bilimciler"},"content":{"rendered":"<p>\u0130ki kez Nobel \u00d6d\u00fcl\u00fc alan, radyoaktiviteye dair ke\u015fifleriyle bilim ve teknolojinin geli\u015fimine b\u00fcy\u00fck katk\u0131 sunan Marie Curie\u2019yi tan\u0131yor musun? Bu kitapta, engellerle kar\u015f\u0131la\u015fmas\u0131na ra\u011fmen kad\u0131n bir bilimci olarak pek \u00e7ok yenili\u011fe \u00f6nc\u00fcl\u00fck eden Marie Curie\u2019nin ya\u015fam\u0131na dair ilgin\u00e7 bilgiler edineceksin. K\u00fc\u00e7\u00fck bir bilim etkinli\u011fi de kitab\u0131n sonunda seni bekliyor. <\/p>\n","protected":false},"excerpt":{"rendered":"<p>\u0130ki kez Nobel \u00d6d\u00fcl\u00fc alan, radyoaktiviteye dair ke\u015fifleriyle bilim ve teknolojinin geli\u015fimine b\u00fcy\u00fck katk\u0131 sunan Marie Curie\u2019yi tan\u0131yor musun? Bu kitapta, engellerle kar\u015f\u0131la\u015fmas\u0131na ra\u011fmen kad\u0131n bir<span class=\"excerpt-hellip\"> [\u2026]<\/span><\/p>\n","protected":false},"featured_media":0,"template":"","meta":{"_monsterinsights_skip_tracking":false,"_monsterinsights_sitenote_active":false,"_monsterinsights_sitenote_note":"","_monsterinsights_sitenote_category":0},"product_brand":[],"product_cat":[13829,12274],"product_tag":[],"class_list":{"0":"post-754633","1":"product","2":"type-product","3":"status-publish","5":"product_cat-bilimsel-kitaplar","6":"product_cat-cocuk-ve-genclik-kitaplari","7":"pa_cilt-ciltsiz","8":"pa_tur-kitap","9":"pa_yayinevi-is-bankasi-kultur-yayinlari","10":"pa_yazar-alix-wood","12":"first","13":"instock","14":"sale","15":"shipping-taxable","16":"purchasable","17":"product-type-simple"},"_links":{"self":[{"href":"https:\/\/roveyayinevi.com.tr\/index.php\/wp-json\/wp\/v2\/product\/754633","targetHints":{"allow":["GET"]}}],"collection":[{"href":"https:\/\/roveyayinevi.com.tr\/index.php\/wp-json\/wp\/v2\/product"}],"about":[{"href":"https:\/\/roveyayinevi.com.tr\/index.php\/wp-json\/wp\/v2\/types\/product"}],"wp:attachment":[{"href":"https:\/\/roveyayinevi.com.tr\/index.php\/wp-json\/wp\/v2\/media?parent=754633"}],"wp:term":[{"taxonomy":"product_brand","embeddable":true,"href":"https:\/\/roveyayinevi.com.tr\/index.php\/wp-json\/wp\/v2\/product_brand?post=754633"},{"taxonomy":"product_cat","embeddable":true,"href":"https:\/\/roveyayinevi.com.tr\/index.php\/wp-json\/wp\/v2\/product_cat?post=754633"},{"taxonomy":"product_tag","embeddable":true,"href":"https:\/\/roveyayinevi.com.tr\/index.php\/wp-json\/wp\/v2\/product_tag?post=754633"}],"curies":[{"name":"wp","href":"https:\/\/api.w.org\/{rel}","templated":true}]}}