{"id":754630,"date":"2025-08-28T06:16:34","date_gmt":"2025-08-28T03:16:34","guid":{"rendered":"https:\/\/roveyayinevi.com.tr\/index.php\/urun\/sir-isaac-newton-dunyayi-degistiren-bilimciler\/"},"modified":"2026-04-16T03:07:54","modified_gmt":"2026-04-16T00:07:54","slug":"sir-isaac-newton-dunyayi-degistiren-bilimciler","status":"publish","type":"product","link":"https:\/\/roveyayinevi.com.tr\/index.php\/urun\/sir-isaac-newton-dunyayi-degistiren-bilimciler\/","title":{"rendered":"Sir Isaac Newton &#8211; D\u00fcnyay\u0131 De\u011fi\u015ftiren Bilimciler"},"content":{"rendered":"<p>Sir Isaac Newton, k\u00fctle \u00e7ekimi, hareket yasalar\u0131 gibi d\u00fcnyay\u0131 alg\u0131lay\u0131\u015f\u0131m\u0131z\u0131 derinden etkileyen fikirleriyle tarihteki en b\u00fcy\u00fck bilimcilerden biridir. Bu kitapta, Newton\u2019\u0131n bilimsel \u00e7al\u0131\u015fmalar\u0131 ve ya\u015fam\u0131 hakk\u0131nda ilgin\u00e7 bilgiler edineceksin. K\u00fc\u00e7\u00fck bir bilim etkinli\u011fi de kitab\u0131n sonunda seni bekliyor. <\/p>\n","protected":false},"excerpt":{"rendered":"<p>Sir Isaac Newton, k\u00fctle \u00e7ekimi, hareket yasalar\u0131 gibi d\u00fcnyay\u0131 alg\u0131lay\u0131\u015f\u0131m\u0131z\u0131 derinden etkileyen fikirleriyle tarihteki en b\u00fcy\u00fck bilimcilerden biridir. Bu kitapta, Newton\u2019\u0131n bilimsel \u00e7al\u0131\u015fmalar\u0131 ve ya\u015fam\u0131 hakk\u0131nda<span class=\"excerpt-hellip\"> [\u2026]<\/span><\/p>\n","protected":false},"featured_media":0,"template":"","meta":{"_monsterinsights_skip_tracking":false,"_monsterinsights_sitenote_active":false,"_monsterinsights_sitenote_note":"","_monsterinsights_sitenote_category":0},"product_brand":[],"product_cat":[13829,12274],"product_tag":[],"class_list":{"0":"post-754630","1":"product","2":"type-product","3":"status-publish","5":"product_cat-bilimsel-kitaplar","6":"product_cat-cocuk-ve-genclik-kitaplari","7":"pa_cilt-ciltsiz","8":"pa_tur-kitap","9":"pa_yayinevi-is-bankasi-kultur-yayinlari","10":"pa_yazar-alix-wood","12":"first","13":"instock","14":"sale","15":"shipping-taxable","16":"purchasable","17":"product-type-simple"},"_links":{"self":[{"href":"https:\/\/roveyayinevi.com.tr\/index.php\/wp-json\/wp\/v2\/product\/754630","targetHints":{"allow":["GET"]}}],"collection":[{"href":"https:\/\/roveyayinevi.com.tr\/index.php\/wp-json\/wp\/v2\/product"}],"about":[{"href":"https:\/\/roveyayinevi.com.tr\/index.php\/wp-json\/wp\/v2\/types\/product"}],"wp:attachment":[{"href":"https:\/\/roveyayinevi.com.tr\/index.php\/wp-json\/wp\/v2\/media?parent=754630"}],"wp:term":[{"taxonomy":"product_brand","embeddable":true,"href":"https:\/\/roveyayinevi.com.tr\/index.php\/wp-json\/wp\/v2\/product_brand?post=754630"},{"taxonomy":"product_cat","embeddable":true,"href":"https:\/\/roveyayinevi.com.tr\/index.php\/wp-json\/wp\/v2\/product_cat?post=754630"},{"taxonomy":"product_tag","embeddable":true,"href":"https:\/\/roveyayinevi.com.tr\/index.php\/wp-json\/wp\/v2\/product_tag?post=754630"}],"curies":[{"name":"wp","href":"https:\/\/api.w.org\/{rel}","templated":true}]}}