{"id":754629,"date":"2025-08-28T06:16:27","date_gmt":"2025-08-28T03:16:27","guid":{"rendered":"https:\/\/roveyayinevi.com.tr\/index.php\/urun\/gelmekte-olan-kitap\/"},"modified":"2026-04-16T03:07:54","modified_gmt":"2026-04-16T00:07:54","slug":"gelmekte-olan-kitap","status":"publish","type":"product","link":"https:\/\/roveyayinevi.com.tr\/index.php\/urun\/gelmekte-olan-kitap\/","title":{"rendered":"Gelmekte Olan Kitap"},"content":{"rendered":"<p>Edebiyatla felsefe aras\u0131ndaki ili\u015fkinin ke\u015ffinde kilit isimlerden biri olan Maurice Blanchot denemeleriyle, Barthes, Foucault ve Derrida gibi \u00f6nemli teorisyenlerin \u00e7al\u0131\u015fmalar\u0131na bi\u00e7imsel olarak da yads\u0131namaz izler b\u0131rakm\u0131\u015ft\u0131r. Bu bak\u0131mdan Blanchot&#8217;nun yaz\u0131nsal uzam\u0131 bir par\u00e7alanma, s\u00f6zs\u00fcz bir s\u00f6z, yaz\u0131s\u0131z bir yaz\u0131 te\u015febb\u00fcs\u00fc; s\u00f6ylemi bozma, sembolleriyse da\u011f\u0131tma gayesidir.   Blanchot, 1953-1958 y\u0131llar\u0131nda La Nouvelle Reuve Fran\u00e7aise&#8217;de yay\u0131nlanan edebiyat ele\u015ftirilerinin bir derlemesi niteli\u011findeki Gelmekte Olan Kitap&#8217;ta; yaz\u0131n\u0131n bar\u0131nd\u0131rd\u0131\u011f\u0131 s\u0131rlardan bunun bir gereklilik ve m\u00e2n\u00e2 aray\u0131\u015f\u0131 olarak ortaya konmas\u0131na, yaz\u0131n d\u00fcnyas\u0131 ve romandan, edebiyat\u0131n ve kitab\u0131n gelece\u011fine \u00e7ok katmanl\u0131 edebi ve felsefi bir incelemeye giri\u015fiyor. Rousseau&#8217;dan Proust&#8217;a, Artaud&#8217;dan Broch&#8217;a, Beckett&#8217;ten Musil&#8217;e, Mallarm\u00e9&#8217;den James&#8217;e ve Hesse&#8217;ye uzanan bu denemelerde d\u00fcnyay\u0131, onu yeniden yap\u0131land\u0131r\u0131p kendi kendini do\u011furarak bir kere daha tan\u0131mlamaya giri\u015fen edebi deneyimi sorgularken, yazarlar\u0131 ise edebiyat\u0131, k\u00f6klerine ve ayn\u0131 zamanda yokluk noktas\u0131na, &#8220;yaz\u0131n\u0131n s\u0131f\u0131r derecesine&#8221; g\u00f6t\u00fcren ki\u015filer olarak konumland\u0131r\u0131yor.   Zamansall\u0131\u011f\u0131n d\u0131\u015f\u0131nda ve hi\u00e7lik deneyiminin ta\u015f\u0131y\u0131c\u0131s\u0131 vazifesindeki yans\u0131z s\u00f6z aray\u0131\u015f\u0131n\u0131n bir ifadesi olan Gelmekte Olan Kitap, k\u00e2h &#8220;s\u0131n\u0131r noktas\u0131&#8221;n\u0131 aray\u0131\u015f\u0131 ve kelimenin g\u00fcc\u00fcyle, k\u00e2h eserin yokolu\u015fuyla, anlat\u0131n\u0131n amac\u0131n\u0131, imk\u00e2ns\u0131zl\u0131\u011f\u0131n\u0131, y\u0131k\u0131m\u0131n\u0131 ve sonsuz do\u011fas\u0131n\u0131 sergiliyor. <\/p>\n","protected":false},"excerpt":{"rendered":"<p>Edebiyatla felsefe aras\u0131ndaki ili\u015fkinin ke\u015ffinde kilit isimlerden biri olan Maurice Blanchot denemeleriyle, Barthes, Foucault ve Derrida gibi \u00f6nemli teorisyenlerin \u00e7al\u0131\u015fmalar\u0131na bi\u00e7imsel olarak da yads\u0131namaz izler b\u0131rakm\u0131\u015ft\u0131r.<span class=\"excerpt-hellip\"> [\u2026]<\/span><\/p>\n","protected":false},"featured_media":0,"template":"","meta":{"_monsterinsights_skip_tracking":false,"_monsterinsights_sitenote_active":false,"_monsterinsights_sitenote_note":"","_monsterinsights_sitenote_category":0},"product_brand":[],"product_cat":[13072,12291],"product_tag":[],"class_list":{"0":"post-754629","1":"product","2":"type-product","3":"status-publish","5":"product_cat-arastirma-inceleme-referans","6":"product_cat-edebiyat","7":"pa_cilt-ciltsiz","8":"pa_tur-kitap","9":"pa_yayinevi-sel-yayincilik","10":"pa_yazar-maurice-blanchot","12":"first","13":"instock","14":"sale","15":"shipping-taxable","16":"purchasable","17":"product-type-simple"},"_links":{"self":[{"href":"https:\/\/roveyayinevi.com.tr\/index.php\/wp-json\/wp\/v2\/product\/754629","targetHints":{"allow":["GET"]}}],"collection":[{"href":"https:\/\/roveyayinevi.com.tr\/index.php\/wp-json\/wp\/v2\/product"}],"about":[{"href":"https:\/\/roveyayinevi.com.tr\/index.php\/wp-json\/wp\/v2\/types\/product"}],"wp:attachment":[{"href":"https:\/\/roveyayinevi.com.tr\/index.php\/wp-json\/wp\/v2\/media?parent=754629"}],"wp:term":[{"taxonomy":"product_brand","embeddable":true,"href":"https:\/\/roveyayinevi.com.tr\/index.php\/wp-json\/wp\/v2\/product_brand?post=754629"},{"taxonomy":"product_cat","embeddable":true,"href":"https:\/\/roveyayinevi.com.tr\/index.php\/wp-json\/wp\/v2\/product_cat?post=754629"},{"taxonomy":"product_tag","embeddable":true,"href":"https:\/\/roveyayinevi.com.tr\/index.php\/wp-json\/wp\/v2\/product_tag?post=754629"}],"curies":[{"name":"wp","href":"https:\/\/api.w.org\/{rel}","templated":true}]}}