{"id":754628,"date":"2025-08-28T06:16:25","date_gmt":"2025-08-28T03:16:25","guid":{"rendered":"https:\/\/roveyayinevi.com.tr\/index.php\/urun\/hegel-3\/"},"modified":"2026-04-16T03:07:54","modified_gmt":"2026-04-16T00:07:54","slug":"hegel-3","status":"publish","type":"product","link":"https:\/\/roveyayinevi.com.tr\/index.php\/urun\/hegel-3\/","title":{"rendered":"Hegel"},"content":{"rendered":"<p>Modern d\u00fc\u015f\u00fcncenin kurucular\u0131ndan biri olan Georg Wilhelm Friedrich Hegel (1770-1831), genel olarak Prusya mutlak\u0131yet\u00e7ili\u011finin dar kafal\u0131 savunucusu, anla\u015f\u0131lmayacak \u015fekilde ve anla\u015f\u0131lmamak i\u00e7in yazm\u0131\u015f as\u0131k suratl\u0131 bir felsefeci olarak tan\u0131n\u0131r. Onun Frans\u0131z devriminin etkisiyle co\u015fan bir devrimci; Alman milliyet\u00e7ili\u011fine kar\u015f\u0131 \u00e7\u0131kan bir evrenselci; ka\u011f\u0131t oynamay\u0131, arkada\u015flar\u0131yla tart\u0131\u015fmay\u0131, meyhanelerde yar\u0131\u015f\u0131rcas\u0131na i\u00e7meyi seven ve dolay\u0131s\u0131yla bir\u00e7ok kez disipline verilen bir \u00f6\u011frenci; dans etmekten, k\u0131zlar\u0131n \u00e7evresinde olmaktan ho\u015flanan ne\u015feli bir gen\u00e7 olabilece\u011fi pek akla getirilmez. Oysa Hegel, olumlu ki\u015fisel \u00f6zellikleri, bilgisi, geni\u015f ufku ve b\u00fcy\u00fck ilgi g\u00f6ren dersleri sayesinde H\u00f6lderlin, Schelling, Goethe, Humboldt, Fichte, Novalis, Schlegel karde\u015fler, Mendelssohn gibi isimlerle dostlu\u011funu s\u00fcrd\u00fcr\u00fcrken i\u00e7inde ya\u015fad\u0131\u011f\u0131 toplumun en etkin \u015fahsiyetlerinden biri haline gelmi\u015ftir. Bir yandan da d\u00f6nemin siyasi, end\u00fcstriyel, toplumsal ve bilimsel devrimlerinden do\u011fan modernli\u011fin kendisini d\u00fc\u015f\u00fcncesinin nesnesi yapan ilk b\u00fcy\u00fck filozof olarak \u00f6nem kazanm\u0131\u015ft\u0131r. Kant felsefesinin olanaklar\u0131n\u0131 geli\u015ftirerek sa\u011flam, tutarl\u0131 ve b\u00fct\u00fcnl\u00fc\u011f\u00fc olan ideal bir sisteme ula\u015fmay\u0131 hedeflemi\u015f, zenginli\u011fi, kapsam\u0131 ve olgunlu\u011fu bak\u0131m\u0131ndan felsefe tarihinin son b\u00fcy\u00fck sistemini yaratarak bu amac\u0131na nail olmu\u015ftur. Georgetown \u00dcniversitesi\u2019nde felsefe profes\u00f6r\u00fc ve Hegel uzman\u0131 olan Terry Pinkard, Napol\u00e9on\u2019un egemen oldu\u011fu d\u00f6nemde ya\u015fam\u0131\u015f, \u00f6l\u00fcm\u00fcnden sonra \u00e7ok\u00e7a yanl\u0131\u015f anla\u015f\u0131lmas\u0131na ve a\u015f\u0131ld\u0131\u011f\u0131 iddia edilmesine kar\u015f\u0131n etkisini g\u00fcn\u00fcm\u00fcze dek s\u00fcrd\u00fcrmeyi bilmi\u015f olan bu g\u00fc\u00e7l\u00fc d\u00fc\u015f\u00fcn\u00fcr\u00fcn ya\u015fam\u0131n\u0131 belli bir b\u00fct\u00fcnsellik i\u00e7inde anlatmaktad\u0131r. Felsefenin yaln\u0131zca kavramlar aras\u0131nda de\u011fil, tarihsel ki\u015filer ve olaylar aras\u0131nda da geli\u015fti\u011fini ortaya koyan elinizdeki biyografi, kimi zaman hayli kafa kar\u0131\u015ft\u0131r\u0131c\u0131 olabilen Hegelci terimlerden m\u00fcmk\u00fcn oldu\u011funca ka\u00e7\u0131nmakta, anahtar kavramlar\u0131n felsefeci olmayanlar taraf\u0131ndan da anla\u015f\u0131labilece\u011fi genel bir bak\u0131\u015f sunmaktad\u0131r. <\/p>\n","protected":false},"excerpt":{"rendered":"<p>Modern d\u00fc\u015f\u00fcncenin kurucular\u0131ndan biri olan Georg Wilhelm Friedrich Hegel (1770-1831), genel olarak Prusya mutlak\u0131yet\u00e7ili\u011finin dar kafal\u0131 savunucusu, anla\u015f\u0131lmayacak \u015fekilde ve anla\u015f\u0131lmamak i\u00e7in yazm\u0131\u015f as\u0131k suratl\u0131 bir<span class=\"excerpt-hellip\"> [\u2026]<\/span><\/p>\n","protected":false},"featured_media":0,"template":"","meta":{"_monsterinsights_skip_tracking":false,"_monsterinsights_sitenote_active":false,"_monsterinsights_sitenote_note":"","_monsterinsights_sitenote_category":0},"product_brand":[],"product_cat":[14009,12291],"product_tag":[],"class_list":{"0":"post-754628","1":"product","2":"type-product","3":"status-publish","5":"product_cat-biyografi-otobiyografi-edebiyat","6":"product_cat-edebiyat","7":"pa_cilt-ciltsiz","8":"pa_tur-kitap","9":"pa_yayinevi-is-bankasi-kultur-yayinlari","10":"pa_yazar-terry-pinkard","12":"first","13":"instock","14":"sale","15":"shipping-taxable","16":"purchasable","17":"product-type-simple"},"_links":{"self":[{"href":"https:\/\/roveyayinevi.com.tr\/index.php\/wp-json\/wp\/v2\/product\/754628","targetHints":{"allow":["GET"]}}],"collection":[{"href":"https:\/\/roveyayinevi.com.tr\/index.php\/wp-json\/wp\/v2\/product"}],"about":[{"href":"https:\/\/roveyayinevi.com.tr\/index.php\/wp-json\/wp\/v2\/types\/product"}],"wp:attachment":[{"href":"https:\/\/roveyayinevi.com.tr\/index.php\/wp-json\/wp\/v2\/media?parent=754628"}],"wp:term":[{"taxonomy":"product_brand","embeddable":true,"href":"https:\/\/roveyayinevi.com.tr\/index.php\/wp-json\/wp\/v2\/product_brand?post=754628"},{"taxonomy":"product_cat","embeddable":true,"href":"https:\/\/roveyayinevi.com.tr\/index.php\/wp-json\/wp\/v2\/product_cat?post=754628"},{"taxonomy":"product_tag","embeddable":true,"href":"https:\/\/roveyayinevi.com.tr\/index.php\/wp-json\/wp\/v2\/product_tag?post=754628"}],"curies":[{"name":"wp","href":"https:\/\/api.w.org\/{rel}","templated":true}]}}