{"id":754627,"date":"2025-08-28T06:16:24","date_gmt":"2025-08-28T03:16:24","guid":{"rendered":"https:\/\/roveyayinevi.com.tr\/index.php\/urun\/askin-metafizigi-3\/"},"modified":"2026-04-16T03:07:54","modified_gmt":"2026-04-16T00:07:54","slug":"askin-metafizigi-3","status":"publish","type":"product","link":"https:\/\/roveyayinevi.com.tr\/index.php\/urun\/askin-metafizigi-3\/","title":{"rendered":"A\u015fk\u0131n Metafizi\u011fi"},"content":{"rendered":"<p>Alman filozof Arthur Schopenhauer, roman t\u00fcr\u00fcn\u00fcn y\u00fckseli\u015fiyle birlikte edebiyat\u0131n vazge\u00e7ilmez temalar\u0131ndan biri haline d\u00f6n\u00fc\u015fen ve intihar vakalar\u0131yla gazete haberlerine giderek daha s\u0131k konu olan a\u015fka o zamana dek filozoflar\u0131n yeterince ilgi g\u00f6stermemesini yad\u0131rgar ve bu eksikli\u011fi gidermek i\u00e7in kendi \u00f6zg\u00fcn felsefi yakla\u015f\u0131m\u0131ndan yola \u00e7\u0131karak a\u015fk \u00fczerine, t\u00fcm d\u00fcnyevili\u011fi i\u00e7inde, kesin bir metafizik g\u00f6r\u00fc\u015f ortaya koyar. Kad\u0131n ve erke\u011fin birbirine duydu\u011fu sevdan\u0131n ard\u0131nda bireyi a\u015fan bir istencin yatt\u0131\u011f\u0131n\u0131 ileri s\u00fcrerek bu sinsi plan\u0131n tuzaklar\u0131na kar\u015f\u0131 okurlar\u0131n\u0131 uyar\u0131r.   Metnin sonundaki Ek ise daha sonradan muar\u0131zlar\u0131n\u0131n diline d\u00fc\u015fmek pahas\u0131na \u00fczerinde durup d\u00fc\u015f\u00fcnme ihtiyac\u0131 hissetti\u011fi o\u011flanc\u0131l\u0131\u011f\u0131 konu al\u0131r. David Bather Woods&#8217;un makalesi, tam da bu meseleden hareketle, Schopenhauer&#8217;\u0131n &#8220;gayritabii&#8221; cinsel pratiklere ili\u015fkin saptamalar\u0131n\u0131 etik d\u00fczlemde irdelemektedir.<\/p>\n","protected":false},"excerpt":{"rendered":"<p>Alman filozof Arthur Schopenhauer, roman t\u00fcr\u00fcn\u00fcn y\u00fckseli\u015fiyle birlikte edebiyat\u0131n vazge\u00e7ilmez temalar\u0131ndan biri haline d\u00f6n\u00fc\u015fen ve intihar vakalar\u0131yla gazete haberlerine giderek daha s\u0131k konu olan a\u015fka o<span class=\"excerpt-hellip\"> [\u2026]<\/span><\/p>\n","protected":false},"featured_media":0,"template":"","meta":{"_monsterinsights_skip_tracking":false,"_monsterinsights_sitenote_active":false,"_monsterinsights_sitenote_note":"","_monsterinsights_sitenote_category":0},"product_brand":[],"product_cat":[20351,12388],"product_tag":[],"class_list":{"0":"post-754627","1":"product","2":"type-product","3":"status-publish","5":"product_cat-dusunce","6":"product_cat-felsefe","7":"pa_cilt-ciltsiz","8":"pa_tur-kitap","9":"pa_yayinevi-sel-yayincilik","10":"pa_yazar-arthur-schopenhauer","12":"first","13":"instock","14":"sale","15":"shipping-taxable","16":"purchasable","17":"product-type-simple"},"_links":{"self":[{"href":"https:\/\/roveyayinevi.com.tr\/index.php\/wp-json\/wp\/v2\/product\/754627","targetHints":{"allow":["GET"]}}],"collection":[{"href":"https:\/\/roveyayinevi.com.tr\/index.php\/wp-json\/wp\/v2\/product"}],"about":[{"href":"https:\/\/roveyayinevi.com.tr\/index.php\/wp-json\/wp\/v2\/types\/product"}],"wp:attachment":[{"href":"https:\/\/roveyayinevi.com.tr\/index.php\/wp-json\/wp\/v2\/media?parent=754627"}],"wp:term":[{"taxonomy":"product_brand","embeddable":true,"href":"https:\/\/roveyayinevi.com.tr\/index.php\/wp-json\/wp\/v2\/product_brand?post=754627"},{"taxonomy":"product_cat","embeddable":true,"href":"https:\/\/roveyayinevi.com.tr\/index.php\/wp-json\/wp\/v2\/product_cat?post=754627"},{"taxonomy":"product_tag","embeddable":true,"href":"https:\/\/roveyayinevi.com.tr\/index.php\/wp-json\/wp\/v2\/product_tag?post=754627"}],"curies":[{"name":"wp","href":"https:\/\/api.w.org\/{rel}","templated":true}]}}