{"id":754626,"date":"2025-08-28T06:16:23","date_gmt":"2025-08-28T03:16:23","guid":{"rendered":"https:\/\/roveyayinevi.com.tr\/index.php\/urun\/darbe-1953\/"},"modified":"2026-04-16T03:07:54","modified_gmt":"2026-04-16T00:07:54","slug":"darbe-1953","status":"publish","type":"product","link":"https:\/\/roveyayinevi.com.tr\/index.php\/urun\/darbe-1953\/","title":{"rendered":"Darbe 1953"},"content":{"rendered":"<p>\u201c\u00c7a\u011fda\u015f d\u00fcnyay\u0131 anlamak konusunda \u00e7ok b\u00fcy\u00fck bir katk\u0131.\u201d                                                                                  Noam Chomsky Tam yetmi\u015f y\u0131l \u00f6nce, 1953\u2019te \u0130ran\u2019da Ba\u015fbakan Musadd\u0131k\u2019\u0131n se\u00e7ilmi\u015f h\u00fck\u00fcmetine kar\u015f\u0131 ger\u00e7ekle\u015ftirilen CIA darbesi, hem \u0130ran\u2019\u0131n hem de t\u00fcm Ortado\u011fu\u2019nun kaderi \u00fczerinde belirleyici bir etki yapt\u0131, 1979\u2019da Humeyni\u2019yi iktidara ta\u015f\u0131yan Devrim\u2019e kadar uzanan etkileri oldu. Ervand Abrahamian\u2019\u0131n British Petroleum, \u0130ngiltere ve ABD D\u0131\u015fi\u015fleri bakanl\u0131klar\u0131 ar\u015fivlerinden \u00e7\u0131kan yeni belgelere, ayr\u0131ca d\u00f6nemin \u0130ranl\u0131 siyaset\u00e7ilerinin hat\u0131ralar\u0131na ve s\u00f6yle\u015filerine dayanarak kaleme ald\u0131\u011f\u0131 Darbe 1953. Modern ABD-\u0130ran \u0130li\u015fkilerinin K\u00f6kleri adl\u0131 kitab\u0131, darbe s\u00fcrecini \u0130ran\u2019da petrol\u00fcn millile\u015ftirilmesi m\u00fccadelesinden ba\u015flayarak ad\u0131m ad\u0131m anlat\u0131yor. Darbe\u2019yi So\u011fuk Sava\u015f ba\u011flam\u0131nda ele alan geleneksel yorumlara kar\u015f\u0131 \u00e7\u0131kan Abrahamian, konuyu emperyal g\u00fc\u00e7lerle y\u00fckselen ulus-devletler aras\u0131ndaki m\u00fccadele \u00e7er\u00e7evesine yerle\u015ftiriyor. \u0130ngiltere ve ABD gizli servisleriyle \u201cYedi K\u0131zkarde\u015f\u201d diye bilinen dev petrol \u015firketlerinin, Musadd\u0131k\u2019\u0131n Petrol\u00fc Millile\u015ftirme Yasas\u0131 kar\u015f\u0131s\u0131nda nas\u0131l pani\u011fe kap\u0131ld\u0131klar\u0131n\u0131, bunun di\u011fer petrol \u00fcreticisi \u00fclkelere \u00f6rnek olmas\u0131ndan nas\u0131l \u00fcrkt\u00fcklerini, \u0130ran i\u00e7indeki geni\u015f i\u015fbirli\u011fi a\u011flar\u0131n\u0131 belgelerin dilinden g\u00f6zler \u00f6n\u00fcne seriyor. Sadece d\u00fcn\u00fcn de\u011fil g\u00fcn\u00fcm\u00fcz\u00fcn uluslararas\u0131 ili\u015fkileri a\u00e7\u0131s\u0131ndan da ayd\u0131nlat\u0131c\u0131 bir eser&#8230; <\/p>\n","protected":false},"excerpt":{"rendered":"<p>\u201c\u00c7a\u011fda\u015f d\u00fcnyay\u0131 anlamak konusunda \u00e7ok b\u00fcy\u00fck bir katk\u0131.\u201d Noam Chomsky Tam yetmi\u015f y\u0131l \u00f6nce, 1953\u2019te \u0130ran\u2019da Ba\u015fbakan Musadd\u0131k\u2019\u0131n se\u00e7ilmi\u015f h\u00fck\u00fcmetine kar\u015f\u0131 ger\u00e7ekle\u015ftirilen CIA darbesi, hem \u0130ran\u2019\u0131n<span class=\"excerpt-hellip\"> [\u2026]<\/span><\/p>\n","protected":false},"featured_media":0,"template":"","meta":{"_monsterinsights_skip_tracking":false,"_monsterinsights_sitenote_active":false,"_monsterinsights_sitenote_note":"","_monsterinsights_sitenote_category":0},"product_brand":[],"product_cat":[12370,12304],"product_tag":[],"class_list":{"0":"post-754626","1":"product","2":"type-product","3":"status-publish","5":"product_cat-arastirma-inceleme","6":"product_cat-tarih","7":"pa_cilt-ciltsiz","8":"pa_tur-kitap","9":"pa_yayinevi-is-bankasi-kultur-yayinlari","10":"pa_yazar-ervand-abrahamian","12":"first","13":"instock","14":"sale","15":"shipping-taxable","16":"purchasable","17":"product-type-simple"},"_links":{"self":[{"href":"https:\/\/roveyayinevi.com.tr\/index.php\/wp-json\/wp\/v2\/product\/754626","targetHints":{"allow":["GET"]}}],"collection":[{"href":"https:\/\/roveyayinevi.com.tr\/index.php\/wp-json\/wp\/v2\/product"}],"about":[{"href":"https:\/\/roveyayinevi.com.tr\/index.php\/wp-json\/wp\/v2\/types\/product"}],"wp:attachment":[{"href":"https:\/\/roveyayinevi.com.tr\/index.php\/wp-json\/wp\/v2\/media?parent=754626"}],"wp:term":[{"taxonomy":"product_brand","embeddable":true,"href":"https:\/\/roveyayinevi.com.tr\/index.php\/wp-json\/wp\/v2\/product_brand?post=754626"},{"taxonomy":"product_cat","embeddable":true,"href":"https:\/\/roveyayinevi.com.tr\/index.php\/wp-json\/wp\/v2\/product_cat?post=754626"},{"taxonomy":"product_tag","embeddable":true,"href":"https:\/\/roveyayinevi.com.tr\/index.php\/wp-json\/wp\/v2\/product_tag?post=754626"}],"curies":[{"name":"wp","href":"https:\/\/api.w.org\/{rel}","templated":true}]}}