{"id":754625,"date":"2025-08-28T06:16:21","date_gmt":"2025-08-28T03:16:21","guid":{"rendered":"https:\/\/roveyayinevi.com.tr\/index.php\/urun\/disi-domuz\/"},"modified":"2026-04-11T03:16:20","modified_gmt":"2026-04-11T00:16:20","slug":"disi-domuz","status":"publish","type":"product","link":"https:\/\/roveyayinevi.com.tr\/index.php\/urun\/disi-domuz\/","title":{"rendered":"Di\u015fi Domuz"},"content":{"rendered":"<p>Hay\u0131r, her masal mutlu sonla bitmez; g\u00fczel k\u0131zlar her defas\u0131nda yak\u0131\u015f\u0131kl\u0131 prenslerle evlenip sonsuza dek mutlu ya\u015famazlar. Baz\u0131 masallar derinlere g\u00f6m\u00fclm\u00fc\u015f d\u00fcrt\u00fclerin ve a\u015f\u0131r\u0131l\u0131klar\u0131n cazibesine kap\u0131lm\u0131\u015f laftan anlamaz ruhlar\u0131, \u015fehveti, yalan\u0131, a\u00e7g\u00f6zl\u00fcl\u00fc\u011f\u00fc; bir insan\u0131 insanl\u0131ktan \u00e7\u0131karabilecek her ne varsa onu anlat\u0131r.   Al\u0131ml\u0131 m\u0131 al\u0131ml\u0131 safdil bir gen\u00e7 kad\u0131n, kuytularda gizlenmi\u015f tutkular\u0131n, t\u0131k\u0131n\u0131rcas\u0131na yenen yemeklerin, bitimsiz bedensel hazlar\u0131n s\u0131n\u0131rlar\u0131nda gezinmeye karar verir, ta ki g\u00fcn\u00fcn birinde k\u0131vr\u0131k kuyru\u011fu, etli yanaklar\u0131, t\u00fcm v\u00fccudunu kaplayan k\u0131llar\u0131yla besili bir di\u015fi domuza d\u00f6n\u00fc\u015fene dek&#8230; S\u00f6m\u00fcr\u00fclmeye g\u00f6z yumduk\u00e7a bedeni ve ruhu tahribata u\u011frayan bu kad\u0131n\u0131n \u00f6n\u00fcnde art\u0131k iki yol vard\u0131r: Bu gidi\u015fe bir dur deyip h\u00e2l\u00e2 varolan kad\u0131nl\u0131\u011f\u0131na, d\u00f6ng\u00fclerine ve i\u00e7g\u00fcd\u00fclerine mi kulak verecek, yoksa nefesini kesen arzular\u0131n pe\u015finde benli\u011fini mi yitirecektir?   T\u00fckenmenin alegorisini kurgulayan Marie Darrieussecq&#8217;ten toplumsal cinsiyet rollerine, yozla\u015fm\u0131\u015f kad\u0131n erkek ili\u015fkilerine ve gen\u00e7 bir kad\u0131n\u0131n varolu\u015f m\u00fccadelesine dair t\u00fcm d\u00fcnyada 40&#8217;tan fazla dile \u00e7evrilen klasikle\u015fmi\u015f ve \u00e7arp\u0131c\u0131 bir metamorfoz hik\u00e2yesi&#8230; <\/p>\n","protected":false},"excerpt":{"rendered":"<p>Hay\u0131r, her masal mutlu sonla bitmez; g\u00fczel k\u0131zlar her defas\u0131nda yak\u0131\u015f\u0131kl\u0131 prenslerle evlenip sonsuza dek mutlu ya\u015famazlar. Baz\u0131 masallar derinlere g\u00f6m\u00fclm\u00fc\u015f d\u00fcrt\u00fclerin ve a\u015f\u0131r\u0131l\u0131klar\u0131n cazibesine kap\u0131lm\u0131\u015f<span class=\"excerpt-hellip\"> [\u2026]<\/span><\/p>\n","protected":false},"featured_media":0,"template":"","meta":{"_monsterinsights_skip_tracking":false,"_monsterinsights_sitenote_active":false,"_monsterinsights_sitenote_note":"","_monsterinsights_sitenote_category":0},"product_brand":[],"product_cat":[12291,12711],"product_tag":[],"class_list":{"0":"post-754625","1":"product","2":"type-product","3":"status-publish","5":"product_cat-edebiyat","6":"product_cat-roman-oyku","7":"pa_cilt-ciltsiz","8":"pa_tur-kitap","9":"pa_yayinevi-sel-yayincilik","10":"pa_yazar-marie-darrieussecq","12":"first","13":"instock","14":"sale","15":"shipping-taxable","16":"purchasable","17":"product-type-simple"},"_links":{"self":[{"href":"https:\/\/roveyayinevi.com.tr\/index.php\/wp-json\/wp\/v2\/product\/754625","targetHints":{"allow":["GET"]}}],"collection":[{"href":"https:\/\/roveyayinevi.com.tr\/index.php\/wp-json\/wp\/v2\/product"}],"about":[{"href":"https:\/\/roveyayinevi.com.tr\/index.php\/wp-json\/wp\/v2\/types\/product"}],"wp:attachment":[{"href":"https:\/\/roveyayinevi.com.tr\/index.php\/wp-json\/wp\/v2\/media?parent=754625"}],"wp:term":[{"taxonomy":"product_brand","embeddable":true,"href":"https:\/\/roveyayinevi.com.tr\/index.php\/wp-json\/wp\/v2\/product_brand?post=754625"},{"taxonomy":"product_cat","embeddable":true,"href":"https:\/\/roveyayinevi.com.tr\/index.php\/wp-json\/wp\/v2\/product_cat?post=754625"},{"taxonomy":"product_tag","embeddable":true,"href":"https:\/\/roveyayinevi.com.tr\/index.php\/wp-json\/wp\/v2\/product_tag?post=754625"}],"curies":[{"name":"wp","href":"https:\/\/api.w.org\/{rel}","templated":true}]}}