{"id":754620,"date":"2025-08-28T06:16:12","date_gmt":"2025-08-28T03:16:12","guid":{"rendered":"https:\/\/roveyayinevi.com.tr\/index.php\/urun\/ailenin-super-kahraman-oldugunu-nasil-anlarsin-pembe-yanak-ailesi\/"},"modified":"2026-04-16T03:07:54","modified_gmt":"2026-04-16T00:07:54","slug":"ailenin-super-kahraman-oldugunu-nasil-anlarsin-pembe-yanak-ailesi","status":"publish","type":"product","link":"https:\/\/roveyayinevi.com.tr\/index.php\/urun\/ailenin-super-kahraman-oldugunu-nasil-anlarsin-pembe-yanak-ailesi\/","title":{"rendered":"Ailenin S\u00fcper Kahraman Oldu\u011funu Nas\u0131l Anlars\u0131n? Pembe Yanak Ailesi"},"content":{"rendered":"<p>Pembe Yanak ailesi i\u00e7in s\u00fcper g\u00fc\u00e7lerini kullanma zaman\u0131 geldi. B\u00fct\u00fcn aile, temiz bir \u00e7evre ve mutlu bir do\u011fal ya\u015fam i\u00e7in harekete ge\u00e7iyor. Bir ka\u015f\u0131k pekmez i\u00e7ip ellerini ba\u015flar\u0131n\u0131n \u00fczerine kald\u0131r\u0131yor, etraflar\u0131nda bir kez d\u00f6n\u00fcyorlar. \u0130\u015fte, kar\u015f\u0131n\u0131zda pelerinsiz s\u00fcper kahramanlar! Macera ba\u015fl\u0131yor!<\/p>\n","protected":false},"excerpt":{"rendered":"<p>Pembe Yanak ailesi i\u00e7in s\u00fcper g\u00fc\u00e7lerini kullanma zaman\u0131 geldi. B\u00fct\u00fcn aile, temiz bir \u00e7evre ve mutlu bir do\u011fal ya\u015fam i\u00e7in harekete ge\u00e7iyor. Bir ka\u015f\u0131k pekmez i\u00e7ip<span class=\"excerpt-hellip\"> [\u2026]<\/span><\/p>\n","protected":false},"featured_media":0,"template":"","meta":{"_monsterinsights_skip_tracking":false,"_monsterinsights_sitenote_active":false,"_monsterinsights_sitenote_note":"","_monsterinsights_sitenote_category":0},"product_brand":[],"product_cat":[12274,12284],"product_tag":[],"class_list":{"0":"post-754620","1":"product","2":"type-product","3":"status-publish","5":"product_cat-cocuk-ve-genclik-kitaplari","6":"product_cat-hikayeler","7":"pa_cilt-ciltsiz","8":"pa_tur-kitap","9":"pa_yayinevi-turkuvaz-kitap","10":"pa_yazar-mustafa-yogurtcu","12":"first","13":"instock","14":"sale","15":"shipping-taxable","16":"purchasable","17":"product-type-simple"},"_links":{"self":[{"href":"https:\/\/roveyayinevi.com.tr\/index.php\/wp-json\/wp\/v2\/product\/754620","targetHints":{"allow":["GET"]}}],"collection":[{"href":"https:\/\/roveyayinevi.com.tr\/index.php\/wp-json\/wp\/v2\/product"}],"about":[{"href":"https:\/\/roveyayinevi.com.tr\/index.php\/wp-json\/wp\/v2\/types\/product"}],"wp:attachment":[{"href":"https:\/\/roveyayinevi.com.tr\/index.php\/wp-json\/wp\/v2\/media?parent=754620"}],"wp:term":[{"taxonomy":"product_brand","embeddable":true,"href":"https:\/\/roveyayinevi.com.tr\/index.php\/wp-json\/wp\/v2\/product_brand?post=754620"},{"taxonomy":"product_cat","embeddable":true,"href":"https:\/\/roveyayinevi.com.tr\/index.php\/wp-json\/wp\/v2\/product_cat?post=754620"},{"taxonomy":"product_tag","embeddable":true,"href":"https:\/\/roveyayinevi.com.tr\/index.php\/wp-json\/wp\/v2\/product_tag?post=754620"}],"curies":[{"name":"wp","href":"https:\/\/api.w.org\/{rel}","templated":true}]}}