{"id":754617,"date":"2025-08-28T06:16:07","date_gmt":"2025-08-28T03:16:07","guid":{"rendered":"https:\/\/roveyayinevi.com.tr\/index.php\/urun\/gecenin-cobanlari\/"},"modified":"2026-04-16T03:07:54","modified_gmt":"2026-04-16T00:07:54","slug":"gecenin-cobanlari","status":"publish","type":"product","link":"https:\/\/roveyayinevi.com.tr\/index.php\/urun\/gecenin-cobanlari\/","title":{"rendered":"Gecenin \u00c7obanlar\u0131"},"content":{"rendered":"<p>&#8220;S\u0131n\u0131rs\u0131z otla\u011f\u0131m\u0131zda susuzlu\u011fu ve a\u00e7l\u0131\u011f\u0131, yalvar\u0131\u015flarla h\u0131\u00e7k\u0131r\u0131klar\u0131, ac\u0131lar\u0131n tortusunu ve umudun goncalar\u0131n\u0131, a\u015fk \u00e7\u0131\u011fl\u0131klar\u0131n\u0131 ve ac\u0131 \u00e7ekenlerin anla\u015f\u0131lmaz s\u00f6zlerini dev\u015firerek ilerliyoruz ve bunlardan kan rengi bir demet yap\u0131yoruz gecenin kara mantosunu s\u00fcslemek i\u00e7in&#8230;&#8221;   Evlatlar\u0131n\u0131n kursa\u011f\u0131ndan bir lokma ge\u00e7irebilmek i\u00e7in \u00e7\u0131rp\u0131nan emek\u00e7i s\u0131n\u0131flar\u0131n, kumarbaz haydutlar\u0131n, fahi\u015felerin, alkoliklerin, basiretsizlerin ve ermi\u015flerin Bahia&#8217;da g\u00fcr\u00fcl g\u00fcr\u00fcl akan hayatlar\u0131n\u0131n kadim Kandomble dininin co\u015fkulu rit\u00fcelleriyle ve her \u015feyden \u00f6nce bir arada ayakta kalabilmek i\u00e7in dayan\u0131\u015fmayla \u00f6r\u00fcl\u00fc trajikomik hik\u00e2yesi, Brezilya&#8217;n\u0131n t\u00fcm renklerini ve seslerini sak\u0131nmas\u0131zca sat\u0131rlara ta\u015f\u0131yan Jorge Amado&#8217;nun kaleminden pikaresk bir c\u00fcmb\u00fc\u015fe d\u00f6n\u00fc\u015f\u00fcyor.   Gecenin \u00c7obanlar\u0131, \u015feytanlar\u0131na pabucunu ters giydirecek kadar kurnaz, kan karde\u015fleri i\u00e7in tanr\u0131lar\u0131na ba\u015fkald\u0131racak denli g\u00f6z\u00fcpek, c\u00f6mert ve naml\u0131 Bahia kad\u0131nlar\u0131na sevdal\u0131 ba\u015flar\u0131n\u0131 \u00f6nlerine kat\u0131p her \u015feyden vazge\u00e7meyi g\u00f6ze almas\u0131n\u0131 bilen tutkulu insanlar\u0131n al\u0131nterinden s\u00fcz\u00fclen modernist bir ba\u015fyap\u0131t&#8230; <\/p>\n","protected":false},"excerpt":{"rendered":"<p>&#8220;S\u0131n\u0131rs\u0131z otla\u011f\u0131m\u0131zda susuzlu\u011fu ve a\u00e7l\u0131\u011f\u0131, yalvar\u0131\u015flarla h\u0131\u00e7k\u0131r\u0131klar\u0131, ac\u0131lar\u0131n tortusunu ve umudun goncalar\u0131n\u0131, a\u015fk \u00e7\u0131\u011fl\u0131klar\u0131n\u0131 ve ac\u0131 \u00e7ekenlerin anla\u015f\u0131lmaz s\u00f6zlerini dev\u015firerek ilerliyoruz ve bunlardan kan rengi bir<span class=\"excerpt-hellip\"> [\u2026]<\/span><\/p>\n","protected":false},"featured_media":0,"template":"","meta":{"_monsterinsights_skip_tracking":false,"_monsterinsights_sitenote_active":false,"_monsterinsights_sitenote_note":"","_monsterinsights_sitenote_category":0},"product_brand":[],"product_cat":[12291,12711],"product_tag":[],"class_list":{"0":"post-754617","1":"product","2":"type-product","3":"status-publish","5":"product_cat-edebiyat","6":"product_cat-roman-oyku","7":"pa_cilt-ciltsiz","8":"pa_tur-kitap","9":"pa_yayinevi-sel-yayincilik","10":"pa_yazar-jorge-amado","12":"first","13":"instock","14":"sale","15":"shipping-taxable","16":"purchasable","17":"product-type-simple"},"_links":{"self":[{"href":"https:\/\/roveyayinevi.com.tr\/index.php\/wp-json\/wp\/v2\/product\/754617","targetHints":{"allow":["GET"]}}],"collection":[{"href":"https:\/\/roveyayinevi.com.tr\/index.php\/wp-json\/wp\/v2\/product"}],"about":[{"href":"https:\/\/roveyayinevi.com.tr\/index.php\/wp-json\/wp\/v2\/types\/product"}],"wp:attachment":[{"href":"https:\/\/roveyayinevi.com.tr\/index.php\/wp-json\/wp\/v2\/media?parent=754617"}],"wp:term":[{"taxonomy":"product_brand","embeddable":true,"href":"https:\/\/roveyayinevi.com.tr\/index.php\/wp-json\/wp\/v2\/product_brand?post=754617"},{"taxonomy":"product_cat","embeddable":true,"href":"https:\/\/roveyayinevi.com.tr\/index.php\/wp-json\/wp\/v2\/product_cat?post=754617"},{"taxonomy":"product_tag","embeddable":true,"href":"https:\/\/roveyayinevi.com.tr\/index.php\/wp-json\/wp\/v2\/product_tag?post=754617"}],"curies":[{"name":"wp","href":"https:\/\/api.w.org\/{rel}","templated":true}]}}